{"id":2427,"date":"2020-05-17T16:36:59","date_gmt":"2020-05-17T21:36:59","guid":{"rendered":"https:\/\/cursoslazostv.com\/?page_id=2427"},"modified":"2020-05-17T16:36:59","modified_gmt":"2020-05-17T21:36:59","slug":"pago-en-proceso","status":"publish","type":"page","link":"https:\/\/cursoslazostv.com\/index.php\/pago-en-proceso\/","title":{"rendered":"Pago en Proceso"},"content":{"rendered":"<p><center><div class=\"su-box su-box-style-default\" id=\"\" style=\"border-color:#be2a00;border-radius:3px;\"><div class=\"su-box-title\" style=\"background-color:#F15D03;color:#FFFFFF;border-top-left-radius:1px;border-top-right-radius:1px\"><\/p>\n<h1>\u26a0\ufe0f<\/h1>\n<h2>Pago en Proceso<\/h2>\n<p><\/div><div class=\"su-box-content su-u-clearfix su-u-trim\" style=\"border-bottom-left-radius:1px;border-bottom-right-radius:1px\">\n<h5>Tu pago requiere un proceso de validaci\u00f3n entre los bancos. Una vez se haya procesado el sistema autom\u00e1ticamente te env\u00eda toda la informaci\u00f3n de acceso a tu correo o una confirmaci\u00f3n del rechazo de la transacci\u00f3n.<\/h5>\n<p><em>Dios te pague por tu aporte, con \u00e9l est\u00e1s ayudando a nuestra labor de evangelizaci\u00f3n a trav\u00e9s de los medios de comunicaci\u00f3n.<\/em><\/p>\n<p><strong>Revisa tu correo, si tienes alguna inquietud <a href=\"http:\/\/wa.me\/573004011900\">escr\u00edbenos<\/a><br \/>\na trav\u00e9s del WhatsApp (+57)3004011900.<\/strong><\/p>\n<a href=\"https:\/\/cursoslazostv.com\/index.php\/shop\/\" class=\"su-button su-button-style-3d\" style=\"color:#FFFFFF;background-color:#00b5ca;border-color:#0091a2;border-radius:11px\" target=\"_self\"><span style=\"color:#FFFFFF;padding:9px 28px;font-size:21px;line-height:32px;border-color:#4dccda;border-radius:11px;text-shadow:none\"><i class=\"sui sui-user\" style=\"font-size:21px;color:#FFFFFF\"><\/i> Volver a la Tienda<\/span><\/a>\n<\/div><\/div><\/center><\/p>\n","protected":false},"excerpt":{"rendered":"","protected":false},"author":1,"featured_media":0,"parent":0,"menu_order":0,"comment_status":"closed","ping_status":"closed","template":"","meta":{"footnotes":""},"class_list":["post-2427","page","type-page","status-publish","hentry"],"_links":{"self":[{"href":"https:\/\/cursoslazostv.com\/index.php\/wp-json\/wp\/v2\/pages\/2427","targetHints":{"allow":["GET"]}}],"collection":[{"href":"https:\/\/cursoslazostv.com\/index.php\/wp-json\/wp\/v2\/pages"}],"about":[{"href":"https:\/\/cursoslazostv.com\/index.php\/wp-json\/wp\/v2\/types\/page"}],"author":[{"embeddable":true,"href":"https:\/\/cursoslazostv.com\/index.php\/wp-json\/wp\/v2\/users\/1"}],"replies":[{"embeddable":true,"href":"https:\/\/cursoslazostv.com\/index.php\/wp-json\/wp\/v2\/comments?post=2427"}],"version-history":[{"count":1,"href":"https:\/\/cursoslazostv.com\/index.php\/wp-json\/wp\/v2\/pages\/2427\/revisions"}],"predecessor-version":[{"id":2429,"href":"https:\/\/cursoslazostv.com\/index.php\/wp-json\/wp\/v2\/pages\/2427\/revisions\/2429"}],"wp:attachment":[{"href":"https:\/\/cursoslazostv.com\/index.php\/wp-json\/wp\/v2\/media?parent=2427"}],"curies":[{"name":"wp","href":"https:\/\/api.w.org\/{rel}","templated":true}]}}