{"id":7179,"date":"2023-05-10T08:12:14","date_gmt":"2023-05-10T13:12:14","guid":{"rendered":"https:\/\/cursoslazostv.com\/?page_id=7179"},"modified":"2025-10-02T11:23:21","modified_gmt":"2025-10-02T16:23:21","slug":"ccjg","status":"publish","type":"page","link":"https:\/\/cursoslazostv.com\/index.php\/ccjg\/","title":{"rendered":"DESCARGAR (Ref.#CCJG)"},"content":{"rendered":"<p><center><img decoding=\"async\" src=\"https:\/\/gallery.mailchimp.com\/1be5b669f4bf531518406cd8a\/images\/3992ea63-7713-4727-8571-7d8e083f9be7.gif\"><\/p>\n<h3>\u00a1\u00a1\u00a1GRACIAS POR TU COMPRA!!!<\/h3>\n<p><\/center><\/p>\n<div class=\"su-note\"  style=\"border-color:#009bb0;border-radius:3px;-moz-border-radius:3px;-webkit-border-radius:3px;\"><div class=\"su-note-inner su-u-clearfix su-u-trim\" style=\"background-color:#00b5ca;border-color:#ccffff;color:#ffffff;border-radius:3px;-moz-border-radius:3px;-webkit-border-radius:3px;\"><center><strong>\u26a0\ufe0f AVISO DE PRIVACIDAD \u26a0\ufe0f<\/strong><br \/>\nCon tu donaci\u00f3n est\u00e1s aportando a que el trabajo de evangelizaci\u00f3n que realizamos contin\u00fae. El libro que acabas de comprar es personal, as\u00ed que en virtud de la honestidad, te pedimos que lo conserves y no la compartas, de esta manera podr\u00edamos garantizar la realizaci\u00f3n de futuras producciones.<\/br><strong>Gracias por tu comprensi\u00f3n.<\/strong><\/center><\/div><\/div>\n<p><center><br \/>\n<img decoding=\"async\" src=\"https:\/\/cursoslazostv.com\/wp-content\/uploads\/2024\/06\/Portada-C-Medio-Oficio.png\" \/><br \/>\n<em>(Recuerda que este archivo est\u00e1 en continua actualizaci\u00f3n)<\/em><br \/>\n<strong><em>Versi\u00f3n 5 Actualizado 28\/08\/2024<\/em><\/strong><br \/>\n<a href=\"https:\/\/cursoslazostv.com\/wp-content\/uploads\/2024\/08\/C-LAM-Medio-Oficio-V5-Actualizacion-28-08-2024.pdf\" class=\"su-button su-button-style-3d\" style=\"color:#FFFFFF;background-color:#00b5ca;border-color:#0091a2;border-radius:22px\" target=\"_blank\" rel=\"noopener noreferrer\"><span style=\"color:#FFFFFF;padding:14px 50px;font-size:35px;line-height:53px;border-color:#4dccda;border-radius:22px;text-shadow:none\"><i class=\"sui sui-download\" style=\"font-size:35px;color:#FFFFFF\"><\/i> DESCARGAR<\/span><\/a>\n<\/br><br \/>\n<strong><em>Folleto Canciones para la Santa Misa<\/em><\/strong><br \/>\n<em>Versi\u00f3n 1 Actualizado 01\/02\/2023<\/em><br \/>\n<a href=\"https:\/\/cursoslazostv.com\/wp-content\/uploads\/2024\/06\/02.-CLAM-Para-MISA.pdf\" class=\"su-button su-button-style-3d\" style=\"color:#FFFFFF;background-color:#00b5ca;border-color:#0091a2;border-radius:22px\" target=\"_blank\" rel=\"noopener noreferrer\"><span style=\"color:#FFFFFF;padding:14px 50px;font-size:35px;line-height:53px;border-color:#4dccda;border-radius:22px;text-shadow:none\"><i class=\"sui sui-download\" style=\"font-size:35px;color:#FFFFFF\"><\/i> DESCARGAR<\/span><\/a><\/center><br \/>\n.<br \/>\n<strong>Queremos nutrir muy bien este c a n c i o n e r o, comun\u00edcate con nosotros y d\u00e9janos tus aportes y sugerencias. WhatsApp <a href=\"https:\/\/wa.me\/573004011900\" rel=\"noopener noreferrer\" target=\"_blank\">+57 3004011900<\/a> (Colombia)<\/strong><br \/>\n<\/center><br \/>\n.<br \/>\n<center><a href=\"https:\/\/websim.ai\/@stricttide1601145\/transpositor-de-notas-musicales\/6\" class=\"su-button su-button-style-3d\" style=\"color:#FFFFFF;background-color:#00b5ca;border-color:#0091a2;border-radius:12px\" target=\"_blank\" rel=\"noopener noreferrer\"><span style=\"color:#FFFFFF;padding:9px 30px;font-size:22px;line-height:33px;border-color:#4dccda;border-radius:12px;text-shadow:none\"><i class=\"sui sui-music\" style=\"font-size:22px;color:#FFFFFF\"><\/i> TRANSPORTADOR DE ACORDES<\/span><\/a><\/center><br \/>\n<iframe loading=\"lazy\" src=\"https:\/\/websim.ai\/@stricttide1601145\/transpositor-de-notas-musicales\/6\" width=\"100%\" height=\"600\" frameborder=\"0\" scrolling=\"auto\"><\/iframe><br \/>\n.<br \/>\n<div class=\"su-divider su-divider-style-default\" style=\"margin:15px 0;border-width:3px;border-color:#999999\"><a href=\"#\" style=\"color:#999999\">Ir arriba<\/a><\/div>\n<strong>ACCEDE A NUESTROS CURSOS DE FORMACI\u00d3N:<\/strong><br \/>\n<div class=\"su-image-carousel  su-image-carousel-columns-4 su-image-carousel-has-spacing su-image-carousel-has-outline su-image-carousel-adaptive su-image-carousel-slides-style-minimal su-image-carousel-controls-style-light su-image-carousel-align-center\" style=\"\" data-flickity-options='{\"groupCells\":true,\"cellSelector\":\".su-image-carousel-item\",\"adaptiveHeight\":true,\"cellAlign\":\"left\",\"prevNextButtons\":true,\"pageDots\":false,\"autoPlay\":4000,\"imagesLoaded\":true,\"contain\":false,\"selectedAttraction\":0.025,\"friction\":0.28}' id=\"su_image_carousel_69f3012115d96\"><div class=\"su-image-carousel-item\"><div class=\"su-image-carousel-item-content\"><a href=\"https:\/\/cursoslazostv.com\/index.php\/product\/curso-virtual-como-proteger-la-familia-contra-los-ataques-del-demonio\/\" target=\"_blank\" rel=\"noopener noreferrer\" data-caption=\"\"><img loading=\"lazy\" decoding=\"async\" width=\"1596\" height=\"1593\" src=\"https:\/\/cursoslazostv.com\/wp-content\/uploads\/2022\/05\/SAPIENCIA.png\" class=\"\" alt=\"\" srcset=\"https:\/\/cursoslazostv.com\/wp-content\/uploads\/2022\/05\/SAPIENCIA.png 1596w, https:\/\/cursoslazostv.com\/wp-content\/uploads\/2022\/05\/SAPIENCIA-300x300.png 300w, https:\/\/cursoslazostv.com\/wp-content\/uploads\/2022\/05\/SAPIENCIA-1024x1022.png 1024w, https:\/\/cursoslazostv.com\/wp-content\/uploads\/2022\/05\/SAPIENCIA-150x150.png 150w, https:\/\/cursoslazostv.com\/wp-content\/uploads\/2022\/05\/SAPIENCIA-768x767.png 768w, https:\/\/cursoslazostv.com\/wp-content\/uploads\/2022\/05\/SAPIENCIA-1536x1533.png 1536w, https:\/\/cursoslazostv.com\/wp-content\/uploads\/2022\/05\/SAPIENCIA-460x460.png 460w, https:\/\/cursoslazostv.com\/wp-content\/uploads\/2022\/05\/SAPIENCIA-230x230.png 230w, https:\/\/cursoslazostv.com\/wp-content\/uploads\/2022\/05\/SAPIENCIA-600x599.png 600w, https:\/\/cursoslazostv.com\/wp-content\/uploads\/2022\/05\/SAPIENCIA-160x160.png 160w\" sizes=\"auto, (max-width: 1596px) 100vw, 1596px\" \/><\/a><\/div><\/div><div class=\"su-image-carousel-item\"><div class=\"su-image-carousel-item-content\"><a href=\"https:\/\/cursoslazostv.com\/index.php\/product\/taller-virtual-para-padres-aprende-a-proteger-a-tus-hijos\/\" target=\"_blank\" rel=\"noopener noreferrer\" data-caption=\"\"><img loading=\"lazy\" decoding=\"async\" width=\"1000\" height=\"1000\" src=\"https:\/\/cursoslazostv.com\/wp-content\/uploads\/2023\/06\/pmi.png\" class=\"\" alt=\"\" srcset=\"https:\/\/cursoslazostv.com\/wp-content\/uploads\/2023\/06\/pmi.png 1000w, https:\/\/cursoslazostv.com\/wp-content\/uploads\/2023\/06\/pmi-300x300.png 300w, https:\/\/cursoslazostv.com\/wp-content\/uploads\/2023\/06\/pmi-150x150.png 150w, https:\/\/cursoslazostv.com\/wp-content\/uploads\/2023\/06\/pmi-768x768.png 768w, https:\/\/cursoslazostv.com\/wp-content\/uploads\/2023\/06\/pmi-460x460.png 460w, https:\/\/cursoslazostv.com\/wp-content\/uploads\/2023\/06\/pmi-230x230.png 230w, https:\/\/cursoslazostv.com\/wp-content\/uploads\/2023\/06\/pmi-600x600.png 600w, https:\/\/cursoslazostv.com\/wp-content\/uploads\/2023\/06\/pmi-160x160.png 160w\" sizes=\"auto, (max-width: 1000px) 100vw, 1000px\" \/><\/a><\/div><\/div><div class=\"su-image-carousel-item\"><div class=\"su-image-carousel-item-content\"><a href=\"https:\/\/cursoslazostv.com\/index.php\/product\/teologia-del-cuerpo\/\" target=\"_blank\" rel=\"noopener noreferrer\" data-caption=\"\"><img loading=\"lazy\" decoding=\"async\" width=\"1000\" height=\"1000\" src=\"https:\/\/cursoslazostv.com\/wp-content\/uploads\/2024\/04\/Sin-titulo-1.png\" class=\"\" alt=\"\" srcset=\"https:\/\/cursoslazostv.com\/wp-content\/uploads\/2024\/04\/Sin-titulo-1.png 1000w, https:\/\/cursoslazostv.com\/wp-content\/uploads\/2024\/04\/Sin-titulo-1-300x300.png 300w, https:\/\/cursoslazostv.com\/wp-content\/uploads\/2024\/04\/Sin-titulo-1-150x150.png 150w, https:\/\/cursoslazostv.com\/wp-content\/uploads\/2024\/04\/Sin-titulo-1-768x768.png 768w, https:\/\/cursoslazostv.com\/wp-content\/uploads\/2024\/04\/Sin-titulo-1-460x460.png 460w, https:\/\/cursoslazostv.com\/wp-content\/uploads\/2024\/04\/Sin-titulo-1-230x230.png 230w, https:\/\/cursoslazostv.com\/wp-content\/uploads\/2024\/04\/Sin-titulo-1-600x600.png 600w, https:\/\/cursoslazostv.com\/wp-content\/uploads\/2024\/04\/Sin-titulo-1-160x160.png 160w\" sizes=\"auto, (max-width: 1000px) 100vw, 1000px\" \/><\/a><\/div><\/div><div class=\"su-image-carousel-item\"><div class=\"su-image-carousel-item-content\"><a href=\"https:\/\/cursoslazostv.com\/index.php\/product\/curso-virtual-mas-alla-de-la-tristeza\/\" target=\"_blank\" rel=\"noopener noreferrer\" data-caption=\"\"><img loading=\"lazy\" decoding=\"async\" width=\"1000\" height=\"1000\" src=\"https:\/\/cursoslazostv.com\/wp-content\/uploads\/2024\/03\/Sin-titulo-2-1.png\" class=\"\" alt=\"\" srcset=\"https:\/\/cursoslazostv.com\/wp-content\/uploads\/2024\/03\/Sin-titulo-2-1.png 1000w, https:\/\/cursoslazostv.com\/wp-content\/uploads\/2024\/03\/Sin-titulo-2-1-300x300.png 300w, https:\/\/cursoslazostv.com\/wp-content\/uploads\/2024\/03\/Sin-titulo-2-1-150x150.png 150w, https:\/\/cursoslazostv.com\/wp-content\/uploads\/2024\/03\/Sin-titulo-2-1-768x768.png 768w, https:\/\/cursoslazostv.com\/wp-content\/uploads\/2024\/03\/Sin-titulo-2-1-460x460.png 460w, https:\/\/cursoslazostv.com\/wp-content\/uploads\/2024\/03\/Sin-titulo-2-1-230x230.png 230w, https:\/\/cursoslazostv.com\/wp-content\/uploads\/2024\/03\/Sin-titulo-2-1-600x600.png 600w, https:\/\/cursoslazostv.com\/wp-content\/uploads\/2024\/03\/Sin-titulo-2-1-160x160.png 160w\" sizes=\"auto, (max-width: 1000px) 100vw, 1000px\" \/><\/a><\/div><\/div><div class=\"su-image-carousel-item\"><div class=\"su-image-carousel-item-content\"><a href=\"https:\/\/cursoslazostv.com\/index.php\/product\/1er-congreso-de-crianza-y-afectividad-essencial\/\" target=\"_blank\" rel=\"noopener noreferrer\" data-caption=\"\"><img loading=\"lazy\" decoding=\"async\" width=\"672\" height=\"752\" src=\"https:\/\/cursoslazostv.com\/wp-content\/uploads\/2024\/03\/Captura.png\" class=\"\" alt=\"\" srcset=\"https:\/\/cursoslazostv.com\/wp-content\/uploads\/2024\/03\/Captura.png 672w, https:\/\/cursoslazostv.com\/wp-content\/uploads\/2024\/03\/Captura-268x300.png 268w, https:\/\/cursoslazostv.com\/wp-content\/uploads\/2024\/03\/Captura-600x671.png 600w\" sizes=\"auto, (max-width: 672px) 100vw, 672px\" \/><\/a><\/div><\/div><div class=\"su-image-carousel-item\"><div class=\"su-image-carousel-item-content\"><a href=\"https:\/\/cursoslazostv.com\/index.php\/product\/2do-congreso-internacional-de-crianza-desafios-cotidianos-en-familia-essencial\/\" target=\"_blank\" rel=\"noopener noreferrer\" data-caption=\"\"><img loading=\"lazy\" decoding=\"async\" width=\"692\" height=\"671\" src=\"https:\/\/cursoslazostv.com\/wp-content\/uploads\/2024\/10\/Captura-de-pantalla-2024-10-28-143433.png\" class=\"\" alt=\"\" srcset=\"https:\/\/cursoslazostv.com\/wp-content\/uploads\/2024\/10\/Captura-de-pantalla-2024-10-28-143433.png 692w, https:\/\/cursoslazostv.com\/wp-content\/uploads\/2024\/10\/Captura-de-pantalla-2024-10-28-143433-300x291.png 300w, https:\/\/cursoslazostv.com\/wp-content\/uploads\/2024\/10\/Captura-de-pantalla-2024-10-28-143433-600x582.png 600w\" sizes=\"auto, (max-width: 692px) 100vw, 692px\" \/><\/a><\/div><\/div><div class=\"su-image-carousel-item\"><div class=\"su-image-carousel-item-content\"><a href=\"https:\/\/cursoslazostv.com\/index.php\/product\/curso-virtual-conociendo-la-biblia\/\" target=\"_blank\" rel=\"noopener noreferrer\" data-caption=\"\"><img loading=\"lazy\" decoding=\"async\" width=\"1080\" height=\"1080\" src=\"https:\/\/cursoslazostv.com\/wp-content\/uploads\/2019\/12\/BIBLIA-1.png\" class=\"\" alt=\"\" srcset=\"https:\/\/cursoslazostv.com\/wp-content\/uploads\/2019\/12\/BIBLIA-1.png 1080w, https:\/\/cursoslazostv.com\/wp-content\/uploads\/2019\/12\/BIBLIA-1-300x300.png 300w, https:\/\/cursoslazostv.com\/wp-content\/uploads\/2019\/12\/BIBLIA-1-1024x1024.png 1024w, https:\/\/cursoslazostv.com\/wp-content\/uploads\/2019\/12\/BIBLIA-1-150x150.png 150w, https:\/\/cursoslazostv.com\/wp-content\/uploads\/2019\/12\/BIBLIA-1-768x768.png 768w, https:\/\/cursoslazostv.com\/wp-content\/uploads\/2019\/12\/BIBLIA-1-460x460.png 460w, https:\/\/cursoslazostv.com\/wp-content\/uploads\/2019\/12\/BIBLIA-1-230x230.png 230w, https:\/\/cursoslazostv.com\/wp-content\/uploads\/2019\/12\/BIBLIA-1-600x600.png 600w, https:\/\/cursoslazostv.com\/wp-content\/uploads\/2019\/12\/BIBLIA-1-160x160.png 160w\" sizes=\"auto, (max-width: 1080px) 100vw, 1080px\" \/><\/a><\/div><\/div><div class=\"su-image-carousel-item\"><div class=\"su-image-carousel-item-content\"><a href=\"https:\/\/cursoslazostv.com\/index.php\/product\/curso-virtual-mariologia\/\" target=\"_blank\" rel=\"noopener noreferrer\" data-caption=\"\"><img loading=\"lazy\" decoding=\"async\" width=\"1080\" height=\"1080\" src=\"https:\/\/cursoslazostv.com\/wp-content\/uploads\/2019\/12\/MARIOLOGIA.png\" class=\"\" alt=\"\" srcset=\"https:\/\/cursoslazostv.com\/wp-content\/uploads\/2019\/12\/MARIOLOGIA.png 1080w, https:\/\/cursoslazostv.com\/wp-content\/uploads\/2019\/12\/MARIOLOGIA-300x300.png 300w, https:\/\/cursoslazostv.com\/wp-content\/uploads\/2019\/12\/MARIOLOGIA-1024x1024.png 1024w, https:\/\/cursoslazostv.com\/wp-content\/uploads\/2019\/12\/MARIOLOGIA-150x150.png 150w, https:\/\/cursoslazostv.com\/wp-content\/uploads\/2019\/12\/MARIOLOGIA-768x768.png 768w, https:\/\/cursoslazostv.com\/wp-content\/uploads\/2019\/12\/MARIOLOGIA-460x460.png 460w, https:\/\/cursoslazostv.com\/wp-content\/uploads\/2019\/12\/MARIOLOGIA-230x230.png 230w, https:\/\/cursoslazostv.com\/wp-content\/uploads\/2019\/12\/MARIOLOGIA-600x600.png 600w, https:\/\/cursoslazostv.com\/wp-content\/uploads\/2019\/12\/MARIOLOGIA-160x160.png 160w\" sizes=\"auto, (max-width: 1080px) 100vw, 1080px\" \/><\/a><\/div><\/div><div class=\"su-image-carousel-item\"><div class=\"su-image-carousel-item-content\"><a href=\"https:\/\/cursoslazostv.com\/index.php\/product\/curso-virtual-apologetica\/\" target=\"_blank\" rel=\"noopener noreferrer\" data-caption=\"\"><img loading=\"lazy\" decoding=\"async\" width=\"1080\" height=\"1080\" src=\"https:\/\/cursoslazostv.com\/wp-content\/uploads\/2019\/12\/APOLOGETICA.png\" class=\"\" alt=\"\" srcset=\"https:\/\/cursoslazostv.com\/wp-content\/uploads\/2019\/12\/APOLOGETICA.png 1080w, https:\/\/cursoslazostv.com\/wp-content\/uploads\/2019\/12\/APOLOGETICA-300x300.png 300w, https:\/\/cursoslazostv.com\/wp-content\/uploads\/2019\/12\/APOLOGETICA-1024x1024.png 1024w, https:\/\/cursoslazostv.com\/wp-content\/uploads\/2019\/12\/APOLOGETICA-150x150.png 150w, https:\/\/cursoslazostv.com\/wp-content\/uploads\/2019\/12\/APOLOGETICA-768x768.png 768w, https:\/\/cursoslazostv.com\/wp-content\/uploads\/2019\/12\/APOLOGETICA-460x460.png 460w, https:\/\/cursoslazostv.com\/wp-content\/uploads\/2019\/12\/APOLOGETICA-230x230.png 230w, https:\/\/cursoslazostv.com\/wp-content\/uploads\/2019\/12\/APOLOGETICA-600x600.png 600w, https:\/\/cursoslazostv.com\/wp-content\/uploads\/2019\/12\/APOLOGETICA-160x160.png 160w\" sizes=\"auto, (max-width: 1080px) 100vw, 1080px\" \/><\/a><\/div><\/div><div class=\"su-image-carousel-item\"><div class=\"su-image-carousel-item-content\"><a href=\"https:\/\/cursoslazostv.com\/index.php\/product\/curso-virtual-cristologia\/\" target=\"_blank\" rel=\"noopener noreferrer\" data-caption=\"\"><img loading=\"lazy\" decoding=\"async\" width=\"1080\" height=\"1080\" src=\"https:\/\/cursoslazostv.com\/wp-content\/uploads\/2019\/12\/CRISTOLOGIA.png\" class=\"\" alt=\"\" srcset=\"https:\/\/cursoslazostv.com\/wp-content\/uploads\/2019\/12\/CRISTOLOGIA.png 1080w, https:\/\/cursoslazostv.com\/wp-content\/uploads\/2019\/12\/CRISTOLOGIA-300x300.png 300w, https:\/\/cursoslazostv.com\/wp-content\/uploads\/2019\/12\/CRISTOLOGIA-1024x1024.png 1024w, https:\/\/cursoslazostv.com\/wp-content\/uploads\/2019\/12\/CRISTOLOGIA-150x150.png 150w, https:\/\/cursoslazostv.com\/wp-content\/uploads\/2019\/12\/CRISTOLOGIA-768x768.png 768w, https:\/\/cursoslazostv.com\/wp-content\/uploads\/2019\/12\/CRISTOLOGIA-460x460.png 460w, https:\/\/cursoslazostv.com\/wp-content\/uploads\/2019\/12\/CRISTOLOGIA-230x230.png 230w, https:\/\/cursoslazostv.com\/wp-content\/uploads\/2019\/12\/CRISTOLOGIA-600x600.png 600w, https:\/\/cursoslazostv.com\/wp-content\/uploads\/2019\/12\/CRISTOLOGIA-160x160.png 160w\" sizes=\"auto, (max-width: 1080px) 100vw, 1080px\" \/><\/a><\/div><\/div><div class=\"su-image-carousel-item\"><div class=\"su-image-carousel-item-content\"><a href=\"https:\/\/cursoslazostv.com\/index.php\/product\/curso-virtual-fundamentos-de-la-vida-espiritual\/\" target=\"_blank\" rel=\"noopener noreferrer\" data-caption=\"\"><img loading=\"lazy\" decoding=\"async\" width=\"1080\" height=\"1080\" src=\"https:\/\/cursoslazostv.com\/wp-content\/uploads\/2019\/12\/FUNDAMENTOS.png\" class=\"\" alt=\"\" srcset=\"https:\/\/cursoslazostv.com\/wp-content\/uploads\/2019\/12\/FUNDAMENTOS.png 1080w, https:\/\/cursoslazostv.com\/wp-content\/uploads\/2019\/12\/FUNDAMENTOS-300x300.png 300w, https:\/\/cursoslazostv.com\/wp-content\/uploads\/2019\/12\/FUNDAMENTOS-1024x1024.png 1024w, https:\/\/cursoslazostv.com\/wp-content\/uploads\/2019\/12\/FUNDAMENTOS-150x150.png 150w, https:\/\/cursoslazostv.com\/wp-content\/uploads\/2019\/12\/FUNDAMENTOS-768x768.png 768w, https:\/\/cursoslazostv.com\/wp-content\/uploads\/2019\/12\/FUNDAMENTOS-460x460.png 460w, https:\/\/cursoslazostv.com\/wp-content\/uploads\/2019\/12\/FUNDAMENTOS-230x230.png 230w, https:\/\/cursoslazostv.com\/wp-content\/uploads\/2019\/12\/FUNDAMENTOS-600x600.png 600w, https:\/\/cursoslazostv.com\/wp-content\/uploads\/2019\/12\/FUNDAMENTOS-160x160.png 160w\" sizes=\"auto, (max-width: 1080px) 100vw, 1080px\" \/><\/a><\/div><\/div><div class=\"su-image-carousel-item\"><div class=\"su-image-carousel-item-content\"><a href=\"https:\/\/cursoslazostv.com\/index.php\/product\/curso-virtual-noviazgo-y-matrimonio-en-dios\/\" target=\"_blank\" rel=\"noopener noreferrer\" data-caption=\"\"><img loading=\"lazy\" decoding=\"async\" width=\"1080\" height=\"1080\" src=\"https:\/\/cursoslazostv.com\/wp-content\/uploads\/2019\/12\/NOVIAZGO.png\" class=\"\" alt=\"\" srcset=\"https:\/\/cursoslazostv.com\/wp-content\/uploads\/2019\/12\/NOVIAZGO.png 1080w, https:\/\/cursoslazostv.com\/wp-content\/uploads\/2019\/12\/NOVIAZGO-300x300.png 300w, https:\/\/cursoslazostv.com\/wp-content\/uploads\/2019\/12\/NOVIAZGO-1024x1024.png 1024w, https:\/\/cursoslazostv.com\/wp-content\/uploads\/2019\/12\/NOVIAZGO-150x150.png 150w, https:\/\/cursoslazostv.com\/wp-content\/uploads\/2019\/12\/NOVIAZGO-768x768.png 768w, https:\/\/cursoslazostv.com\/wp-content\/uploads\/2019\/12\/NOVIAZGO-460x460.png 460w, https:\/\/cursoslazostv.com\/wp-content\/uploads\/2019\/12\/NOVIAZGO-230x230.png 230w, https:\/\/cursoslazostv.com\/wp-content\/uploads\/2019\/12\/NOVIAZGO-600x600.png 600w, https:\/\/cursoslazostv.com\/wp-content\/uploads\/2019\/12\/NOVIAZGO-160x160.png 160w\" sizes=\"auto, (max-width: 1080px) 100vw, 1080px\" \/><\/a><\/div><\/div><div class=\"su-image-carousel-item\"><div class=\"su-image-carousel-item-content\"><a href=\"https:\/\/cursoslazostv.com\/index.php\/product\/curso-virtual-predicacion\/\" target=\"_blank\" rel=\"noopener noreferrer\" data-caption=\"\"><img loading=\"lazy\" decoding=\"async\" width=\"1080\" height=\"1080\" src=\"https:\/\/cursoslazostv.com\/wp-content\/uploads\/2019\/12\/PREDICACION.png\" class=\"\" alt=\"\" srcset=\"https:\/\/cursoslazostv.com\/wp-content\/uploads\/2019\/12\/PREDICACION.png 1080w, https:\/\/cursoslazostv.com\/wp-content\/uploads\/2019\/12\/PREDICACION-300x300.png 300w, https:\/\/cursoslazostv.com\/wp-content\/uploads\/2019\/12\/PREDICACION-1024x1024.png 1024w, https:\/\/cursoslazostv.com\/wp-content\/uploads\/2019\/12\/PREDICACION-150x150.png 150w, https:\/\/cursoslazostv.com\/wp-content\/uploads\/2019\/12\/PREDICACION-768x768.png 768w, https:\/\/cursoslazostv.com\/wp-content\/uploads\/2019\/12\/PREDICACION-460x460.png 460w, https:\/\/cursoslazostv.com\/wp-content\/uploads\/2019\/12\/PREDICACION-230x230.png 230w, https:\/\/cursoslazostv.com\/wp-content\/uploads\/2019\/12\/PREDICACION-600x600.png 600w, https:\/\/cursoslazostv.com\/wp-content\/uploads\/2019\/12\/PREDICACION-160x160.png 160w\" sizes=\"auto, (max-width: 1080px) 100vw, 1080px\" \/><\/a><\/div><\/div><div class=\"su-image-carousel-item\"><div class=\"su-image-carousel-item-content\"><a href=\"https:\/\/cursoslazostv.com\/index.php\/product\/curso-virtual-sanacion-y-liberacion\/\" target=\"_blank\" rel=\"noopener noreferrer\" data-caption=\"\"><img loading=\"lazy\" decoding=\"async\" width=\"1080\" height=\"1080\" src=\"https:\/\/cursoslazostv.com\/wp-content\/uploads\/2022\/05\/SANACION.png\" class=\"\" alt=\"\" srcset=\"https:\/\/cursoslazostv.com\/wp-content\/uploads\/2022\/05\/SANACION.png 1080w, https:\/\/cursoslazostv.com\/wp-content\/uploads\/2022\/05\/SANACION-300x300.png 300w, https:\/\/cursoslazostv.com\/wp-content\/uploads\/2022\/05\/SANACION-1024x1024.png 1024w, https:\/\/cursoslazostv.com\/wp-content\/uploads\/2022\/05\/SANACION-150x150.png 150w, https:\/\/cursoslazostv.com\/wp-content\/uploads\/2022\/05\/SANACION-768x768.png 768w, https:\/\/cursoslazostv.com\/wp-content\/uploads\/2022\/05\/SANACION-460x460.png 460w, https:\/\/cursoslazostv.com\/wp-content\/uploads\/2022\/05\/SANACION-230x230.png 230w, https:\/\/cursoslazostv.com\/wp-content\/uploads\/2022\/05\/SANACION-600x600.png 600w, https:\/\/cursoslazostv.com\/wp-content\/uploads\/2022\/05\/SANACION-160x160.png 160w\" sizes=\"auto, (max-width: 1080px) 100vw, 1080px\" \/><\/a><\/div><\/div><\/div><script id=\"su_image_carousel_69f3012115d96_script\">if(window.SUImageCarousel){setTimeout(function() {window.SUImageCarousel.initGallery(document.getElementById(\"su_image_carousel_69f3012115d96\"))}, 0);}var su_image_carousel_69f3012115d96_script=document.getElementById(\"su_image_carousel_69f3012115d96_script\");if(su_image_carousel_69f3012115d96_script){su_image_carousel_69f3012115d96_script.parentNode.removeChild(su_image_carousel_69f3012115d96_script);}<\/script>\n.<\/p>\n","protected":false},"excerpt":{"rendered":"<p>\u00a1\u00a1\u00a1GRACIAS POR TU COMPRA!!! (Recuerda que este archivo est\u00e1 en continua actualizaci\u00f3n) Versi\u00f3n 5 Actualizado 28\/08\/2024 Folleto Canciones para la Santa Misa Versi\u00f3n 1 Actualizado 01\/02\/2023 . Queremos nutrir muy bien este c a n c i o n e r o, comun\u00edcate con nosotros y d\u00e9janos tus aportes y [&hellip;]<\/p>\n","protected":false},"author":1,"featured_media":0,"parent":0,"menu_order":0,"comment_status":"closed","ping_status":"closed","template":"","meta":{"footnotes":""},"class_list":["post-7179","page","type-page","status-publish","hentry"],"_links":{"self":[{"href":"https:\/\/cursoslazostv.com\/index.php\/wp-json\/wp\/v2\/pages\/7179","targetHints":{"allow":["GET"]}}],"collection":[{"href":"https:\/\/cursoslazostv.com\/index.php\/wp-json\/wp\/v2\/pages"}],"about":[{"href":"https:\/\/cursoslazostv.com\/index.php\/wp-json\/wp\/v2\/types\/page"}],"author":[{"embeddable":true,"href":"https:\/\/cursoslazostv.com\/index.php\/wp-json\/wp\/v2\/users\/1"}],"replies":[{"embeddable":true,"href":"https:\/\/cursoslazostv.com\/index.php\/wp-json\/wp\/v2\/comments?post=7179"}],"version-history":[{"count":77,"href":"https:\/\/cursoslazostv.com\/index.php\/wp-json\/wp\/v2\/pages\/7179\/revisions"}],"predecessor-version":[{"id":12221,"href":"https:\/\/cursoslazostv.com\/index.php\/wp-json\/wp\/v2\/pages\/7179\/revisions\/12221"}],"wp:attachment":[{"href":"https:\/\/cursoslazostv.com\/index.php\/wp-json\/wp\/v2\/media?parent=7179"}],"curies":[{"name":"wp","href":"https:\/\/api.w.org\/{rel}","templated":true}]}}