{"id":89,"date":"2019-06-10T22:19:47","date_gmt":"2019-06-10T22:19:47","guid":{"rendered":"https:\/\/cursoslazostv.com\/index.php\/my-account\/"},"modified":"2025-10-02T10:54:25","modified_gmt":"2025-10-02T15:54:25","slug":"my-account","status":"publish","type":"page","link":"https:\/\/cursoslazostv.com\/index.php\/my-account\/","title":{"rendered":"Mi Cuenta"},"content":{"rendered":"<center><strong>\u00bfQui\u00e9n como Dios? <em>\u00a1Nadie como Dios!<\/em><\/strong><center>\r\n<center>En el bot\u00f3n de <strong>Descargas<\/strong> encontrar\u00e1s el link de acceso a tus cursos y tus libros digitales.<center>\r\n<br>\r\n<div class=\"woocommerce\"><\/div>\n\r\n\r\n<div class=\"su-divider su-divider-style-default\" style=\"margin:15px 0;border-width:3px;border-color:#999999\"><a href=\"#\" style=\"color:#999999\">Ir arriba<\/a><\/div>\r\n<strong>ACCEDE A NUESTROS CURSOS DE FORMACI\u00d3N:<\/strong>\r\n<div class=\"su-image-carousel  su-image-carousel-columns-4 su-image-carousel-has-spacing su-image-carousel-has-outline su-image-carousel-adaptive su-image-carousel-slides-style-minimal su-image-carousel-controls-style-light su-image-carousel-align-center\" style=\"\" data-flickity-options='{\"groupCells\":true,\"cellSelector\":\".su-image-carousel-item\",\"adaptiveHeight\":true,\"cellAlign\":\"left\",\"prevNextButtons\":true,\"pageDots\":false,\"autoPlay\":4000,\"imagesLoaded\":true,\"contain\":false,\"selectedAttraction\":0.025,\"friction\":0.28}' id=\"su_image_carousel_69eb888644375\"><div class=\"su-image-carousel-item\"><div class=\"su-image-carousel-item-content\"><a href=\"https:\/\/cursoslazostv.com\/index.php\/product\/curso-virtual-como-proteger-la-familia-contra-los-ataques-del-demonio\/\" target=\"_blank\" rel=\"noopener noreferrer\" data-caption=\"\"><img loading=\"lazy\" decoding=\"async\" width=\"1596\" height=\"1593\" src=\"https:\/\/cursoslazostv.com\/wp-content\/uploads\/2022\/05\/SAPIENCIA.png\" class=\"\" alt=\"\" srcset=\"https:\/\/cursoslazostv.com\/wp-content\/uploads\/2022\/05\/SAPIENCIA.png 1596w, https:\/\/cursoslazostv.com\/wp-content\/uploads\/2022\/05\/SAPIENCIA-300x300.png 300w, https:\/\/cursoslazostv.com\/wp-content\/uploads\/2022\/05\/SAPIENCIA-1024x1022.png 1024w, https:\/\/cursoslazostv.com\/wp-content\/uploads\/2022\/05\/SAPIENCIA-150x150.png 150w, https:\/\/cursoslazostv.com\/wp-content\/uploads\/2022\/05\/SAPIENCIA-768x767.png 768w, https:\/\/cursoslazostv.com\/wp-content\/uploads\/2022\/05\/SAPIENCIA-1536x1533.png 1536w, https:\/\/cursoslazostv.com\/wp-content\/uploads\/2022\/05\/SAPIENCIA-460x460.png 460w, https:\/\/cursoslazostv.com\/wp-content\/uploads\/2022\/05\/SAPIENCIA-230x230.png 230w, https:\/\/cursoslazostv.com\/wp-content\/uploads\/2022\/05\/SAPIENCIA-600x599.png 600w, https:\/\/cursoslazostv.com\/wp-content\/uploads\/2022\/05\/SAPIENCIA-160x160.png 160w\" sizes=\"auto, (max-width: 1596px) 100vw, 1596px\" \/><\/a><\/div><\/div><div class=\"su-image-carousel-item\"><div class=\"su-image-carousel-item-content\"><a href=\"https:\/\/cursoslazostv.com\/index.php\/product\/taller-virtual-para-padres-aprende-a-proteger-a-tus-hijos\/\" target=\"_blank\" rel=\"noopener noreferrer\" data-caption=\"\"><img loading=\"lazy\" decoding=\"async\" width=\"1000\" height=\"1000\" src=\"https:\/\/cursoslazostv.com\/wp-content\/uploads\/2023\/06\/pmi.png\" class=\"\" alt=\"\" srcset=\"https:\/\/cursoslazostv.com\/wp-content\/uploads\/2023\/06\/pmi.png 1000w, https:\/\/cursoslazostv.com\/wp-content\/uploads\/2023\/06\/pmi-300x300.png 300w, https:\/\/cursoslazostv.com\/wp-content\/uploads\/2023\/06\/pmi-150x150.png 150w, https:\/\/cursoslazostv.com\/wp-content\/uploads\/2023\/06\/pmi-768x768.png 768w, https:\/\/cursoslazostv.com\/wp-content\/uploads\/2023\/06\/pmi-460x460.png 460w, https:\/\/cursoslazostv.com\/wp-content\/uploads\/2023\/06\/pmi-230x230.png 230w, https:\/\/cursoslazostv.com\/wp-content\/uploads\/2023\/06\/pmi-600x600.png 600w, https:\/\/cursoslazostv.com\/wp-content\/uploads\/2023\/06\/pmi-160x160.png 160w\" sizes=\"auto, (max-width: 1000px) 100vw, 1000px\" \/><\/a><\/div><\/div><div class=\"su-image-carousel-item\"><div class=\"su-image-carousel-item-content\"><a href=\"https:\/\/cursoslazostv.com\/index.php\/product\/teologia-del-cuerpo\/\" target=\"_blank\" rel=\"noopener noreferrer\" data-caption=\"\"><img loading=\"lazy\" decoding=\"async\" width=\"1000\" height=\"1000\" src=\"https:\/\/cursoslazostv.com\/wp-content\/uploads\/2024\/04\/Sin-titulo-1.png\" class=\"\" alt=\"\" srcset=\"https:\/\/cursoslazostv.com\/wp-content\/uploads\/2024\/04\/Sin-titulo-1.png 1000w, https:\/\/cursoslazostv.com\/wp-content\/uploads\/2024\/04\/Sin-titulo-1-300x300.png 300w, https:\/\/cursoslazostv.com\/wp-content\/uploads\/2024\/04\/Sin-titulo-1-150x150.png 150w, https:\/\/cursoslazostv.com\/wp-content\/uploads\/2024\/04\/Sin-titulo-1-768x768.png 768w, https:\/\/cursoslazostv.com\/wp-content\/uploads\/2024\/04\/Sin-titulo-1-460x460.png 460w, https:\/\/cursoslazostv.com\/wp-content\/uploads\/2024\/04\/Sin-titulo-1-230x230.png 230w, https:\/\/cursoslazostv.com\/wp-content\/uploads\/2024\/04\/Sin-titulo-1-600x600.png 600w, https:\/\/cursoslazostv.com\/wp-content\/uploads\/2024\/04\/Sin-titulo-1-160x160.png 160w\" sizes=\"auto, (max-width: 1000px) 100vw, 1000px\" \/><\/a><\/div><\/div><div class=\"su-image-carousel-item\"><div class=\"su-image-carousel-item-content\"><a href=\"https:\/\/cursoslazostv.com\/index.php\/product\/curso-virtual-mas-alla-de-la-tristeza\/\" target=\"_blank\" rel=\"noopener noreferrer\" data-caption=\"\"><img loading=\"lazy\" decoding=\"async\" width=\"1000\" height=\"1000\" src=\"https:\/\/cursoslazostv.com\/wp-content\/uploads\/2024\/03\/Sin-titulo-2-1.png\" class=\"\" alt=\"\" srcset=\"https:\/\/cursoslazostv.com\/wp-content\/uploads\/2024\/03\/Sin-titulo-2-1.png 1000w, https:\/\/cursoslazostv.com\/wp-content\/uploads\/2024\/03\/Sin-titulo-2-1-300x300.png 300w, https:\/\/cursoslazostv.com\/wp-content\/uploads\/2024\/03\/Sin-titulo-2-1-150x150.png 150w, https:\/\/cursoslazostv.com\/wp-content\/uploads\/2024\/03\/Sin-titulo-2-1-768x768.png 768w, https:\/\/cursoslazostv.com\/wp-content\/uploads\/2024\/03\/Sin-titulo-2-1-460x460.png 460w, https:\/\/cursoslazostv.com\/wp-content\/uploads\/2024\/03\/Sin-titulo-2-1-230x230.png 230w, https:\/\/cursoslazostv.com\/wp-content\/uploads\/2024\/03\/Sin-titulo-2-1-600x600.png 600w, https:\/\/cursoslazostv.com\/wp-content\/uploads\/2024\/03\/Sin-titulo-2-1-160x160.png 160w\" sizes=\"auto, (max-width: 1000px) 100vw, 1000px\" \/><\/a><\/div><\/div><div class=\"su-image-carousel-item\"><div class=\"su-image-carousel-item-content\"><a href=\"https:\/\/cursoslazostv.com\/index.php\/product\/1er-congreso-de-crianza-y-afectividad-essencial\/\" target=\"_blank\" rel=\"noopener noreferrer\" data-caption=\"\"><img loading=\"lazy\" decoding=\"async\" width=\"672\" height=\"752\" src=\"https:\/\/cursoslazostv.com\/wp-content\/uploads\/2024\/03\/Captura.png\" class=\"\" alt=\"\" srcset=\"https:\/\/cursoslazostv.com\/wp-content\/uploads\/2024\/03\/Captura.png 672w, https:\/\/cursoslazostv.com\/wp-content\/uploads\/2024\/03\/Captura-268x300.png 268w, https:\/\/cursoslazostv.com\/wp-content\/uploads\/2024\/03\/Captura-600x671.png 600w\" sizes=\"auto, (max-width: 672px) 100vw, 672px\" \/><\/a><\/div><\/div><div class=\"su-image-carousel-item\"><div class=\"su-image-carousel-item-content\"><a href=\"https:\/\/cursoslazostv.com\/index.php\/product\/2do-congreso-internacional-de-crianza-desafios-cotidianos-en-familia-essencial\/\" target=\"_blank\" rel=\"noopener noreferrer\" data-caption=\"\"><img loading=\"lazy\" decoding=\"async\" width=\"692\" height=\"671\" src=\"https:\/\/cursoslazostv.com\/wp-content\/uploads\/2024\/10\/Captura-de-pantalla-2024-10-28-143433.png\" class=\"\" alt=\"\" srcset=\"https:\/\/cursoslazostv.com\/wp-content\/uploads\/2024\/10\/Captura-de-pantalla-2024-10-28-143433.png 692w, https:\/\/cursoslazostv.com\/wp-content\/uploads\/2024\/10\/Captura-de-pantalla-2024-10-28-143433-300x291.png 300w, https:\/\/cursoslazostv.com\/wp-content\/uploads\/2024\/10\/Captura-de-pantalla-2024-10-28-143433-600x582.png 600w\" sizes=\"auto, (max-width: 692px) 100vw, 692px\" \/><\/a><\/div><\/div><div class=\"su-image-carousel-item\"><div class=\"su-image-carousel-item-content\"><a href=\"https:\/\/cursoslazostv.com\/index.php\/product\/curso-virtual-conociendo-la-biblia\/\" target=\"_blank\" rel=\"noopener noreferrer\" data-caption=\"\"><img loading=\"lazy\" decoding=\"async\" width=\"1080\" height=\"1080\" src=\"https:\/\/cursoslazostv.com\/wp-content\/uploads\/2019\/12\/BIBLIA-1.png\" class=\"\" alt=\"\" srcset=\"https:\/\/cursoslazostv.com\/wp-content\/uploads\/2019\/12\/BIBLIA-1.png 1080w, https:\/\/cursoslazostv.com\/wp-content\/uploads\/2019\/12\/BIBLIA-1-300x300.png 300w, https:\/\/cursoslazostv.com\/wp-content\/uploads\/2019\/12\/BIBLIA-1-1024x1024.png 1024w, https:\/\/cursoslazostv.com\/wp-content\/uploads\/2019\/12\/BIBLIA-1-150x150.png 150w, https:\/\/cursoslazostv.com\/wp-content\/uploads\/2019\/12\/BIBLIA-1-768x768.png 768w, https:\/\/cursoslazostv.com\/wp-content\/uploads\/2019\/12\/BIBLIA-1-460x460.png 460w, https:\/\/cursoslazostv.com\/wp-content\/uploads\/2019\/12\/BIBLIA-1-230x230.png 230w, https:\/\/cursoslazostv.com\/wp-content\/uploads\/2019\/12\/BIBLIA-1-600x600.png 600w, https:\/\/cursoslazostv.com\/wp-content\/uploads\/2019\/12\/BIBLIA-1-160x160.png 160w\" sizes=\"auto, (max-width: 1080px) 100vw, 1080px\" \/><\/a><\/div><\/div><div class=\"su-image-carousel-item\"><div class=\"su-image-carousel-item-content\"><a href=\"https:\/\/cursoslazostv.com\/index.php\/product\/curso-virtual-mariologia\/\" target=\"_blank\" rel=\"noopener noreferrer\" data-caption=\"\"><img loading=\"lazy\" decoding=\"async\" width=\"1080\" height=\"1080\" src=\"https:\/\/cursoslazostv.com\/wp-content\/uploads\/2019\/12\/MARIOLOGIA.png\" class=\"\" alt=\"\" srcset=\"https:\/\/cursoslazostv.com\/wp-content\/uploads\/2019\/12\/MARIOLOGIA.png 1080w, https:\/\/cursoslazostv.com\/wp-content\/uploads\/2019\/12\/MARIOLOGIA-300x300.png 300w, https:\/\/cursoslazostv.com\/wp-content\/uploads\/2019\/12\/MARIOLOGIA-1024x1024.png 1024w, https:\/\/cursoslazostv.com\/wp-content\/uploads\/2019\/12\/MARIOLOGIA-150x150.png 150w, https:\/\/cursoslazostv.com\/wp-content\/uploads\/2019\/12\/MARIOLOGIA-768x768.png 768w, https:\/\/cursoslazostv.com\/wp-content\/uploads\/2019\/12\/MARIOLOGIA-460x460.png 460w, https:\/\/cursoslazostv.com\/wp-content\/uploads\/2019\/12\/MARIOLOGIA-230x230.png 230w, https:\/\/cursoslazostv.com\/wp-content\/uploads\/2019\/12\/MARIOLOGIA-600x600.png 600w, https:\/\/cursoslazostv.com\/wp-content\/uploads\/2019\/12\/MARIOLOGIA-160x160.png 160w\" sizes=\"auto, (max-width: 1080px) 100vw, 1080px\" \/><\/a><\/div><\/div><div class=\"su-image-carousel-item\"><div class=\"su-image-carousel-item-content\"><a href=\"https:\/\/cursoslazostv.com\/index.php\/product\/curso-virtual-apologetica\/\" target=\"_blank\" rel=\"noopener noreferrer\" data-caption=\"\"><img loading=\"lazy\" decoding=\"async\" width=\"1080\" height=\"1080\" src=\"https:\/\/cursoslazostv.com\/wp-content\/uploads\/2019\/12\/APOLOGETICA.png\" class=\"\" alt=\"\" srcset=\"https:\/\/cursoslazostv.com\/wp-content\/uploads\/2019\/12\/APOLOGETICA.png 1080w, https:\/\/cursoslazostv.com\/wp-content\/uploads\/2019\/12\/APOLOGETICA-300x300.png 300w, https:\/\/cursoslazostv.com\/wp-content\/uploads\/2019\/12\/APOLOGETICA-1024x1024.png 1024w, https:\/\/cursoslazostv.com\/wp-content\/uploads\/2019\/12\/APOLOGETICA-150x150.png 150w, https:\/\/cursoslazostv.com\/wp-content\/uploads\/2019\/12\/APOLOGETICA-768x768.png 768w, https:\/\/cursoslazostv.com\/wp-content\/uploads\/2019\/12\/APOLOGETICA-460x460.png 460w, https:\/\/cursoslazostv.com\/wp-content\/uploads\/2019\/12\/APOLOGETICA-230x230.png 230w, https:\/\/cursoslazostv.com\/wp-content\/uploads\/2019\/12\/APOLOGETICA-600x600.png 600w, https:\/\/cursoslazostv.com\/wp-content\/uploads\/2019\/12\/APOLOGETICA-160x160.png 160w\" sizes=\"auto, (max-width: 1080px) 100vw, 1080px\" \/><\/a><\/div><\/div><div class=\"su-image-carousel-item\"><div class=\"su-image-carousel-item-content\"><a href=\"https:\/\/cursoslazostv.com\/index.php\/product\/curso-virtual-cristologia\/\" target=\"_blank\" rel=\"noopener noreferrer\" data-caption=\"\"><img loading=\"lazy\" decoding=\"async\" width=\"1080\" height=\"1080\" src=\"https:\/\/cursoslazostv.com\/wp-content\/uploads\/2019\/12\/CRISTOLOGIA.png\" class=\"\" alt=\"\" srcset=\"https:\/\/cursoslazostv.com\/wp-content\/uploads\/2019\/12\/CRISTOLOGIA.png 1080w, https:\/\/cursoslazostv.com\/wp-content\/uploads\/2019\/12\/CRISTOLOGIA-300x300.png 300w, https:\/\/cursoslazostv.com\/wp-content\/uploads\/2019\/12\/CRISTOLOGIA-1024x1024.png 1024w, https:\/\/cursoslazostv.com\/wp-content\/uploads\/2019\/12\/CRISTOLOGIA-150x150.png 150w, https:\/\/cursoslazostv.com\/wp-content\/uploads\/2019\/12\/CRISTOLOGIA-768x768.png 768w, https:\/\/cursoslazostv.com\/wp-content\/uploads\/2019\/12\/CRISTOLOGIA-460x460.png 460w, https:\/\/cursoslazostv.com\/wp-content\/uploads\/2019\/12\/CRISTOLOGIA-230x230.png 230w, https:\/\/cursoslazostv.com\/wp-content\/uploads\/2019\/12\/CRISTOLOGIA-600x600.png 600w, https:\/\/cursoslazostv.com\/wp-content\/uploads\/2019\/12\/CRISTOLOGIA-160x160.png 160w\" sizes=\"auto, (max-width: 1080px) 100vw, 1080px\" \/><\/a><\/div><\/div><div class=\"su-image-carousel-item\"><div class=\"su-image-carousel-item-content\"><a href=\"https:\/\/cursoslazostv.com\/index.php\/product\/curso-virtual-fundamentos-de-la-vida-espiritual\/\" target=\"_blank\" rel=\"noopener noreferrer\" data-caption=\"\"><img loading=\"lazy\" decoding=\"async\" width=\"1080\" height=\"1080\" src=\"https:\/\/cursoslazostv.com\/wp-content\/uploads\/2019\/12\/FUNDAMENTOS.png\" class=\"\" alt=\"\" srcset=\"https:\/\/cursoslazostv.com\/wp-content\/uploads\/2019\/12\/FUNDAMENTOS.png 1080w, https:\/\/cursoslazostv.com\/wp-content\/uploads\/2019\/12\/FUNDAMENTOS-300x300.png 300w, https:\/\/cursoslazostv.com\/wp-content\/uploads\/2019\/12\/FUNDAMENTOS-1024x1024.png 1024w, https:\/\/cursoslazostv.com\/wp-content\/uploads\/2019\/12\/FUNDAMENTOS-150x150.png 150w, https:\/\/cursoslazostv.com\/wp-content\/uploads\/2019\/12\/FUNDAMENTOS-768x768.png 768w, https:\/\/cursoslazostv.com\/wp-content\/uploads\/2019\/12\/FUNDAMENTOS-460x460.png 460w, https:\/\/cursoslazostv.com\/wp-content\/uploads\/2019\/12\/FUNDAMENTOS-230x230.png 230w, https:\/\/cursoslazostv.com\/wp-content\/uploads\/2019\/12\/FUNDAMENTOS-600x600.png 600w, https:\/\/cursoslazostv.com\/wp-content\/uploads\/2019\/12\/FUNDAMENTOS-160x160.png 160w\" sizes=\"auto, (max-width: 1080px) 100vw, 1080px\" \/><\/a><\/div><\/div><div class=\"su-image-carousel-item\"><div class=\"su-image-carousel-item-content\"><a href=\"https:\/\/cursoslazostv.com\/index.php\/product\/curso-virtual-noviazgo-y-matrimonio-en-dios\/\" target=\"_blank\" rel=\"noopener noreferrer\" data-caption=\"\"><img loading=\"lazy\" decoding=\"async\" width=\"1080\" height=\"1080\" src=\"https:\/\/cursoslazostv.com\/wp-content\/uploads\/2019\/12\/NOVIAZGO.png\" class=\"\" alt=\"\" srcset=\"https:\/\/cursoslazostv.com\/wp-content\/uploads\/2019\/12\/NOVIAZGO.png 1080w, https:\/\/cursoslazostv.com\/wp-content\/uploads\/2019\/12\/NOVIAZGO-300x300.png 300w, https:\/\/cursoslazostv.com\/wp-content\/uploads\/2019\/12\/NOVIAZGO-1024x1024.png 1024w, https:\/\/cursoslazostv.com\/wp-content\/uploads\/2019\/12\/NOVIAZGO-150x150.png 150w, https:\/\/cursoslazostv.com\/wp-content\/uploads\/2019\/12\/NOVIAZGO-768x768.png 768w, https:\/\/cursoslazostv.com\/wp-content\/uploads\/2019\/12\/NOVIAZGO-460x460.png 460w, https:\/\/cursoslazostv.com\/wp-content\/uploads\/2019\/12\/NOVIAZGO-230x230.png 230w, https:\/\/cursoslazostv.com\/wp-content\/uploads\/2019\/12\/NOVIAZGO-600x600.png 600w, https:\/\/cursoslazostv.com\/wp-content\/uploads\/2019\/12\/NOVIAZGO-160x160.png 160w\" sizes=\"auto, (max-width: 1080px) 100vw, 1080px\" \/><\/a><\/div><\/div><div class=\"su-image-carousel-item\"><div class=\"su-image-carousel-item-content\"><a href=\"https:\/\/cursoslazostv.com\/index.php\/product\/curso-virtual-predicacion\/\" target=\"_blank\" rel=\"noopener noreferrer\" data-caption=\"\"><img loading=\"lazy\" decoding=\"async\" width=\"1080\" height=\"1080\" src=\"https:\/\/cursoslazostv.com\/wp-content\/uploads\/2019\/12\/PREDICACION.png\" class=\"\" alt=\"\" srcset=\"https:\/\/cursoslazostv.com\/wp-content\/uploads\/2019\/12\/PREDICACION.png 1080w, https:\/\/cursoslazostv.com\/wp-content\/uploads\/2019\/12\/PREDICACION-300x300.png 300w, https:\/\/cursoslazostv.com\/wp-content\/uploads\/2019\/12\/PREDICACION-1024x1024.png 1024w, https:\/\/cursoslazostv.com\/wp-content\/uploads\/2019\/12\/PREDICACION-150x150.png 150w, https:\/\/cursoslazostv.com\/wp-content\/uploads\/2019\/12\/PREDICACION-768x768.png 768w, https:\/\/cursoslazostv.com\/wp-content\/uploads\/2019\/12\/PREDICACION-460x460.png 460w, https:\/\/cursoslazostv.com\/wp-content\/uploads\/2019\/12\/PREDICACION-230x230.png 230w, https:\/\/cursoslazostv.com\/wp-content\/uploads\/2019\/12\/PREDICACION-600x600.png 600w, https:\/\/cursoslazostv.com\/wp-content\/uploads\/2019\/12\/PREDICACION-160x160.png 160w\" sizes=\"auto, (max-width: 1080px) 100vw, 1080px\" \/><\/a><\/div><\/div><div class=\"su-image-carousel-item\"><div class=\"su-image-carousel-item-content\"><a href=\"https:\/\/cursoslazostv.com\/index.php\/product\/curso-virtual-sanacion-y-liberacion\/\" target=\"_blank\" rel=\"noopener noreferrer\" data-caption=\"\"><img loading=\"lazy\" decoding=\"async\" width=\"1080\" height=\"1080\" src=\"https:\/\/cursoslazostv.com\/wp-content\/uploads\/2022\/05\/SANACION.png\" class=\"\" alt=\"\" srcset=\"https:\/\/cursoslazostv.com\/wp-content\/uploads\/2022\/05\/SANACION.png 1080w, https:\/\/cursoslazostv.com\/wp-content\/uploads\/2022\/05\/SANACION-300x300.png 300w, https:\/\/cursoslazostv.com\/wp-content\/uploads\/2022\/05\/SANACION-1024x1024.png 1024w, https:\/\/cursoslazostv.com\/wp-content\/uploads\/2022\/05\/SANACION-150x150.png 150w, https:\/\/cursoslazostv.com\/wp-content\/uploads\/2022\/05\/SANACION-768x768.png 768w, https:\/\/cursoslazostv.com\/wp-content\/uploads\/2022\/05\/SANACION-460x460.png 460w, https:\/\/cursoslazostv.com\/wp-content\/uploads\/2022\/05\/SANACION-230x230.png 230w, https:\/\/cursoslazostv.com\/wp-content\/uploads\/2022\/05\/SANACION-600x600.png 600w, https:\/\/cursoslazostv.com\/wp-content\/uploads\/2022\/05\/SANACION-160x160.png 160w\" sizes=\"auto, (max-width: 1080px) 100vw, 1080px\" \/><\/a><\/div><\/div><\/div><script id=\"su_image_carousel_69eb888644375_script\">if(window.SUImageCarousel){setTimeout(function() {window.SUImageCarousel.initGallery(document.getElementById(\"su_image_carousel_69eb888644375\"))}, 0);}var su_image_carousel_69eb888644375_script=document.getElementById(\"su_image_carousel_69eb888644375_script\");if(su_image_carousel_69eb888644375_script){su_image_carousel_69eb888644375_script.parentNode.removeChild(su_image_carousel_69eb888644375_script);}<\/script>\r\n.","protected":false},"excerpt":{"rendered":"<p>\u00bfQui\u00e9n como Dios? \u00a1Nadie como Dios! En el bot\u00f3n de Descargas encontrar\u00e1s el link de acceso a tus cursos y tus libros digitales. ACCEDE A NUESTROS CURSOS DE FORMACI\u00d3N: .<\/p>\n","protected":false},"author":1,"featured_media":0,"parent":0,"menu_order":0,"comment_status":"closed","ping_status":"closed","template":"","meta":{"footnotes":""},"class_list":["post-89","page","type-page","status-publish","hentry"],"_links":{"self":[{"href":"https:\/\/cursoslazostv.com\/index.php\/wp-json\/wp\/v2\/pages\/89","targetHints":{"allow":["GET"]}}],"collection":[{"href":"https:\/\/cursoslazostv.com\/index.php\/wp-json\/wp\/v2\/pages"}],"about":[{"href":"https:\/\/cursoslazostv.com\/index.php\/wp-json\/wp\/v2\/types\/page"}],"author":[{"embeddable":true,"href":"https:\/\/cursoslazostv.com\/index.php\/wp-json\/wp\/v2\/users\/1"}],"replies":[{"embeddable":true,"href":"https:\/\/cursoslazostv.com\/index.php\/wp-json\/wp\/v2\/comments?post=89"}],"version-history":[{"count":11,"href":"https:\/\/cursoslazostv.com\/index.php\/wp-json\/wp\/v2\/pages\/89\/revisions"}],"predecessor-version":[{"id":12189,"href":"https:\/\/cursoslazostv.com\/index.php\/wp-json\/wp\/v2\/pages\/89\/revisions\/12189"}],"wp:attachment":[{"href":"https:\/\/cursoslazostv.com\/index.php\/wp-json\/wp\/v2\/media?parent=89"}],"curies":[{"name":"wp","href":"https:\/\/api.w.org\/{rel}","templated":true}]}}