{"id":917,"date":"2020-01-14T23:50:44","date_gmt":"2020-01-14T23:50:44","guid":{"rendered":"https:\/\/cursoslazostv.com\/?page_id=917"},"modified":"2025-11-10T16:37:01","modified_gmt":"2025-11-10T21:37:01","slug":"ayudanos","status":"publish","type":"page","link":"https:\/\/cursoslazostv.com\/index.php\/ayudanos\/","title":{"rendered":"AY\u00daDANOS"},"content":{"rendered":"<h2>Dona a Lazos de Amor Mariano<\/h2>\n<p>Lazos de Amor Mariano es un movimiento que busca formar corazones enamorados de Jes\u00fas a trav\u00e9s de la Consagraci\u00f3n a la Virgen Mar\u00eda. Pero este amor no se queda solo en palabras, tambi\u00e9n se traduce en obras concretas de servicio y caridad.<\/p>\n<p>Aqu\u00ed te compartimos algunas de ellas:<\/p>\n<p><strong>\ud83c\udfe1 Casa de Abuelos San Joaqu\u00edn y Santa Ana (Medell\u00edn)<\/strong><br \/>\nUn hogar que acoge a adultos mayores en situaci\u00f3n de vulnerabilidad, brind\u00e1ndoles alimentaci\u00f3n, cuidado, compa\u00f1\u00eda y un espacio digno para vivir.<br \/>\n<a href=\"https:\/\/cursoslazostv.com\/index.php\/casa-de-abuelos-san-joaquin-y-santa-ana\/\">https:\/\/cursoslazostv.com\/index.php\/casa-de-abuelos-san-joaquin-y-santa-ana\/<\/a><br \/>\n<strong>\ud83d\udcf1 Contacto: +573007608028<\/strong><br \/>\nSi requieres certificado de donaci\u00f3n, por cuestiones tributarias, esta es la mejor manera de hacerlo.<\/p>\n<div class=\"su-divider su-divider-style-default\" style=\"margin:15px 0;border-width:3px;border-color:#999999\"><a href=\"#\" style=\"color:#999999\">Ir arriba<\/a><\/div>\n<p><strong>\ud83d\udc75\ud83c\udffc Fundaci\u00f3n Coraz\u00f3n de Bel\u00e9n (Cali)<\/strong><br \/>\nFundaci\u00f3n de ayuda al adulto mayor que se encuentran en estado de vulnerabilidad.<br \/>\n<a href=\"https:\/\/www.instagram.com\/fundacioncorazondebelen\/\">https:\/\/www.instagram.com\/fundacioncorazondebelen\/<\/a><br \/>\n<strong>\ud83d\udcf1 Contacto: +573122095269<\/strong><\/p>\n<div class=\"su-divider su-divider-style-default\" style=\"margin:15px 0;border-width:3px;border-color:#999999\"><a href=\"#\" style=\"color:#999999\">Ir arriba<\/a><\/div>\n<p><strong>\ud83d\ude4f Dona un Retiro Espiritual (Medell\u00edn)<\/strong><br \/>\nCon estos aportes puedes regalar a otra persona la oportunidad de vivir un retiro espiritual de encuentro con Dios.<br \/>\n<strong>\ud83d\udcf1 Contacto: +573332836867<\/strong><\/p>\n<div class=\"su-divider su-divider-style-default\" style=\"margin:15px 0;border-width:3px;border-color:#999999\"><a href=\"#\" style=\"color:#999999\">Ir arriba<\/a><\/div>\n<p><strong>\ud83d\udc76 Banco del Beb\u00e9 (Medell\u00edn)<\/strong><br \/>\nUn programa de solidaridad que recolecta y entrega pa\u00f1ales, ropa, leche y otros art\u00edculos b\u00e1sicos para beb\u00e9s de familias necesitadas.<br \/>\n<strong>\ud83d\udcf1 Contacto: +573192215154<\/strong><\/p>\n<div class=\"su-divider su-divider-style-default\" style=\"margin:15px 0;border-width:3px;border-color:#999999\"><a href=\"#\" style=\"color:#999999\">Ir arriba<\/a><\/div>\n<p><strong>\ud83c\udf72 Jes\u00fas y Mar\u00eda en las Calles (Medell\u00edn)<\/strong><br \/>\nUna misi\u00f3n de servicio en la que voluntarios comparten alimentos, escucha y acompa\u00f1amiento espiritual con personas en situaci\u00f3n de calle.<br \/>\n<strong>\ud83d\udcf1 Contacto: +573123962748<\/strong><\/p>\n<div class=\"su-divider su-divider-style-default\" style=\"margin:15px 0;border-width:3px;border-color:#999999\"><a href=\"#\" style=\"color:#999999\">Ir arriba<\/a><\/div>\n<p><strong>\ud83d\udc95 Madre Teresa para las Madres (Medell\u00edn)<\/strong><br \/>\nAcompa\u00f1amiento a madres cabeza de hogar o en situaci\u00f3n de dificultad, ofreciendo formaci\u00f3n, apoyo espiritual y ayuda material.<br \/>\n<strong>\ud83d\udcf1 Contacto: +573007767330<\/strong><\/p>\n<div class=\"su-divider su-divider-style-default\" style=\"margin:15px 0;border-width:3px;border-color:#999999\"><a href=\"#\" style=\"color:#999999\">Ir arriba<\/a><\/div>\n<p><strong>Productora Audiovisual LAM<\/strong><br \/>\nCon tu donaci\u00f3n nos ayudas en la evangelizaci\u00f3n a trav\u00e9s de los medios de comunicaci\u00f3n<\/p>\n<p><strong>Puedes donar con:<\/strong><br \/>\n\ud83e\ude99 <a href=\"https:\/\/www.paypal.com\/paypalme\/LAZOStv\/\">PayPal<\/a> <em>(En d\u00f3lares U$D)<\/em><br \/>\n\ud83d\udcb3 <a href=\"https:\/\/checkout.wompi.co\/l\/VPOS_rpJOL5\">Tarjeta de Cr\u00e9dito<\/a> <em>(Debes poner el valor en pesos colombianos $COP | Aunque el sistema de tu banco los debita en el equivalente a tu moneda local.)<\/em><br \/>\n\ud83d\udcf1 <a href=\"https:\/\/wa.me\/573004011900\">NEQUI<\/a> <em>(Aqu\u00ed te daremos el n\u00famero)<\/em><br \/>\n\ud83c\udfdb\ufe0f <a href=\"https:\/\/wa.me\/573004011900\">BANCOLOMBIA<\/a> <em>(Aqu\u00ed te daremos el n\u00famero de cuenta)<\/em><\/p>\n<div class=\"su-divider su-divider-style-default\" style=\"margin:15px 0;border-width:3px;border-color:#999999\"><a href=\"#\" style=\"color:#999999\">Ir arriba<\/a><\/div>\n<p><strong>ACCEDE A NUESTROS CURSOS DE FORMACI\u00d3N:<\/strong><br \/>\n<div class=\"su-image-carousel  su-image-carousel-columns-4 su-image-carousel-has-spacing su-image-carousel-has-outline su-image-carousel-adaptive su-image-carousel-slides-style-minimal su-image-carousel-controls-style-light su-image-carousel-align-center\" style=\"\" data-flickity-options='{\"groupCells\":true,\"cellSelector\":\".su-image-carousel-item\",\"adaptiveHeight\":true,\"cellAlign\":\"left\",\"prevNextButtons\":true,\"pageDots\":false,\"autoPlay\":4000,\"imagesLoaded\":true,\"contain\":false,\"selectedAttraction\":0.025,\"friction\":0.28}' id=\"su_image_carousel_69eb88c5779b5\"><div class=\"su-image-carousel-item\"><div class=\"su-image-carousel-item-content\"><a href=\"https:\/\/cursoslazostv.com\/index.php\/product\/curso-virtual-como-proteger-la-familia-contra-los-ataques-del-demonio\/\" target=\"_blank\" rel=\"noopener noreferrer\" data-caption=\"\"><img loading=\"lazy\" decoding=\"async\" width=\"1596\" height=\"1593\" src=\"https:\/\/cursoslazostv.com\/wp-content\/uploads\/2022\/05\/SAPIENCIA.png\" class=\"\" alt=\"\" srcset=\"https:\/\/cursoslazostv.com\/wp-content\/uploads\/2022\/05\/SAPIENCIA.png 1596w, https:\/\/cursoslazostv.com\/wp-content\/uploads\/2022\/05\/SAPIENCIA-300x300.png 300w, https:\/\/cursoslazostv.com\/wp-content\/uploads\/2022\/05\/SAPIENCIA-1024x1022.png 1024w, https:\/\/cursoslazostv.com\/wp-content\/uploads\/2022\/05\/SAPIENCIA-150x150.png 150w, https:\/\/cursoslazostv.com\/wp-content\/uploads\/2022\/05\/SAPIENCIA-768x767.png 768w, https:\/\/cursoslazostv.com\/wp-content\/uploads\/2022\/05\/SAPIENCIA-1536x1533.png 1536w, https:\/\/cursoslazostv.com\/wp-content\/uploads\/2022\/05\/SAPIENCIA-460x460.png 460w, https:\/\/cursoslazostv.com\/wp-content\/uploads\/2022\/05\/SAPIENCIA-230x230.png 230w, https:\/\/cursoslazostv.com\/wp-content\/uploads\/2022\/05\/SAPIENCIA-600x599.png 600w, https:\/\/cursoslazostv.com\/wp-content\/uploads\/2022\/05\/SAPIENCIA-160x160.png 160w\" sizes=\"auto, (max-width: 1596px) 100vw, 1596px\" \/><\/a><\/div><\/div><div class=\"su-image-carousel-item\"><div class=\"su-image-carousel-item-content\"><a href=\"https:\/\/cursoslazostv.com\/index.php\/product\/taller-virtual-para-padres-aprende-a-proteger-a-tus-hijos\/\" target=\"_blank\" rel=\"noopener noreferrer\" data-caption=\"\"><img loading=\"lazy\" decoding=\"async\" width=\"1000\" height=\"1000\" src=\"https:\/\/cursoslazostv.com\/wp-content\/uploads\/2023\/06\/pmi.png\" class=\"\" alt=\"\" srcset=\"https:\/\/cursoslazostv.com\/wp-content\/uploads\/2023\/06\/pmi.png 1000w, https:\/\/cursoslazostv.com\/wp-content\/uploads\/2023\/06\/pmi-300x300.png 300w, https:\/\/cursoslazostv.com\/wp-content\/uploads\/2023\/06\/pmi-150x150.png 150w, https:\/\/cursoslazostv.com\/wp-content\/uploads\/2023\/06\/pmi-768x768.png 768w, https:\/\/cursoslazostv.com\/wp-content\/uploads\/2023\/06\/pmi-460x460.png 460w, https:\/\/cursoslazostv.com\/wp-content\/uploads\/2023\/06\/pmi-230x230.png 230w, https:\/\/cursoslazostv.com\/wp-content\/uploads\/2023\/06\/pmi-600x600.png 600w, https:\/\/cursoslazostv.com\/wp-content\/uploads\/2023\/06\/pmi-160x160.png 160w\" sizes=\"auto, (max-width: 1000px) 100vw, 1000px\" \/><\/a><\/div><\/div><div class=\"su-image-carousel-item\"><div class=\"su-image-carousel-item-content\"><a href=\"https:\/\/cursoslazostv.com\/index.php\/product\/teologia-del-cuerpo\/\" target=\"_blank\" rel=\"noopener noreferrer\" data-caption=\"\"><img loading=\"lazy\" decoding=\"async\" width=\"1000\" height=\"1000\" src=\"https:\/\/cursoslazostv.com\/wp-content\/uploads\/2024\/04\/Sin-titulo-1.png\" class=\"\" alt=\"\" srcset=\"https:\/\/cursoslazostv.com\/wp-content\/uploads\/2024\/04\/Sin-titulo-1.png 1000w, https:\/\/cursoslazostv.com\/wp-content\/uploads\/2024\/04\/Sin-titulo-1-300x300.png 300w, https:\/\/cursoslazostv.com\/wp-content\/uploads\/2024\/04\/Sin-titulo-1-150x150.png 150w, https:\/\/cursoslazostv.com\/wp-content\/uploads\/2024\/04\/Sin-titulo-1-768x768.png 768w, https:\/\/cursoslazostv.com\/wp-content\/uploads\/2024\/04\/Sin-titulo-1-460x460.png 460w, https:\/\/cursoslazostv.com\/wp-content\/uploads\/2024\/04\/Sin-titulo-1-230x230.png 230w, https:\/\/cursoslazostv.com\/wp-content\/uploads\/2024\/04\/Sin-titulo-1-600x600.png 600w, https:\/\/cursoslazostv.com\/wp-content\/uploads\/2024\/04\/Sin-titulo-1-160x160.png 160w\" sizes=\"auto, (max-width: 1000px) 100vw, 1000px\" \/><\/a><\/div><\/div><div class=\"su-image-carousel-item\"><div class=\"su-image-carousel-item-content\"><a href=\"https:\/\/cursoslazostv.com\/index.php\/product\/curso-virtual-mas-alla-de-la-tristeza\/\" target=\"_blank\" rel=\"noopener noreferrer\" data-caption=\"\"><img loading=\"lazy\" decoding=\"async\" width=\"1000\" height=\"1000\" src=\"https:\/\/cursoslazostv.com\/wp-content\/uploads\/2024\/03\/Sin-titulo-2-1.png\" class=\"\" alt=\"\" srcset=\"https:\/\/cursoslazostv.com\/wp-content\/uploads\/2024\/03\/Sin-titulo-2-1.png 1000w, https:\/\/cursoslazostv.com\/wp-content\/uploads\/2024\/03\/Sin-titulo-2-1-300x300.png 300w, https:\/\/cursoslazostv.com\/wp-content\/uploads\/2024\/03\/Sin-titulo-2-1-150x150.png 150w, https:\/\/cursoslazostv.com\/wp-content\/uploads\/2024\/03\/Sin-titulo-2-1-768x768.png 768w, https:\/\/cursoslazostv.com\/wp-content\/uploads\/2024\/03\/Sin-titulo-2-1-460x460.png 460w, https:\/\/cursoslazostv.com\/wp-content\/uploads\/2024\/03\/Sin-titulo-2-1-230x230.png 230w, https:\/\/cursoslazostv.com\/wp-content\/uploads\/2024\/03\/Sin-titulo-2-1-600x600.png 600w, https:\/\/cursoslazostv.com\/wp-content\/uploads\/2024\/03\/Sin-titulo-2-1-160x160.png 160w\" sizes=\"auto, (max-width: 1000px) 100vw, 1000px\" \/><\/a><\/div><\/div><div class=\"su-image-carousel-item\"><div class=\"su-image-carousel-item-content\"><a href=\"https:\/\/cursoslazostv.com\/index.php\/product\/1er-congreso-de-crianza-y-afectividad-essencial\/\" target=\"_blank\" rel=\"noopener noreferrer\" data-caption=\"\"><img loading=\"lazy\" decoding=\"async\" width=\"672\" height=\"752\" src=\"https:\/\/cursoslazostv.com\/wp-content\/uploads\/2024\/03\/Captura.png\" class=\"\" alt=\"\" srcset=\"https:\/\/cursoslazostv.com\/wp-content\/uploads\/2024\/03\/Captura.png 672w, https:\/\/cursoslazostv.com\/wp-content\/uploads\/2024\/03\/Captura-268x300.png 268w, https:\/\/cursoslazostv.com\/wp-content\/uploads\/2024\/03\/Captura-600x671.png 600w\" sizes=\"auto, (max-width: 672px) 100vw, 672px\" \/><\/a><\/div><\/div><div class=\"su-image-carousel-item\"><div class=\"su-image-carousel-item-content\"><a href=\"https:\/\/cursoslazostv.com\/index.php\/product\/2do-congreso-internacional-de-crianza-desafios-cotidianos-en-familia-essencial\/\" target=\"_blank\" rel=\"noopener noreferrer\" data-caption=\"\"><img loading=\"lazy\" decoding=\"async\" width=\"692\" height=\"671\" src=\"https:\/\/cursoslazostv.com\/wp-content\/uploads\/2024\/10\/Captura-de-pantalla-2024-10-28-143433.png\" class=\"\" alt=\"\" srcset=\"https:\/\/cursoslazostv.com\/wp-content\/uploads\/2024\/10\/Captura-de-pantalla-2024-10-28-143433.png 692w, https:\/\/cursoslazostv.com\/wp-content\/uploads\/2024\/10\/Captura-de-pantalla-2024-10-28-143433-300x291.png 300w, https:\/\/cursoslazostv.com\/wp-content\/uploads\/2024\/10\/Captura-de-pantalla-2024-10-28-143433-600x582.png 600w\" sizes=\"auto, (max-width: 692px) 100vw, 692px\" \/><\/a><\/div><\/div><div class=\"su-image-carousel-item\"><div class=\"su-image-carousel-item-content\"><a href=\"https:\/\/cursoslazostv.com\/index.php\/product\/curso-virtual-conociendo-la-biblia\/\" target=\"_blank\" rel=\"noopener noreferrer\" data-caption=\"\"><img loading=\"lazy\" decoding=\"async\" width=\"1080\" height=\"1080\" src=\"https:\/\/cursoslazostv.com\/wp-content\/uploads\/2019\/12\/BIBLIA-1.png\" class=\"\" alt=\"\" srcset=\"https:\/\/cursoslazostv.com\/wp-content\/uploads\/2019\/12\/BIBLIA-1.png 1080w, https:\/\/cursoslazostv.com\/wp-content\/uploads\/2019\/12\/BIBLIA-1-300x300.png 300w, https:\/\/cursoslazostv.com\/wp-content\/uploads\/2019\/12\/BIBLIA-1-1024x1024.png 1024w, https:\/\/cursoslazostv.com\/wp-content\/uploads\/2019\/12\/BIBLIA-1-150x150.png 150w, https:\/\/cursoslazostv.com\/wp-content\/uploads\/2019\/12\/BIBLIA-1-768x768.png 768w, https:\/\/cursoslazostv.com\/wp-content\/uploads\/2019\/12\/BIBLIA-1-460x460.png 460w, https:\/\/cursoslazostv.com\/wp-content\/uploads\/2019\/12\/BIBLIA-1-230x230.png 230w, https:\/\/cursoslazostv.com\/wp-content\/uploads\/2019\/12\/BIBLIA-1-600x600.png 600w, https:\/\/cursoslazostv.com\/wp-content\/uploads\/2019\/12\/BIBLIA-1-160x160.png 160w\" sizes=\"auto, (max-width: 1080px) 100vw, 1080px\" \/><\/a><\/div><\/div><div class=\"su-image-carousel-item\"><div class=\"su-image-carousel-item-content\"><a href=\"https:\/\/cursoslazostv.com\/index.php\/product\/curso-virtual-mariologia\/\" target=\"_blank\" rel=\"noopener noreferrer\" data-caption=\"\"><img loading=\"lazy\" decoding=\"async\" width=\"1080\" height=\"1080\" src=\"https:\/\/cursoslazostv.com\/wp-content\/uploads\/2019\/12\/MARIOLOGIA.png\" class=\"\" alt=\"\" srcset=\"https:\/\/cursoslazostv.com\/wp-content\/uploads\/2019\/12\/MARIOLOGIA.png 1080w, https:\/\/cursoslazostv.com\/wp-content\/uploads\/2019\/12\/MARIOLOGIA-300x300.png 300w, https:\/\/cursoslazostv.com\/wp-content\/uploads\/2019\/12\/MARIOLOGIA-1024x1024.png 1024w, https:\/\/cursoslazostv.com\/wp-content\/uploads\/2019\/12\/MARIOLOGIA-150x150.png 150w, https:\/\/cursoslazostv.com\/wp-content\/uploads\/2019\/12\/MARIOLOGIA-768x768.png 768w, https:\/\/cursoslazostv.com\/wp-content\/uploads\/2019\/12\/MARIOLOGIA-460x460.png 460w, https:\/\/cursoslazostv.com\/wp-content\/uploads\/2019\/12\/MARIOLOGIA-230x230.png 230w, https:\/\/cursoslazostv.com\/wp-content\/uploads\/2019\/12\/MARIOLOGIA-600x600.png 600w, https:\/\/cursoslazostv.com\/wp-content\/uploads\/2019\/12\/MARIOLOGIA-160x160.png 160w\" sizes=\"auto, (max-width: 1080px) 100vw, 1080px\" \/><\/a><\/div><\/div><div class=\"su-image-carousel-item\"><div class=\"su-image-carousel-item-content\"><a href=\"https:\/\/cursoslazostv.com\/index.php\/product\/curso-virtual-apologetica\/\" target=\"_blank\" rel=\"noopener noreferrer\" data-caption=\"\"><img loading=\"lazy\" decoding=\"async\" width=\"1080\" height=\"1080\" src=\"https:\/\/cursoslazostv.com\/wp-content\/uploads\/2019\/12\/APOLOGETICA.png\" class=\"\" alt=\"\" srcset=\"https:\/\/cursoslazostv.com\/wp-content\/uploads\/2019\/12\/APOLOGETICA.png 1080w, https:\/\/cursoslazostv.com\/wp-content\/uploads\/2019\/12\/APOLOGETICA-300x300.png 300w, https:\/\/cursoslazostv.com\/wp-content\/uploads\/2019\/12\/APOLOGETICA-1024x1024.png 1024w, https:\/\/cursoslazostv.com\/wp-content\/uploads\/2019\/12\/APOLOGETICA-150x150.png 150w, https:\/\/cursoslazostv.com\/wp-content\/uploads\/2019\/12\/APOLOGETICA-768x768.png 768w, https:\/\/cursoslazostv.com\/wp-content\/uploads\/2019\/12\/APOLOGETICA-460x460.png 460w, https:\/\/cursoslazostv.com\/wp-content\/uploads\/2019\/12\/APOLOGETICA-230x230.png 230w, https:\/\/cursoslazostv.com\/wp-content\/uploads\/2019\/12\/APOLOGETICA-600x600.png 600w, https:\/\/cursoslazostv.com\/wp-content\/uploads\/2019\/12\/APOLOGETICA-160x160.png 160w\" sizes=\"auto, (max-width: 1080px) 100vw, 1080px\" \/><\/a><\/div><\/div><div class=\"su-image-carousel-item\"><div class=\"su-image-carousel-item-content\"><a href=\"https:\/\/cursoslazostv.com\/index.php\/product\/curso-virtual-cristologia\/\" target=\"_blank\" rel=\"noopener noreferrer\" data-caption=\"\"><img loading=\"lazy\" decoding=\"async\" width=\"1080\" height=\"1080\" src=\"https:\/\/cursoslazostv.com\/wp-content\/uploads\/2019\/12\/CRISTOLOGIA.png\" class=\"\" alt=\"\" srcset=\"https:\/\/cursoslazostv.com\/wp-content\/uploads\/2019\/12\/CRISTOLOGIA.png 1080w, https:\/\/cursoslazostv.com\/wp-content\/uploads\/2019\/12\/CRISTOLOGIA-300x300.png 300w, https:\/\/cursoslazostv.com\/wp-content\/uploads\/2019\/12\/CRISTOLOGIA-1024x1024.png 1024w, https:\/\/cursoslazostv.com\/wp-content\/uploads\/2019\/12\/CRISTOLOGIA-150x150.png 150w, https:\/\/cursoslazostv.com\/wp-content\/uploads\/2019\/12\/CRISTOLOGIA-768x768.png 768w, https:\/\/cursoslazostv.com\/wp-content\/uploads\/2019\/12\/CRISTOLOGIA-460x460.png 460w, https:\/\/cursoslazostv.com\/wp-content\/uploads\/2019\/12\/CRISTOLOGIA-230x230.png 230w, https:\/\/cursoslazostv.com\/wp-content\/uploads\/2019\/12\/CRISTOLOGIA-600x600.png 600w, https:\/\/cursoslazostv.com\/wp-content\/uploads\/2019\/12\/CRISTOLOGIA-160x160.png 160w\" sizes=\"auto, (max-width: 1080px) 100vw, 1080px\" \/><\/a><\/div><\/div><div class=\"su-image-carousel-item\"><div class=\"su-image-carousel-item-content\"><a href=\"https:\/\/cursoslazostv.com\/index.php\/product\/curso-virtual-fundamentos-de-la-vida-espiritual\/\" target=\"_blank\" rel=\"noopener noreferrer\" data-caption=\"\"><img loading=\"lazy\" decoding=\"async\" width=\"1080\" height=\"1080\" src=\"https:\/\/cursoslazostv.com\/wp-content\/uploads\/2019\/12\/FUNDAMENTOS.png\" class=\"\" alt=\"\" srcset=\"https:\/\/cursoslazostv.com\/wp-content\/uploads\/2019\/12\/FUNDAMENTOS.png 1080w, https:\/\/cursoslazostv.com\/wp-content\/uploads\/2019\/12\/FUNDAMENTOS-300x300.png 300w, https:\/\/cursoslazostv.com\/wp-content\/uploads\/2019\/12\/FUNDAMENTOS-1024x1024.png 1024w, https:\/\/cursoslazostv.com\/wp-content\/uploads\/2019\/12\/FUNDAMENTOS-150x150.png 150w, https:\/\/cursoslazostv.com\/wp-content\/uploads\/2019\/12\/FUNDAMENTOS-768x768.png 768w, https:\/\/cursoslazostv.com\/wp-content\/uploads\/2019\/12\/FUNDAMENTOS-460x460.png 460w, https:\/\/cursoslazostv.com\/wp-content\/uploads\/2019\/12\/FUNDAMENTOS-230x230.png 230w, https:\/\/cursoslazostv.com\/wp-content\/uploads\/2019\/12\/FUNDAMENTOS-600x600.png 600w, https:\/\/cursoslazostv.com\/wp-content\/uploads\/2019\/12\/FUNDAMENTOS-160x160.png 160w\" sizes=\"auto, (max-width: 1080px) 100vw, 1080px\" \/><\/a><\/div><\/div><div class=\"su-image-carousel-item\"><div class=\"su-image-carousel-item-content\"><a href=\"https:\/\/cursoslazostv.com\/index.php\/product\/curso-virtual-noviazgo-y-matrimonio-en-dios\/\" target=\"_blank\" rel=\"noopener noreferrer\" data-caption=\"\"><img loading=\"lazy\" decoding=\"async\" width=\"1080\" height=\"1080\" src=\"https:\/\/cursoslazostv.com\/wp-content\/uploads\/2019\/12\/NOVIAZGO.png\" class=\"\" alt=\"\" srcset=\"https:\/\/cursoslazostv.com\/wp-content\/uploads\/2019\/12\/NOVIAZGO.png 1080w, https:\/\/cursoslazostv.com\/wp-content\/uploads\/2019\/12\/NOVIAZGO-300x300.png 300w, https:\/\/cursoslazostv.com\/wp-content\/uploads\/2019\/12\/NOVIAZGO-1024x1024.png 1024w, https:\/\/cursoslazostv.com\/wp-content\/uploads\/2019\/12\/NOVIAZGO-150x150.png 150w, https:\/\/cursoslazostv.com\/wp-content\/uploads\/2019\/12\/NOVIAZGO-768x768.png 768w, https:\/\/cursoslazostv.com\/wp-content\/uploads\/2019\/12\/NOVIAZGO-460x460.png 460w, https:\/\/cursoslazostv.com\/wp-content\/uploads\/2019\/12\/NOVIAZGO-230x230.png 230w, https:\/\/cursoslazostv.com\/wp-content\/uploads\/2019\/12\/NOVIAZGO-600x600.png 600w, https:\/\/cursoslazostv.com\/wp-content\/uploads\/2019\/12\/NOVIAZGO-160x160.png 160w\" sizes=\"auto, (max-width: 1080px) 100vw, 1080px\" \/><\/a><\/div><\/div><div class=\"su-image-carousel-item\"><div class=\"su-image-carousel-item-content\"><a href=\"https:\/\/cursoslazostv.com\/index.php\/product\/curso-virtual-predicacion\/\" target=\"_blank\" rel=\"noopener noreferrer\" data-caption=\"\"><img loading=\"lazy\" decoding=\"async\" width=\"1080\" height=\"1080\" src=\"https:\/\/cursoslazostv.com\/wp-content\/uploads\/2019\/12\/PREDICACION.png\" class=\"\" alt=\"\" srcset=\"https:\/\/cursoslazostv.com\/wp-content\/uploads\/2019\/12\/PREDICACION.png 1080w, https:\/\/cursoslazostv.com\/wp-content\/uploads\/2019\/12\/PREDICACION-300x300.png 300w, https:\/\/cursoslazostv.com\/wp-content\/uploads\/2019\/12\/PREDICACION-1024x1024.png 1024w, https:\/\/cursoslazostv.com\/wp-content\/uploads\/2019\/12\/PREDICACION-150x150.png 150w, https:\/\/cursoslazostv.com\/wp-content\/uploads\/2019\/12\/PREDICACION-768x768.png 768w, https:\/\/cursoslazostv.com\/wp-content\/uploads\/2019\/12\/PREDICACION-460x460.png 460w, https:\/\/cursoslazostv.com\/wp-content\/uploads\/2019\/12\/PREDICACION-230x230.png 230w, https:\/\/cursoslazostv.com\/wp-content\/uploads\/2019\/12\/PREDICACION-600x600.png 600w, https:\/\/cursoslazostv.com\/wp-content\/uploads\/2019\/12\/PREDICACION-160x160.png 160w\" sizes=\"auto, (max-width: 1080px) 100vw, 1080px\" \/><\/a><\/div><\/div><div class=\"su-image-carousel-item\"><div class=\"su-image-carousel-item-content\"><a href=\"https:\/\/cursoslazostv.com\/index.php\/product\/curso-virtual-sanacion-y-liberacion\/\" target=\"_blank\" rel=\"noopener noreferrer\" data-caption=\"\"><img loading=\"lazy\" decoding=\"async\" width=\"1080\" height=\"1080\" src=\"https:\/\/cursoslazostv.com\/wp-content\/uploads\/2022\/05\/SANACION.png\" class=\"\" alt=\"\" srcset=\"https:\/\/cursoslazostv.com\/wp-content\/uploads\/2022\/05\/SANACION.png 1080w, https:\/\/cursoslazostv.com\/wp-content\/uploads\/2022\/05\/SANACION-300x300.png 300w, https:\/\/cursoslazostv.com\/wp-content\/uploads\/2022\/05\/SANACION-1024x1024.png 1024w, https:\/\/cursoslazostv.com\/wp-content\/uploads\/2022\/05\/SANACION-150x150.png 150w, https:\/\/cursoslazostv.com\/wp-content\/uploads\/2022\/05\/SANACION-768x768.png 768w, https:\/\/cursoslazostv.com\/wp-content\/uploads\/2022\/05\/SANACION-460x460.png 460w, https:\/\/cursoslazostv.com\/wp-content\/uploads\/2022\/05\/SANACION-230x230.png 230w, https:\/\/cursoslazostv.com\/wp-content\/uploads\/2022\/05\/SANACION-600x600.png 600w, https:\/\/cursoslazostv.com\/wp-content\/uploads\/2022\/05\/SANACION-160x160.png 160w\" sizes=\"auto, (max-width: 1080px) 100vw, 1080px\" \/><\/a><\/div><\/div><\/div><script id=\"su_image_carousel_69eb88c5779b5_script\">if(window.SUImageCarousel){setTimeout(function() {window.SUImageCarousel.initGallery(document.getElementById(\"su_image_carousel_69eb88c5779b5\"))}, 0);}var su_image_carousel_69eb88c5779b5_script=document.getElementById(\"su_image_carousel_69eb88c5779b5_script\");if(su_image_carousel_69eb88c5779b5_script){su_image_carousel_69eb88c5779b5_script.parentNode.removeChild(su_image_carousel_69eb88c5779b5_script);}<\/script>\n.<\/p>\n","protected":false},"excerpt":{"rendered":"<p>Dona a Lazos de Amor Mariano Lazos de Amor Mariano es un movimiento que busca formar corazones enamorados de Jes\u00fas a trav\u00e9s de la Consagraci\u00f3n a la Virgen Mar\u00eda. Pero este amor no se queda solo en palabras, tambi\u00e9n se traduce en obras concretas de servicio y caridad. Aqu\u00ed te [&hellip;]<\/p>\n","protected":false},"author":1,"featured_media":0,"parent":0,"menu_order":0,"comment_status":"closed","ping_status":"closed","template":"","meta":{"footnotes":""},"class_list":["post-917","page","type-page","status-publish","hentry"],"_links":{"self":[{"href":"https:\/\/cursoslazostv.com\/index.php\/wp-json\/wp\/v2\/pages\/917","targetHints":{"allow":["GET"]}}],"collection":[{"href":"https:\/\/cursoslazostv.com\/index.php\/wp-json\/wp\/v2\/pages"}],"about":[{"href":"https:\/\/cursoslazostv.com\/index.php\/wp-json\/wp\/v2\/types\/page"}],"author":[{"embeddable":true,"href":"https:\/\/cursoslazostv.com\/index.php\/wp-json\/wp\/v2\/users\/1"}],"replies":[{"embeddable":true,"href":"https:\/\/cursoslazostv.com\/index.php\/wp-json\/wp\/v2\/comments?post=917"}],"version-history":[{"count":106,"href":"https:\/\/cursoslazostv.com\/index.php\/wp-json\/wp\/v2\/pages\/917\/revisions"}],"predecessor-version":[{"id":12353,"href":"https:\/\/cursoslazostv.com\/index.php\/wp-json\/wp\/v2\/pages\/917\/revisions\/12353"}],"wp:attachment":[{"href":"https:\/\/cursoslazostv.com\/index.php\/wp-json\/wp\/v2\/media?parent=917"}],"curies":[{"name":"wp","href":"https:\/\/api.w.org\/{rel}","templated":true}]}}