{"id":12324,"date":"2025-11-07T08:37:11","date_gmt":"2025-11-07T13:37:11","guid":{"rendered":"https:\/\/cursoslazostv.com\/?post_type=product&#038;p=12324"},"modified":"2025-11-07T08:53:59","modified_gmt":"2025-11-07T13:53:59","slug":"3er-congreso-internacional-de-crianza-temperamento-y-virtud-diamantes-por-pulir-con-bruna-freitas-essencial","status":"publish","type":"product","link":"https:\/\/cursoslazostv.com\/index.php\/product\/3er-congreso-internacional-de-crianza-temperamento-y-virtud-diamantes-por-pulir-con-bruna-freitas-essencial\/","title":{"rendered":"3er Congreso Internacional de Crianza \u00abTemperamento y Virtud: Diamantes por Pulir\u00bb (Con Bruna Freitas) ESSENCIAL"},"content":{"rendered":"<p>El <strong>Centro Psicol\u00f3gico ESSENCIAL<\/strong> nos extiende la invitaci\u00f3n al 3er Congreso Internacional de Crianza \u00abTemperamento y Virtud: Diamantes por Pulir\u00bb (Con Bruna Freitas) Una oportunidad para comprender y transformar el temperamento de tus hijos en virtud, desde una mirada profunda, cotidiana y formativa.<\/p>\n<p>El congreso consta de <strong>3 charlas<\/strong> a las que puedes acceder de manera <strong>Virtual en VIDEO<\/strong> a trav\u00e9s de la plataforma de <strong>LAZOStv.com<\/strong><br \/>\nEl congreso tiene un costo de <strong>u$d 20<\/strong> (d\u00f3lares)<\/p>\n<p><strong>Estas son las charlas que contiene el Taller:<\/strong><\/p>\n<div class=\"su-row\"><div class=\"su-column su-column-size-1-2\"><div class=\"su-column-inner su-u-clearfix su-u-trim\">\n<div class=\"su-column su-column-size-1-2\"><div class=\"su-column-inner su-u-clearfix su-u-trim\"><\/div><\/div>\n<strong>1.<\/strong> Los temperamentos y principales virtudes para desarrollar en la primera infancia (Bruna Freitas Cordeiro)<br \/>\n<strong>2.<\/strong> Cuidar el alma para criar con virtud (J\u00e9sica Restrepo)<br \/>\n<strong>3.<\/strong> Principales virtudes para desarrollar en la segunda infancia (Bruna Freitas Cordeiro)<\/p>\n<p><center><em><\/p>\n<h5>Con la compra de este curso apoyas todo el trabajo de Evangelizaci\u00f3n que realizamos a trav\u00e9s de los medios de comunicaci\u00f3n.<\/strong><\/em><\/center><br \/>\n<\/div><\/div>\n<div class=\"su-column su-column-size-1-2\"><div class=\"su-column-inner su-u-clearfix su-u-trim\">\n<div class=\"su-spoiler su-spoiler-style-default su-spoiler-icon-plus su-spoiler-closed\" data-scroll-offset=\"0\" data-anchor-in-url=\"no\"><div class=\"su-spoiler-title\" tabindex=\"0\" role=\"button\"><span class=\"su-spoiler-icon\"><\/span>\u00bfComo funcionan los cursos?<\/div><div class=\"su-spoiler-content su-u-clearfix su-u-trim\">\nLos cursos se basan en charlas en <strong>VIDEO<\/strong> que ya fueron grabados as\u00ed que puedes acceder a ellos en <strong>cualquier horario<\/strong> y desde <strong>cualquier lugar o dispositivo<\/strong> que tenga acceso a Internet.<br \/>\n<\/div><\/div>\n<div class=\"su-spoiler su-spoiler-style-default su-spoiler-icon-plus su-spoiler-closed\" data-scroll-offset=\"0\" data-anchor-in-url=\"no\"><div class=\"su-spoiler-title\" tabindex=\"0\" role=\"button\"><span class=\"su-spoiler-icon\"><\/span>\u00bfTiene fecha de caducidad?<\/div><div class=\"su-spoiler-content su-u-clearfix su-u-trim\">\nNo, una vez adquieras el curso ya es tuyo y el acceso es permanente.<br \/>\n<\/div><\/div>\n<div class=\"su-spoiler su-spoiler-style-default su-spoiler-icon-plus su-spoiler-closed\" data-scroll-offset=\"0\" data-anchor-in-url=\"no\"><div class=\"su-spoiler-title\" tabindex=\"0\" role=\"button\"><span class=\"su-spoiler-icon\"><\/span>\u00bfLos cursos de LAZOStv son Certificados?<\/div><div class=\"su-spoiler-content su-u-clearfix su-u-trim\">\n\u26a0\ufe0f Nuestros cursos son s\u00f3lo cursos de crecimiento espiritual y de formaci\u00f3n para el apostolado, no son cursos certificados.<br \/>\n<\/div><\/div>\n<div class=\"su-spoiler su-spoiler-style-default su-spoiler-icon-plus su-spoiler-closed\" data-scroll-offset=\"0\" data-anchor-in-url=\"no\"><div class=\"su-spoiler-title\" tabindex=\"0\" role=\"button\"><span class=\"su-spoiler-icon\"><\/span>\u00bfC\u00f3mo puedo hacer la compra?<\/div><div class=\"su-spoiler-content su-u-clearfix su-u-trim\">\nEn la p\u00e1gina creas tu usuario y contrase\u00f1a y los vas agregando al \ud83d\uded2 <strong>carrito<\/strong> Cuando ya tengas todos los que deseas vas al \ud83d\uded2 <strong>carrito<\/strong> y das clic en finalizar compra. Una vez se haya realizado la transacci\u00f3n, quedar\u00e1n disponibles en el bot\u00f3n <strong>Descargas<\/strong> de tu cuenta y <strong>All\u00ed podr\u00e1s acceder a los cursos que compraste.<\/strong><br \/>\n<\/div><\/div>\n<div class=\"su-spoiler su-spoiler-style-default su-spoiler-icon-plus su-spoiler-closed\" data-scroll-offset=\"0\" data-anchor-in-url=\"no\"><div class=\"su-spoiler-title\" tabindex=\"0\" role=\"button\"><span class=\"su-spoiler-icon\"><\/span>\u00bfPorqu\u00e9 cobramos estos cursos?<\/div><div class=\"su-spoiler-content su-u-clearfix su-u-trim\">\nLa producci\u00f3n de todo el material audiovisual con el que cuenta <strong>LAZOStv<\/strong> tiene un costo <em>(Mantenimiento de equipos, log\u00edstica de grabaci\u00f3n y edici\u00f3n, plataformas de almacenamiento y distribuci\u00f3n en la nube, etc.)<\/em><\/p>\n<p>El dinero que recogemos con la venta de estos cursos virtuales ayudan al sostenimiento de la Productora Audiovisual de <strong>Lazos de Amor Mariano<\/strong> y La donaci\u00f3n que las personas hacen al comprar estos cursos ayudan al trabajo de evangelizaci\u00f3n que realizamos en diferentes apostolados.<\/p>\n<p><strong><em>Tambi\u00e9n tenemos una secci\u00f3n con varios cursos y mucho material gratuito al que puedes acceder, Aprov\u00e9chalo al m\u00e1ximo.<\/em><\/strong> \ud83d\ude09<br \/>\nhttps:\/\/cursoslazostv.com\/index.php\/product-category\/contenido-gratuito-free\/<br \/>\n<\/div><\/div>\n<\/div><\/div><\/div>\n<div class=\"su-note\"  style=\"border-color:#b3ccc8;border-radius:3px;-moz-border-radius:3px;-webkit-border-radius:3px;\"><div class=\"su-note-inner su-u-clearfix su-u-trim\" style=\"background-color:#cde6e2;border-color:#ffffff;color:#ffffff;border-radius:3px;-moz-border-radius:3px;-webkit-border-radius:3px;\"><center><img loading=\"lazy\" decoding=\"async\" src=\"https:\/\/cursoslazostv.com\/wp-content\/uploads\/2024\/03\/Sin-titulo-1-300x269.png\" alt=\"\" width=\"300\" height=\"269\" class=\"alignnone size-medium wp-image-8312\" srcset=\"https:\/\/cursoslazostv.com\/wp-content\/uploads\/2024\/03\/Sin-titulo-1-300x269.png 300w, https:\/\/cursoslazostv.com\/wp-content\/uploads\/2024\/03\/Sin-titulo-1-768x689.png 768w, https:\/\/cursoslazostv.com\/wp-content\/uploads\/2024\/03\/Sin-titulo-1-600x538.png 600w, https:\/\/cursoslazostv.com\/wp-content\/uploads\/2024\/03\/Sin-titulo-1.png 1019w\" sizes=\"auto, (max-width: 300px) 100vw, 300px\" \/><\/center><\/div><\/div>\n<div class=\"su-note\"  style=\"border-color:#9bacb3;border-radius:3px;-moz-border-radius:3px;-webkit-border-radius:3px;\"><div class=\"su-note-inner su-u-clearfix su-u-trim\" style=\"background-color:#b5c6cd;border-color:#ffffff;color:#ffffff;border-radius:3px;-moz-border-radius:3px;-webkit-border-radius:3px;\">\nAhora puedes acceder a todos tus cursos desde el bot\u00f3n \ud83d\udc64 <strong>MI CUENTA.<\/strong> <em>Simplemente ingresas tu correo y contrase\u00f1a y vas a la pesta\u00f1a <strong>Descargas.<\/strong> (Si no la recuerdas, das clic <strong>\u00bfOlvidaste la contrase\u00f1a?<\/strong> y te llegar\u00e1 un link a tu correo electr\u00f3nico para restablecerla.)<\/em><\/div><\/div>\n<p><strong>M\u00e1s informaci\u00f3n:<\/strong><br \/>\nWhatsApp <a href=\"http:\/\/wa.me\/+573004011900\" rel=\"noopener noreferrer\" target=\"_blank\">+573004011900<\/a><br \/>\n.<\/p>\n","protected":false},"excerpt":{"rendered":"<p>Una oportunidad para comprender y transformar el temperamento de tus hijos en virtud, desde una mirada profunda, cotidiana y formativa.<\/p>\n","protected":false},"featured_media":12325,"comment_status":"open","ping_status":"closed","template":"","meta":[],"product_brand":[],"product_cat":[19],"product_tag":[],"class_list":{"0":"post-12324","1":"product","2":"type-product","3":"status-publish","4":"has-post-thumbnail","6":"product_cat-cursos-virtuales-video","8":"first","9":"instock","10":"downloadable","11":"virtual","12":"purchasable","13":"product-type-simple"},"_links":{"self":[{"href":"https:\/\/cursoslazostv.com\/index.php\/wp-json\/wp\/v2\/product\/12324","targetHints":{"allow":["GET"]}}],"collection":[{"href":"https:\/\/cursoslazostv.com\/index.php\/wp-json\/wp\/v2\/product"}],"about":[{"href":"https:\/\/cursoslazostv.com\/index.php\/wp-json\/wp\/v2\/types\/product"}],"replies":[{"embeddable":true,"href":"https:\/\/cursoslazostv.com\/index.php\/wp-json\/wp\/v2\/comments?post=12324"}],"wp:featuredmedia":[{"embeddable":true,"href":"https:\/\/cursoslazostv.com\/index.php\/wp-json\/wp\/v2\/media\/12325"}],"wp:attachment":[{"href":"https:\/\/cursoslazostv.com\/index.php\/wp-json\/wp\/v2\/media?parent=12324"}],"wp:term":[{"taxonomy":"product_brand","embeddable":true,"href":"https:\/\/cursoslazostv.com\/index.php\/wp-json\/wp\/v2\/product_brand?post=12324"},{"taxonomy":"product_cat","embeddable":true,"href":"https:\/\/cursoslazostv.com\/index.php\/wp-json\/wp\/v2\/product_cat?post=12324"},{"taxonomy":"product_tag","embeddable":true,"href":"https:\/\/cursoslazostv.com\/index.php\/wp-json\/wp\/v2\/product_tag?post=12324"}],"curies":[{"name":"wp","href":"https:\/\/api.w.org\/{rel}","templated":true}]}}