{"id":12466,"date":"2026-01-06T22:40:31","date_gmt":"2026-01-07T03:40:31","guid":{"rendered":"https:\/\/cursoslazostv.com\/?post_type=product&#038;p=12466"},"modified":"2026-01-07T06:59:14","modified_gmt":"2026-01-07T11:59:14","slug":"coloreando-y-cantando-santa-laura-montoya-digital-pdf-para-imprimir","status":"publish","type":"product","link":"https:\/\/cursoslazostv.com\/index.php\/product\/coloreando-y-cantando-santa-laura-montoya-digital-pdf-para-imprimir\/","title":{"rendered":"COLOREANDO Y CANTANDO &#8211; Santa Laura Montoya (DIGITAL &#8211; PDF para IMPRIMIR)"},"content":{"rendered":"<div class=\"su-note\"  style=\"border-color:#c6cbcd;border-radius:3px;-moz-border-radius:3px;-webkit-border-radius:3px;\"><div class=\"su-note-inner su-u-clearfix su-u-trim\" style=\"background-color:#e0e5e7;border-color:#ffffff;color:#333333;border-radius:3px;-moz-border-radius:3px;-webkit-border-radius:3px;\"><em>* Los libros que ofrecemos en <strong>LAZOStv.com<\/strong> son en <strong>formato digital-PDF,<\/strong> si deseas comprar este libro en formato f\u00edsico, p\u00eddelo en una de las librer\u00edas de Lazos de Amor Mariano. <strong>(Consulta <a href=\"http:\/\/www.lazosdeamormariano.net\/donde-estamos\" rel=\"noopener noreferrer\" target=\"_blank\">AQU\u00cd<\/a> la m\u00e1s cercana)<\/strong><\/em><\/div><\/div>\n<p><strong>COLOREANDO Y CANTANDO la vida de los Santos<\/strong> es una serie pensada para que los ni\u00f1os descubran, a trav\u00e9s del color y la m\u00fasica, la alegr\u00eda de seguir a Jes\u00fas.<\/p>\n<p>Cada tomo presenta la vida de un santo de manera sencilla y cercana, invitando a los m\u00e1s peque\u00f1os a conocer sus virtudes y a inspirarse en su ejemplo.<\/p>\n<p>En estas p\u00e1ginas encontrar\u00e1n ilustraciones para colorear y un c\u00f3digo QR con una canci\u00f3n especial, para que puedan cantar mientras colorean los momentos m\u00e1s significativos de su vida.<\/p>\n<p>Un libro ideal donde aprender y jugar se unen para acercar los corazones al Cielo.<\/p>\n<p><em><strong>\u00a1Porque la Santidad tambi\u00e9n se aprende con el coraz\u00f3n, los colores\u2026 y la m\u00fasica!<\/strong><\/em><\/p>\n<p><strong>Esta es la historia que podr\u00e1s colorear:<\/strong><br \/>\n<div class=\"su-youtube su-u-responsive-media-yes\"><iframe loading=\"lazy\" width=\"100%\" height=\"400\" src=\"https:\/\/www.youtube.com\/embed\/rz5htQN34S0?\" frameborder=\"0\" allowfullscreen allow=\"autoplay; encrypted-media; picture-in-picture\" title=\"\"><\/iframe><\/div>\n","protected":false},"excerpt":{"rendered":"<p>COLOREANDO Y CANTANDO la vida de los Santos es una serie pensada para que los ni\u00f1os descubran, a trav\u00e9s del color y la m\u00fasica, la alegr\u00eda de seguir a Jes\u00fas.<\/p>\n","protected":false},"featured_media":12467,"comment_status":"open","ping_status":"closed","template":"","meta":[],"product_brand":[],"product_cat":[18],"product_tag":[],"class_list":{"0":"post-12466","1":"product","2":"type-product","3":"status-publish","4":"has-post-thumbnail","6":"product_cat-libros-virtuales-pdf","8":"first","9":"instock","10":"downloadable","11":"virtual","12":"purchasable","13":"product-type-simple"},"_links":{"self":[{"href":"https:\/\/cursoslazostv.com\/index.php\/wp-json\/wp\/v2\/product\/12466","targetHints":{"allow":["GET"]}}],"collection":[{"href":"https:\/\/cursoslazostv.com\/index.php\/wp-json\/wp\/v2\/product"}],"about":[{"href":"https:\/\/cursoslazostv.com\/index.php\/wp-json\/wp\/v2\/types\/product"}],"replies":[{"embeddable":true,"href":"https:\/\/cursoslazostv.com\/index.php\/wp-json\/wp\/v2\/comments?post=12466"}],"wp:featuredmedia":[{"embeddable":true,"href":"https:\/\/cursoslazostv.com\/index.php\/wp-json\/wp\/v2\/media\/12467"}],"wp:attachment":[{"href":"https:\/\/cursoslazostv.com\/index.php\/wp-json\/wp\/v2\/media?parent=12466"}],"wp:term":[{"taxonomy":"product_brand","embeddable":true,"href":"https:\/\/cursoslazostv.com\/index.php\/wp-json\/wp\/v2\/product_brand?post=12466"},{"taxonomy":"product_cat","embeddable":true,"href":"https:\/\/cursoslazostv.com\/index.php\/wp-json\/wp\/v2\/product_cat?post=12466"},{"taxonomy":"product_tag","embeddable":true,"href":"https:\/\/cursoslazostv.com\/index.php\/wp-json\/wp\/v2\/product_tag?post=12466"}],"curies":[{"name":"wp","href":"https:\/\/api.w.org\/{rel}","templated":true}]}}