{"id":12491,"date":"2026-01-17T18:38:52","date_gmt":"2026-01-17T23:38:52","guid":{"rendered":"https:\/\/cursoslazostv.com\/?post_type=product&#038;p=12491"},"modified":"2026-01-17T20:02:52","modified_gmt":"2026-01-18T01:02:52","slug":"florecillas-de-los-santos-tomo-1-florecillas-de-fe-digital-pdf","status":"publish","type":"product","link":"https:\/\/cursoslazostv.com\/index.php\/product\/florecillas-de-los-santos-tomo-1-florecillas-de-fe-digital-pdf\/","title":{"rendered":"FLORECILLAS DE LOS SANTOS &#8211; TOMO 1 Florecillas de Fe (DIGITAL &#8211; PDF)"},"content":{"rendered":"<div class=\"su-note\"  style=\"border-color:#c6cbcd;border-radius:3px;-moz-border-radius:3px;-webkit-border-radius:3px;\"><div class=\"su-note-inner su-u-clearfix su-u-trim\" style=\"background-color:#e0e5e7;border-color:#ffffff;color:#333333;border-radius:3px;-moz-border-radius:3px;-webkit-border-radius:3px;\"><em>* Los libros que ofrecemos en <strong>LAZOStv.com<\/strong> son en <strong>formato digital-PDF,<\/strong> si deseas comprar este libro en formato f\u00edsico, p\u00eddelo en una de las librer\u00edas de Lazos de Amor Mariano. <strong>(Consulta <a href=\"http:\/\/www.lazosdeamormariano.net\/donde-estamos\" rel=\"noopener noreferrer\" target=\"_blank\">AQU\u00cd<\/a> la m\u00e1s cercana)<\/strong><\/em><\/div><\/div>\n<p>Este primer tomo re\u00fane <strong>20 florecillas de fe:<\/strong> episodios breves, sorprendentes y profundamente humanos donde Dios interviene, transforma, consuela y hace brillar la virtud en medio de lo cotidiano. <strong>Cada historia viene ilustrada, con una reflexi\u00f3n y una oraci\u00f3n.<\/strong><\/p>\n<p>Este no es un libro para leer de prisa, sino para saborear, meditar y volver a abrir una y otra vez. Un compa\u00f1ero para la oraci\u00f3n, un puente hacia lo sobrenatural y un recordatorio de que Dios sigue actuando hoy como ayer.<\/p>\n<p>Porque la santidad no es un recuerdo del pasado, sino una historia que contin\u00faa escribi\u00e9ndose\u2026 Y t\u00fa est\u00e1s llamado a ser parte de ella.<\/p>\n<p><strong>Estas son las florecillas que encontrar\u00e1s en este tomo:<\/strong><\/p>\n<p><img loading=\"lazy\" decoding=\"async\" src=\"https:\/\/cursoslazostv.com\/wp-content\/uploads\/2026\/01\/P01.png\" alt=\"\" width=\"1055\" height=\"783\" class=\"alignnone size-full wp-image-12496\" srcset=\"https:\/\/cursoslazostv.com\/wp-content\/uploads\/2026\/01\/P01.png 1055w, https:\/\/cursoslazostv.com\/wp-content\/uploads\/2026\/01\/P01-300x223.png 300w, https:\/\/cursoslazostv.com\/wp-content\/uploads\/2026\/01\/P01-1024x760.png 1024w, https:\/\/cursoslazostv.com\/wp-content\/uploads\/2026\/01\/P01-768x570.png 768w, https:\/\/cursoslazostv.com\/wp-content\/uploads\/2026\/01\/P01-600x445.png 600w\" sizes=\"auto, (max-width: 1055px) 100vw, 1055px\" \/><br \/>\n<img loading=\"lazy\" decoding=\"async\" src=\"https:\/\/cursoslazostv.com\/wp-content\/uploads\/2026\/01\/p02.png\" alt=\"\" width=\"1054\" height=\"780\" class=\"alignnone size-full wp-image-12495\" srcset=\"https:\/\/cursoslazostv.com\/wp-content\/uploads\/2026\/01\/p02.png 1054w, https:\/\/cursoslazostv.com\/wp-content\/uploads\/2026\/01\/p02-300x222.png 300w, https:\/\/cursoslazostv.com\/wp-content\/uploads\/2026\/01\/p02-1024x758.png 1024w, https:\/\/cursoslazostv.com\/wp-content\/uploads\/2026\/01\/p02-768x568.png 768w, https:\/\/cursoslazostv.com\/wp-content\/uploads\/2026\/01\/p02-600x444.png 600w\" sizes=\"auto, (max-width: 1054px) 100vw, 1054px\" \/><br \/>\n<img loading=\"lazy\" decoding=\"async\" src=\"https:\/\/cursoslazostv.com\/wp-content\/uploads\/2026\/01\/p03.png\" alt=\"\" width=\"1054\" height=\"781\" class=\"alignnone size-full wp-image-12494\" srcset=\"https:\/\/cursoslazostv.com\/wp-content\/uploads\/2026\/01\/p03.png 1054w, https:\/\/cursoslazostv.com\/wp-content\/uploads\/2026\/01\/p03-300x222.png 300w, https:\/\/cursoslazostv.com\/wp-content\/uploads\/2026\/01\/p03-1024x759.png 1024w, https:\/\/cursoslazostv.com\/wp-content\/uploads\/2026\/01\/p03-768x569.png 768w, https:\/\/cursoslazostv.com\/wp-content\/uploads\/2026\/01\/p03-600x445.png 600w\" sizes=\"auto, (max-width: 1054px) 100vw, 1054px\" \/><\/p>\n","protected":false},"excerpt":{"rendered":"<p>Hay historias que iluminan la fe, peque\u00f1as chispas de cielo que se esconden en la vida de los santos.<\/p>\n","protected":false},"featured_media":12493,"comment_status":"open","ping_status":"closed","template":"","meta":[],"product_brand":[],"product_cat":[18],"product_tag":[],"class_list":{"0":"post-12491","1":"product","2":"type-product","3":"status-publish","4":"has-post-thumbnail","6":"product_cat-libros-virtuales-pdf","8":"first","9":"instock","10":"downloadable","11":"virtual","12":"purchasable","13":"product-type-simple"},"_links":{"self":[{"href":"https:\/\/cursoslazostv.com\/index.php\/wp-json\/wp\/v2\/product\/12491","targetHints":{"allow":["GET"]}}],"collection":[{"href":"https:\/\/cursoslazostv.com\/index.php\/wp-json\/wp\/v2\/product"}],"about":[{"href":"https:\/\/cursoslazostv.com\/index.php\/wp-json\/wp\/v2\/types\/product"}],"replies":[{"embeddable":true,"href":"https:\/\/cursoslazostv.com\/index.php\/wp-json\/wp\/v2\/comments?post=12491"}],"wp:featuredmedia":[{"embeddable":true,"href":"https:\/\/cursoslazostv.com\/index.php\/wp-json\/wp\/v2\/media\/12493"}],"wp:attachment":[{"href":"https:\/\/cursoslazostv.com\/index.php\/wp-json\/wp\/v2\/media?parent=12491"}],"wp:term":[{"taxonomy":"product_brand","embeddable":true,"href":"https:\/\/cursoslazostv.com\/index.php\/wp-json\/wp\/v2\/product_brand?post=12491"},{"taxonomy":"product_cat","embeddable":true,"href":"https:\/\/cursoslazostv.com\/index.php\/wp-json\/wp\/v2\/product_cat?post=12491"},{"taxonomy":"product_tag","embeddable":true,"href":"https:\/\/cursoslazostv.com\/index.php\/wp-json\/wp\/v2\/product_tag?post=12491"}],"curies":[{"name":"wp","href":"https:\/\/api.w.org\/{rel}","templated":true}]}}