{"id":4615,"date":"2019-12-18T10:55:25","date_gmt":"2019-12-18T15:55:25","guid":{"rendered":"https:\/\/cursoslazostv.com\/?post_type=product&#038;p=4615"},"modified":"2026-03-10T13:49:11","modified_gmt":"2026-03-10T18:49:11","slug":"sanjose","status":"publish","type":"product","link":"https:\/\/cursoslazostv.com\/index.php\/product\/sanjose\/","title":{"rendered":"San Jos\u00e9 &#8211; Esposo de la Virgen Mar\u00eda &#8211; (DIGITAL \u2013 PDF)"},"content":{"rendered":"<div class=\"su-note\"  style=\"border-color:#c6cbcd;border-radius:3px;-moz-border-radius:3px;-webkit-border-radius:3px;\"><div class=\"su-note-inner su-u-clearfix su-u-trim\" style=\"background-color:#e0e5e7;border-color:#ffffff;color:#333333;border-radius:3px;-moz-border-radius:3px;-webkit-border-radius:3px;\"><em>* Los libros que ofrecemos en <strong>LAZOStv.com<\/strong> son en <strong>formato digital-PDF,<\/strong> si deseas comprar este libro en formato f\u00edsico, p\u00eddelo en una de las librer\u00edas de Lazos de Amor Mariano. <strong>(Consulta <a href=\"http:\/\/www.lazosdeamormariano.net\/donde-estamos\" rel=\"noopener noreferrer\" target=\"_blank\">AQU\u00cd<\/a> la m\u00e1s cercana)<\/strong><\/em><\/div><\/div>\n<p>La gloria de San Jos\u00e9 no le viene primeramente de sus ascendientes, ni de sus actividades, ni de sus relaciones, ni siquiera de sus virtudes, sino m\u00e1s bien de su t\u00edtulo de \u00abesposo de Mar\u00eda\u00bb, de la cual naci\u00f3 Jes\u00fas.<\/p>\n<p>A la pregunta: \u00bfQui\u00e9n es Jos\u00e9?, la respuesta debe ser: El esposo de Mar\u00eda. A la pregunta: \u00bfQui\u00e9n es Mar\u00eda?, la respuesta es: la Virgen Inmaculada, que trajo al mundo a Cristo, el Salvador, el Hijo de Dios. Jos\u00e9 es el esposo de la Madre de Dios, el esposo de la Reina del Cielo, de la Madre de la Iglesia, de la Madre de todos los hombres.<\/p>\n<p>Nunca meditaremos bastante esta frase del Evangelio:<br \/>\n\u00abJos\u00e9, esposo de Mar\u00eda, de la cual naci\u00f3 Jes\u00fas, que se llama Cristo\u00bb. (Mat. 1, 16)<\/p>\n<p>Jos\u00e9, no es un personaje ficticio, inventado, es un hombre bien real, lleva el nombre que le dieron sus padres. \u00c9l, es el \u00faltimo eslab\u00f3n de una larga cadena que se remonta a Abraham.<\/p>\n<p>En realidad, por el Evangelio sabemos muy pocas cosas de este Santo Var\u00f3n, bien de su infancia, bien de su edad adulta. Sin embargo, por la Tradici\u00f3n y los m\u00edsticos, alcanzamos a reunir algunos datos de \u00e9l. Pero no podemos hablar de San Jos\u00e9 sin hablar de Mar\u00eda.<\/p>\n","protected":false},"excerpt":{"rendered":"<p>Jos\u00e9, no es un personaje ficticio, inventado, es un hombre bien real, lleva el nombre que le dieron sus padres. \u00c9l, es el \u00faltimo eslab\u00f3n de una larga cadena que se remonta a Abraham. En realidad, por el Evangelio sabemos muy pocas cosas de este Santo Var\u00f3n, bien de su infancia, bien de su edad adulta. Sin embargo, por la Tradici\u00f3n y los m\u00edsticos, alcanzamos a reunir algunos datos de \u00e9l. Pero no podemos hablar de San Jos\u00e9 sin hablar de Mar\u00eda.<\/p>\n","protected":false},"featured_media":4616,"comment_status":"open","ping_status":"closed","template":"","meta":[],"product_brand":[],"product_cat":[18],"product_tag":[],"class_list":{"0":"post-4615","1":"product","2":"type-product","3":"status-publish","4":"has-post-thumbnail","6":"product_cat-libros-virtuales-pdf","8":"first","9":"instock","10":"downloadable","11":"virtual","12":"purchasable","13":"product-type-simple"},"_links":{"self":[{"href":"https:\/\/cursoslazostv.com\/index.php\/wp-json\/wp\/v2\/product\/4615","targetHints":{"allow":["GET"]}}],"collection":[{"href":"https:\/\/cursoslazostv.com\/index.php\/wp-json\/wp\/v2\/product"}],"about":[{"href":"https:\/\/cursoslazostv.com\/index.php\/wp-json\/wp\/v2\/types\/product"}],"replies":[{"embeddable":true,"href":"https:\/\/cursoslazostv.com\/index.php\/wp-json\/wp\/v2\/comments?post=4615"}],"wp:featuredmedia":[{"embeddable":true,"href":"https:\/\/cursoslazostv.com\/index.php\/wp-json\/wp\/v2\/media\/4616"}],"wp:attachment":[{"href":"https:\/\/cursoslazostv.com\/index.php\/wp-json\/wp\/v2\/media?parent=4615"}],"wp:term":[{"taxonomy":"product_brand","embeddable":true,"href":"https:\/\/cursoslazostv.com\/index.php\/wp-json\/wp\/v2\/product_brand?post=4615"},{"taxonomy":"product_cat","embeddable":true,"href":"https:\/\/cursoslazostv.com\/index.php\/wp-json\/wp\/v2\/product_cat?post=4615"},{"taxonomy":"product_tag","embeddable":true,"href":"https:\/\/cursoslazostv.com\/index.php\/wp-json\/wp\/v2\/product_tag?post=4615"}],"curies":[{"name":"wp","href":"https:\/\/api.w.org\/{rel}","templated":true}]}}