{"id":5680,"date":"2022-05-10T18:29:04","date_gmt":"2022-05-10T23:29:04","guid":{"rendered":"https:\/\/cursoslazostv.com\/?post_type=product&#038;p=5680"},"modified":"2025-02-20T20:15:25","modified_gmt":"2025-02-21T01:15:25","slug":"curso-virtual-principios-de-la-doctrina-social-de-la-iglesia-aplicados-al-trabajo","status":"publish","type":"product","link":"https:\/\/cursoslazostv.com\/index.php\/product\/curso-virtual-principios-de-la-doctrina-social-de-la-iglesia-aplicados-al-trabajo\/","title":{"rendered":"Curso VIRTUAL \u00abPrincipios de la doctrina Social de la Iglesia aplicados al Trabajo\u00bb"},"content":{"rendered":"<p>Si est\u00e1s interesado en aplicar la <strong>Doctrina Social de la Iglesia<\/strong> en tu trabajo, profesi\u00f3n o empresa te invitamos a que participes <strong>por primera vez<\/strong> en este <strong>Curso Virtual<\/strong> que nos ofrece \u00abICTUS\u00bb.<\/p>\n<p>El curso inicia el <strong>Martes 1 de Febrero<\/strong> y consta de <strong>5 sesiones<\/strong> en las que veremos los <strong>Principios de la Doctrina Social de la Iglesia,<\/strong> esta ves enfocados al trabajo  y que te ayudar\u00e1n a orientar tu acci\u00f3n social y laboral, para lograr as\u00ed un mundo m\u00e1s humano y m\u00e1s justo.<\/p>\n<p>El curso es dictado por <strong>Yuliana Ram\u00edrez<\/strong> (Te\u00f3loga) y <strong>Fredy Ossa<\/strong> (Fil\u00f3sofo en formaci\u00f3n) Matrimonio misionero que, a trav\u00e9s de su vivencia en la cotidianidad como laicos, han dedicado un esfuerzo en aplicar al m\u00e1ximo la doctrina social de la Iglesia en su ambiente laboral y en este curso nos comparten su experiencia.<\/p>\n<p>El curso Consta de <strong>5 Sesiones<\/strong> a las que puedes acceder de manera <strong>Virtual en VIDEO<\/strong> a trav\u00e9s de la plataforma de <strong>LAZOStv.com<\/strong> <em>(All\u00ed quedar\u00e1n disponibles desde el momento de la emisi\u00f3n para que incluso puedas consultarla posteriormente)<\/em><\/p>\n<p><strong>Sesi\u00f3n 1.<\/strong> Introducci\u00f3n a la Doctrina Social de la Iglesia y su repercusi\u00f3n en el trabajo.<br \/>\n<strong>Sesi\u00f3n 2.<\/strong> Principio de la Dignidad de la persona humana.<br \/>\n<strong>Sesi\u00f3n 3.<\/strong> Principio del bien com\u00fan.<br \/>\n<strong>Sesi\u00f3n 4.<\/strong> Principio de la Subsidiaridad.<br \/>\n<strong>Sesi\u00f3n 6.<\/strong> Preguntas y respuestas (((EN VIVO))).<\/p>\n<p><em>Si no puedes estar en esas fechas <strong>no te preocupes,<\/strong> todos los videos quedar\u00e1n grabados y disponibles en la plataforma para que los veas en el momento que desees.<\/em><\/p>\n<p>El curos tiene un costo de <strong>u$d 20<\/strong> (d\u00f3lares)<\/p>\n<p><en>Con la compra de este kit apoyas todo el trabajo de Evangelizaci\u00f3n que realizamos a trav\u00e9s de los medios de comunicaci\u00f3n.<\/em><\/p>\n<div class=\"su-youtube su-u-responsive-media-yes\"><iframe loading=\"lazy\" width=\"100%\" height=\"400\" src=\"https:\/\/www.youtube.com\/embed\/UGI2y8890oI?\" frameborder=\"0\" allowfullscreen allow=\"autoplay; encrypted-media; picture-in-picture\" title=\"\"><\/iframe><\/div>\n<div class=\"su-note\"  style=\"border-color:#9bacb3;border-radius:3px;-moz-border-radius:3px;-webkit-border-radius:3px;\"><div class=\"su-note-inner su-u-clearfix su-u-trim\" style=\"background-color:#b5c6cd;border-color:#ffffff;color:#ffffff;border-radius:3px;-moz-border-radius:3px;-webkit-border-radius:3px;\">\nAhora puedes acceder a todos tus cursos desde el bot\u00f3n \ud83d\udc64 <strong>MI CUENTA.<\/strong> <em>Simplemente ingresas tu correo y contrase\u00f1a y vas a la pesta\u00f1a <strong>Descargas.<\/strong> (Si no la recuerdas, das clic <strong>\u00bfOlvidaste la contrase\u00f1a?<\/strong> y te llegar\u00e1 un link a tu correo electr\u00f3nico para restablecerla.)<\/em><\/div><\/div>\n<p><strong>M\u00e1s informaci\u00f3n:<\/strong><br \/>\nWhatsApp <a href=\"http:\/\/wa.me\/+573004011900\" rel=\"noopener noreferrer\" target=\"_blank\">+573004011900<\/a><\/p>\n<div class=\"su-spoiler su-spoiler-style-default su-spoiler-icon-plus su-spoiler-closed\" data-scroll-offset=\"0\" data-anchor-in-url=\"no\"><div class=\"su-spoiler-title\" tabindex=\"0\" role=\"button\"><span class=\"su-spoiler-icon\"><\/span>\u00bfPorqu\u00e9 cobramos estos cursos?<\/div><div class=\"su-spoiler-content su-u-clearfix su-u-trim\">\nLa producci\u00f3n de todo el material audiovisual con el que cuenta <strong>Lazos Producciones<\/strong> tiene un costo <em>(Mantenimiento de equipos, log\u00edstica de grabaci\u00f3n y edici\u00f3n, plataformas de almacenamiento y distribuci\u00f3n en la nube, etc.)<\/em><\/p>\n<p>Tenemos al rededor de <strong>2.000 Videos<\/strong> en nuestro canal de <strong>YouTube:<\/strong> <a href=\"https:\/\/www.youtube.com\/user\/lazosnet\/playlists\">https:\/\/www.youtube.com\/user\/lazosnet\/playlists<\/a> y unos <strong>1000 Videos<\/strong> en el sitio para Misioneros. <strong>A todos estos se puede acceder de manera gratuita.<\/strong><\/p>\n<p>El dinero que recogemos con la venta de estos cursos virtuales ayudan al sostenimiento de la Productora y el canal <strong>lazostv.com<\/strong> <em>(24 horas de programaci\u00f3n)<\/em> La donaci\u00f3n que las personas hacen al comprar estos cursos ayudan al trabajo de evangelizaci\u00f3n que se hace en los medios de comunicaci\u00f3n. <\/p>\n<p>Hemos intentado recoger donaciones para poder subsidiar los gastos de la productora y no tener que cobrar estos cursos, pero ha siso dif\u00edcil alcanzar lo que mes a mes hay que pagar&#8230; <strong>Bendito Dios&#8230; pero bueno&#8230; en el tiempo de Dios podremos hacerlo<\/strong> Nos encomendamos en tus oraciones!<br \/>\n<\/div><\/div>\n","protected":false},"excerpt":{"rendered":"<p>\u00bfC\u00f3mo agradar a Dios con tu trabajo?&#8230; \u00bfSab\u00edas que desde el ejercicio de tu profesi\u00f3n puedes aportar a la transformaci\u00f3n social? \u00bfpiensas que la Doctrina Social de la Iglesia es algo distante u dif\u00edcil de entender? \u00bfSab\u00edas que sus ense\u00f1anzas pueden cambiar tu trabajo, profesi\u00f3n o empresa?<\/p>\n[su_button url=\"https:\/\/cursoslazostv.com\/index.php\/contenido-especial\/curso-principios-de-la-dsi-aplicados-al-trabajo\/\" style=\"3d\" background=\"#00b5ca\" size=\"9\" icon=\"icon: cut-key\"]ACCEDER[\/su_button]\n","protected":false},"featured_media":5681,"comment_status":"open","ping_status":"closed","template":"","meta":[],"product_brand":[],"product_cat":[22],"product_tag":[],"class_list":{"0":"post-5680","1":"product","2":"type-product","3":"status-publish","4":"has-post-thumbnail","6":"product_cat-contenido-gratuito-free","8":"first","9":"instock","10":"downloadable","11":"virtual","12":"purchasable","13":"product-type-simple"},"_links":{"self":[{"href":"https:\/\/cursoslazostv.com\/index.php\/wp-json\/wp\/v2\/product\/5680","targetHints":{"allow":["GET"]}}],"collection":[{"href":"https:\/\/cursoslazostv.com\/index.php\/wp-json\/wp\/v2\/product"}],"about":[{"href":"https:\/\/cursoslazostv.com\/index.php\/wp-json\/wp\/v2\/types\/product"}],"replies":[{"embeddable":true,"href":"https:\/\/cursoslazostv.com\/index.php\/wp-json\/wp\/v2\/comments?post=5680"}],"wp:featuredmedia":[{"embeddable":true,"href":"https:\/\/cursoslazostv.com\/index.php\/wp-json\/wp\/v2\/media\/5681"}],"wp:attachment":[{"href":"https:\/\/cursoslazostv.com\/index.php\/wp-json\/wp\/v2\/media?parent=5680"}],"wp:term":[{"taxonomy":"product_brand","embeddable":true,"href":"https:\/\/cursoslazostv.com\/index.php\/wp-json\/wp\/v2\/product_brand?post=5680"},{"taxonomy":"product_cat","embeddable":true,"href":"https:\/\/cursoslazostv.com\/index.php\/wp-json\/wp\/v2\/product_cat?post=5680"},{"taxonomy":"product_tag","embeddable":true,"href":"https:\/\/cursoslazostv.com\/index.php\/wp-json\/wp\/v2\/product_tag?post=5680"}],"curies":[{"name":"wp","href":"https:\/\/api.w.org\/{rel}","templated":true}]}}