{"id":5767,"date":"2022-01-24T15:53:03","date_gmt":"2022-01-24T20:53:03","guid":{"rendered":"https:\/\/cursoslazostv.com\/?post_type=product&#038;p=5767"},"modified":"2023-06-04T11:06:43","modified_gmt":"2023-06-04T16:06:43","slug":"curso-virtual-preparacion-para-la-consagracion-a-jesus-por-maria","status":"publish","type":"product","link":"https:\/\/cursoslazostv.com\/index.php\/product\/curso-virtual-preparacion-para-la-consagracion-a-jesus-por-maria\/","title":{"rendered":"Curso VIRTUAL (((GRATUITO))) \u00abPreparaci\u00f3n para la Consagraci\u00f3n a Jes\u00fas por Mar\u00eda\u00bb"},"content":{"rendered":"<p>\u00c9sta Ser\u00e1 una Preparaci\u00f3n Intensiva de 33 d\u00edas.<\/p>\n<p>\u00abA quien Dios quiere hacer muy santo lo hace muy devoto de la Virgen Mar\u00eda\u00bb (S. Luis de Montfort).<\/p>\n<p><strong>Aqu\u00ed puedes ver un poco de qu\u00e9 se trata el curso:<\/strong><br \/>\n<div class=\"su-youtube su-u-responsive-media-yes\"><iframe loading=\"lazy\" width=\"100%\" height=\"400\" src=\"https:\/\/www.youtube.com\/embed\/dPJCS_rhTlY?\" frameborder=\"0\" allowfullscreen allow=\"autoplay; encrypted-media; picture-in-picture\" title=\"\"><\/iframe><\/div>\n<a href=\"https:\/\/cursoslazostv.com\/index.php\/curso-preparacion-para-la-consagracion-a-jesus-por-maria\/\" class=\"su-button su-button-style-3d\" style=\"color:#FFFFFF;background-color:#00b5ca;border-color:#0091a2;border-radius:11px\" target=\"_self\"><span style=\"color:#FFFFFF;padding:9px 28px;font-size:21px;line-height:32px;border-color:#4dccda;border-radius:11px;text-shadow:none\"><i class=\"sui sui-cut-key\" style=\"font-size:21px;color:#FFFFFF\"><\/i> EMPEZAR<\/span><\/a>\n.<br \/>\n<strong>M\u00e1s informaci\u00f3n:<\/strong><br \/>\nWhatsApp <a href=\"http:\/\/wa.me\/+573004011900\" rel=\"noopener noreferrer\" target=\"_blank\">+573004011900<\/a><\/p>\n<div class=\"su-spoiler su-spoiler-style-default su-spoiler-icon-plus su-spoiler-closed\" data-scroll-offset=\"0\" data-anchor-in-url=\"no\"><div class=\"su-spoiler-title\" tabindex=\"0\" role=\"button\"><span class=\"su-spoiler-icon\"><\/span>\u00bfPorqu\u00e9 cobramos estos cursos?<\/div><div class=\"su-spoiler-content su-u-clearfix su-u-trim\">\nLa producci\u00f3n de todo el material audiovisual con el que cuenta <strong>Lazos Producciones<\/strong> tiene un costo <em>(Mantenimiento de equipos, log\u00edstica de grabaci\u00f3n y edici\u00f3n, plataformas de almacenamiento y distribuci\u00f3n en la nube, etc.)<\/em><\/p>\n<p>Tenemos al rededor de <strong>2.000 Videos<\/strong> en nuestro canal de <strong>YouTube:<\/strong> <a href=\"https:\/\/www.youtube.com\/user\/lazosnet\/playlists\">https:\/\/www.youtube.com\/user\/lazosnet\/playlists<\/a> y unos <strong>1000 Videos<\/strong> en el sitio para Misioneros. <strong>A todos estos se puede acceder de manera gratuita.<\/strong><\/p>\n<p>El dinero que recogemos con la venta de estos cursos virtuales ayudan al sostenimiento de la Productora y el canal <strong>lazostv.com<\/strong> <em>(24 horas de programaci\u00f3n)<\/em> La donaci\u00f3n que las personas hacen al comprar estos cursos ayudan al trabajo de evangelizaci\u00f3n que se hace en los medios de comunicaci\u00f3n. <\/p>\n<p>Hemos intentado recoger donaciones para poder subsidiar los gastos de la productora y no tener que cobrar estos cursos, pero ha siso dif\u00edcil alcanzar lo que mes a mes hay que pagar&#8230; <strong>Bendito Dios&#8230; pero bueno&#8230; en el tiempo de Dios podremos hacerlo<\/strong> Nos encomendamos en tus oraciones!<br \/>\n<\/div><\/div>\n","protected":false},"excerpt":{"rendered":"<p>\u00abA quien Dios quiere hacer muy santo lo hace muy devoto de la Virgen Mar\u00eda\u00bb (S. Luis de Montfort).<\/p>\n[su_button url=\"https:\/\/cursoslazostv.com\/index.php\/curso-preparacion-para-la-consagracion-a-jesus-por-maria\/\" style=\"3d\" background=\"#00b5ca\" size=\"9\" icon=\"icon: cut-key\"]EMPEZAR[\/su_button]\n","protected":false},"featured_media":5768,"comment_status":"open","ping_status":"closed","template":"","meta":[],"product_brand":[],"product_cat":[22],"product_tag":[],"class_list":{"0":"post-5767","1":"product","2":"type-product","3":"status-publish","4":"has-post-thumbnail","6":"product_cat-contenido-gratuito-free","8":"first","9":"instock","10":"downloadable","11":"shipping-taxable","12":"purchasable","13":"product-type-simple"},"_links":{"self":[{"href":"https:\/\/cursoslazostv.com\/index.php\/wp-json\/wp\/v2\/product\/5767","targetHints":{"allow":["GET"]}}],"collection":[{"href":"https:\/\/cursoslazostv.com\/index.php\/wp-json\/wp\/v2\/product"}],"about":[{"href":"https:\/\/cursoslazostv.com\/index.php\/wp-json\/wp\/v2\/types\/product"}],"replies":[{"embeddable":true,"href":"https:\/\/cursoslazostv.com\/index.php\/wp-json\/wp\/v2\/comments?post=5767"}],"wp:featuredmedia":[{"embeddable":true,"href":"https:\/\/cursoslazostv.com\/index.php\/wp-json\/wp\/v2\/media\/5768"}],"wp:attachment":[{"href":"https:\/\/cursoslazostv.com\/index.php\/wp-json\/wp\/v2\/media?parent=5767"}],"wp:term":[{"taxonomy":"product_brand","embeddable":true,"href":"https:\/\/cursoslazostv.com\/index.php\/wp-json\/wp\/v2\/product_brand?post=5767"},{"taxonomy":"product_cat","embeddable":true,"href":"https:\/\/cursoslazostv.com\/index.php\/wp-json\/wp\/v2\/product_cat?post=5767"},{"taxonomy":"product_tag","embeddable":true,"href":"https:\/\/cursoslazostv.com\/index.php\/wp-json\/wp\/v2\/product_tag?post=5767"}],"curies":[{"name":"wp","href":"https:\/\/api.w.org\/{rel}","templated":true}]}}