{"id":6119,"date":"2022-05-11T10:13:38","date_gmt":"2022-05-11T15:13:38","guid":{"rendered":"https:\/\/cursoslazostv.com\/?post_type=product&#038;p=6119"},"modified":"2025-10-01T15:31:12","modified_gmt":"2025-10-01T20:31:12","slug":"curso-virtual-como-proteger-la-familia-contra-los-ataques-del-demonio","status":"publish","type":"product","link":"https:\/\/cursoslazostv.com\/index.php\/product\/curso-virtual-como-proteger-la-familia-contra-los-ataques-del-demonio\/","title":{"rendered":"Curso VIRTUAL \u00ab\u00bfC\u00f3mo proteger la familia contra los ataques del demonio?\u00bb"},"content":{"rendered":"<p>El curso <strong>\u201c\u00bb\u00bfC\u00f3mo proteger la familia contra los ataques del demonio?\u00bb\u201d<\/strong> Es un curso dictado por <strong>Santiago Correa y \u00d3scar Rodr\u00edguez,<\/strong> Misioneros laicos y adem\u00e1s docentes del <strong>Colegio Sapiencia.<\/strong> <em>A trav\u00e9s de su apostolado y el trabajo en el \u00e1rea de la educaci\u00f3n han logrado leer una triste realidad a la que se ve enfrentada la familia hoy.<\/em> <strong>Y es necesario saber actuar.<\/strong><\/p>\n<p>El curso Consta de <strong>12 Clases<\/strong> a las que puedes acceder de manera Virtual en VIDEO.<br \/>\nTodo el curso tiene un costo de <strong>U$20<\/strong> (D\u00f3lar estadounidense)<\/p>\n<p><strong>Aqu\u00ed puedes ver un poco de qu\u00e9 se trata el curso:<\/strong><br \/>\n<div class=\"su-youtube su-u-responsive-media-yes\"><iframe loading=\"lazy\" width=\"100%\" height=\"400\" src=\"https:\/\/www.youtube.com\/embed\/bPoVPr9Ixdo?\" frameborder=\"0\" allowfullscreen allow=\"autoplay; encrypted-media; picture-in-picture\" title=\"\"><\/iframe><\/div>\n<p><strong>Estas son las charlas que contiene el Curso:<\/strong><\/p>\n<div class=\"su-row\"><div class=\"su-column su-column-size-1-2\"><div class=\"su-column-inner su-u-clearfix su-u-trim\">\n<div class=\"su-column su-column-size-1-2\"><div class=\"su-column-inner su-u-clearfix su-u-trim\"><\/div><\/div>\n<a href=\"https:\/\/youtu.be\/SQq0FYUeeXQ\" rel=\"noopener noreferrer\" target=\"_blank\"><b>Clase 1.<\/b> Plan de Dios en la Familia - Parte 1 (Santiago Correa)<\/a><br \/>\n<b>Clase 2.<\/b> Plan de Dios en la Familia - Parte 2 (Santiago Correa)<br \/>\n<b>Clase 3.<\/b> Demonio: Enemigo de tu familia (\u00d3scar Rodr\u00edguez)<br \/>\n<b>Clase 4.<\/b> El ataque a la familia hoy (\u00d3scar Rodr\u00edguez)<br \/>\n<b>Clase 5.<\/b> Preguntas y respuestas (Parte 1) (\u00d3scar Rodr\u00edguez)<br \/>\n<b>Clase 6.<\/b> La batalla espiritual en el matrimonio (\u00d3scar Rodr\u00edguez)<br \/>\n<b>Clase 7.<\/b> El poder de protecci\u00f3n de Dios en las Sagradas Escrituras (\u00d3scar Rodr\u00edguez)<br \/>\n<b>Clase 8.<\/b> El poder de la Oraci\u00f3n (\u00d3scar Rodr\u00edguez)<br \/>\n<b>Clase 9.<\/b> Armas espirituales contra el demonio (\u00d3scar Rodr\u00edguez)<br \/>\n<b>Clase 10.<\/b> \u00a1Van por tus hijos! (\u00d3scar Rodr\u00edguez)<br \/>\n<b>Clase 11.<\/b> Los santos una luz en medio de las tinieblas (\u00d3scar Rodr\u00edguez)<br \/>\n<b>Clase 12.<\/b> Preguntas y respuestas (Parte 2) (\u00d3scar Rodr\u00edguez)<br \/>\n<\/div><\/div>\n<div class=\"su-column su-column-size-1-2\"><div class=\"su-column-inner su-u-clearfix su-u-trim\">\n<div class=\"su-spoiler su-spoiler-style-default su-spoiler-icon-plus su-spoiler-closed\" data-scroll-offset=\"0\" data-anchor-in-url=\"no\"><div class=\"su-spoiler-title\" tabindex=\"0\" role=\"button\"><span class=\"su-spoiler-icon\"><\/span>\u00bfComo funcionan los cursos?<\/div><div class=\"su-spoiler-content su-u-clearfix su-u-trim\">\nLos cursos se basan en charlas en <strong>VIDEO<\/strong> que ya fueron grabados as\u00ed que puedes acceder a ellos en <strong>cualquier horario<\/strong> y desde <strong>cualquier lugar o dispositivo<\/strong> que tenga acceso a Internet.<br \/>\n<\/div><\/div>\n<div class=\"su-spoiler su-spoiler-style-default su-spoiler-icon-plus su-spoiler-closed\" data-scroll-offset=\"0\" data-anchor-in-url=\"no\"><div class=\"su-spoiler-title\" tabindex=\"0\" role=\"button\"><span class=\"su-spoiler-icon\"><\/span>\u00bfTiene fecha de caducidad?<\/div><div class=\"su-spoiler-content su-u-clearfix su-u-trim\">\nNo, una vez adquieras el curso ya es tuyo y el acceso es permanente.<br \/>\n<\/div><\/div>\n<div class=\"su-spoiler su-spoiler-style-default su-spoiler-icon-plus su-spoiler-closed\" data-scroll-offset=\"0\" data-anchor-in-url=\"no\"><div class=\"su-spoiler-title\" tabindex=\"0\" role=\"button\"><span class=\"su-spoiler-icon\"><\/span>\u00bfLos cursos de LAZOStv son Certificados?<\/div><div class=\"su-spoiler-content su-u-clearfix su-u-trim\">\n\u26a0\ufe0f Nuestros cursos son s\u00f3lo cursos de crecimiento espiritual y de formaci\u00f3n para el apostolado, no son cursos certificados.<br \/>\n<\/div><\/div>\n<div class=\"su-spoiler su-spoiler-style-default su-spoiler-icon-plus su-spoiler-closed\" data-scroll-offset=\"0\" data-anchor-in-url=\"no\"><div class=\"su-spoiler-title\" tabindex=\"0\" role=\"button\"><span class=\"su-spoiler-icon\"><\/span>\u00bfC\u00f3mo puedo hacer la compra?<\/div><div class=\"su-spoiler-content su-u-clearfix su-u-trim\">\nEn la p\u00e1gina creas tu usuario y contrase\u00f1a y los vas agregando al \ud83d\uded2 <strong>carrito<\/strong> Cuando ya tengas todos los que deseas vas al \ud83d\uded2 <strong>carrito<\/strong> y das clic en finalizar compra. Una vez se haya realizado la transacci\u00f3n, quedar\u00e1n disponibles en el bot\u00f3n <strong>Descargas<\/strong> de tu cuenta y <strong>All\u00ed podr\u00e1s acceder a los cursos que compraste.<\/strong><br \/>\n<\/div><\/div>\n<div class=\"su-spoiler su-spoiler-style-default su-spoiler-icon-plus su-spoiler-closed\" data-scroll-offset=\"0\" data-anchor-in-url=\"no\"><div class=\"su-spoiler-title\" tabindex=\"0\" role=\"button\"><span class=\"su-spoiler-icon\"><\/span>\u00bfPorqu\u00e9 cobramos estos cursos?<\/div><div class=\"su-spoiler-content su-u-clearfix su-u-trim\">\nLa producci\u00f3n de todo el material audiovisual con el que cuenta <strong>LAZOStv<\/strong> tiene un costo <em>(Mantenimiento de equipos, log\u00edstica de grabaci\u00f3n y edici\u00f3n, plataformas de almacenamiento y distribuci\u00f3n en la nube, etc.)<\/em><\/p>\n<p>El dinero que recogemos con la venta de estos cursos virtuales ayudan al sostenimiento de la Productora Audiovisual de <strong>Lazos de Amor Mariano<\/strong> y La donaci\u00f3n que las personas hacen al comprar estos cursos ayudan al trabajo de evangelizaci\u00f3n que realizamos en diferentes apostolados.<\/p>\n<p><strong><em>Tambi\u00e9n tenemos una secci\u00f3n con varios cursos y mucho material gratuito al que puedes acceder, Aprov\u00e9chalo al m\u00e1ximo.<\/em><\/strong> \ud83d\ude09<br \/>\nhttps:\/\/cursoslazostv.com\/index.php\/product-category\/contenido-gratuito-free\/<br \/>\n<\/div><\/div>\n<\/div><\/div><\/div>\n<div class=\"su-note\"  style=\"border-color:#9bacb3;border-radius:3px;-moz-border-radius:3px;-webkit-border-radius:3px;\"><div class=\"su-note-inner su-u-clearfix su-u-trim\" style=\"background-color:#b5c6cd;border-color:#ffffff;color:#ffffff;border-radius:3px;-moz-border-radius:3px;-webkit-border-radius:3px;\">\nAhora puedes acceder a todos tus cursos desde el bot\u00f3n \ud83d\udc64 <strong>MI CUENTA.<\/strong> <em>Simplemente ingresas tu correo y contrase\u00f1a y vas a la pesta\u00f1a <strong>Descargas.<\/strong> (Si no la recuerdas, das clic <strong>\u00bfOlvidaste la contrase\u00f1a?<\/strong> y te llegar\u00e1 un link a tu correo electr\u00f3nico para restablecerla.)<\/em><\/div><\/div>\n<p><center><em><\/p>\n<h5>Con la compra de este curso apoyas todo el trabajo de Evangelizaci\u00f3n que realizamos a trav\u00e9s de los medios de comunicaci\u00f3n.<\/strong><\/em><\/center><br \/>\n<strong>M\u00e1s informaci\u00f3n:<\/strong><br \/>\nWhatsApp <a href=\"http:\/\/wa.me\/+573004011900\" rel=\"noopener noreferrer\" target=\"_blank\">+573004011900<\/a><br \/>\n.<\/p>\n","protected":false},"excerpt":{"rendered":"<p>\u00bfSabes cu\u00e1l es el plan original de Dios y porqu\u00e9 satan\u00e1s est\u00e1 empe\u00f1ado en destruirlo? \u00bfConoces los dones y gracias que Dios da a la Familia y que satan\u00e1s no quiere que sepas? \u00bfDe qu\u00e9 manera se ha infiltrado el demonio en la educaci\u00f3n de nuestros hijos?<\/p>\n","protected":false},"featured_media":6120,"comment_status":"open","ping_status":"closed","template":"","meta":[],"product_brand":[],"product_cat":[19],"product_tag":[],"class_list":{"0":"post-6119","1":"product","2":"type-product","3":"status-publish","4":"has-post-thumbnail","6":"product_cat-cursos-virtuales-video","8":"first","9":"instock","10":"downloadable","11":"virtual","12":"purchasable","13":"product-type-simple"},"_links":{"self":[{"href":"https:\/\/cursoslazostv.com\/index.php\/wp-json\/wp\/v2\/product\/6119","targetHints":{"allow":["GET"]}}],"collection":[{"href":"https:\/\/cursoslazostv.com\/index.php\/wp-json\/wp\/v2\/product"}],"about":[{"href":"https:\/\/cursoslazostv.com\/index.php\/wp-json\/wp\/v2\/types\/product"}],"replies":[{"embeddable":true,"href":"https:\/\/cursoslazostv.com\/index.php\/wp-json\/wp\/v2\/comments?post=6119"}],"wp:featuredmedia":[{"embeddable":true,"href":"https:\/\/cursoslazostv.com\/index.php\/wp-json\/wp\/v2\/media\/6120"}],"wp:attachment":[{"href":"https:\/\/cursoslazostv.com\/index.php\/wp-json\/wp\/v2\/media?parent=6119"}],"wp:term":[{"taxonomy":"product_brand","embeddable":true,"href":"https:\/\/cursoslazostv.com\/index.php\/wp-json\/wp\/v2\/product_brand?post=6119"},{"taxonomy":"product_cat","embeddable":true,"href":"https:\/\/cursoslazostv.com\/index.php\/wp-json\/wp\/v2\/product_cat?post=6119"},{"taxonomy":"product_tag","embeddable":true,"href":"https:\/\/cursoslazostv.com\/index.php\/wp-json\/wp\/v2\/product_tag?post=6119"}],"curies":[{"name":"wp","href":"https:\/\/api.w.org\/{rel}","templated":true}]}}