{"id":689,"date":"2019-12-20T14:15:28","date_gmt":"2019-12-20T19:15:28","guid":{"rendered":"https:\/\/cursoslazostv.com\/?post_type=product&#038;p=689"},"modified":"2026-03-10T13:46:03","modified_gmt":"2026-03-10T18:46:03","slug":"iglesia-catolica-dulce-hogar","status":"publish","type":"product","link":"https:\/\/cursoslazostv.com\/index.php\/product\/iglesia-catolica-dulce-hogar\/","title":{"rendered":"Iglesia Cat\u00f3lica dulce hogar (DIGITAL &#8211; PDF)"},"content":{"rendered":"<div class=\"su-note\"  style=\"border-color:#c6cbcd;border-radius:3px;-moz-border-radius:3px;-webkit-border-radius:3px;\"><div class=\"su-note-inner su-u-clearfix su-u-trim\" style=\"background-color:#e0e5e7;border-color:#ffffff;color:#333333;border-radius:3px;-moz-border-radius:3px;-webkit-border-radius:3px;\"><em>* Los libros que ofrecemos en <strong>LAZOStv.com<\/strong> son en <strong>formato digital-PDF,<\/strong> si deseas comprar este libro en formato f\u00edsico, p\u00eddelo en una de las librer\u00edas de Lazos de Amor Mariano. <strong>(Consulta <a href=\"http:\/\/www.lazosdeamormariano.net\/donde-estamos\" rel=\"noopener noreferrer\" target=\"_blank\">AQU\u00cd<\/a> la m\u00e1s cercana)<\/strong><\/em><\/div><\/div>\n<p>\u00abDen culto al Se\u00f1or en sus corazones, y est\u00e9n siempre dispuestos a dar respuesta a todo el que les pida raz\u00f3n de su fe\u00bb (1 Pe 3,15).<\/p>\n<p>\u00abIglesia Cat\u00f3lica, dulce Hogar\u00bb, es un libro que quiere obedecer al mandato de nuestro primer Pont\u00edfice, San Pedro: dar raz\u00f3n de nuestra fe, de la fe que durante dos mil a\u00f1os hemos defendido y testimoniado, incluso con la propia vida (como ha sido el caso de muchos de los m\u00e1rtires de nuestra historia eclesial).<\/p>\n<p>El presente escrito, pues, narra el testimonio de un Pastor protestante que se convierte al catolicismo al conversar con un santo sacerdote que le da una orientaci\u00f3n adecuada, y mediante una serie de escritos que le dan razones y argumentos respecto a la doctrina de la Iglesia<br \/>\nde Jes\u00fas (la Iglesia Cat\u00f3lica).<\/p>\n<p>Adem\u00e1s, se tratan algunos temas -teol\u00f3gicos e hist\u00f3ricospor los cuales los cat\u00f3licos somos el blanco de m\u00faltiples ataques de parte de nuestros \u00abhermanos separados\u00bb, que bien podr\u00edamos llamar \u00abmedio hermanos separados\u00bb, pues no se quieren reconocer hijos de nuestra Madre<br \/>\nSant\u00edsima (la Virgen Mar\u00eda).<\/p>\n<p>Introducci\u00f3n&#8230;&#8230;&#8230;&#8230;&#8230;&#8230;&#8230;&#8230;&#8230;&#8230;&#8230;&#8230;&#8230;&#8230;&#8230;&#8230;&#8230;&#8230;&#8230;&#8230;&#8230;&#8230;&#8230;&#8230;&#8230;&#8230;13<br \/>\nSi eres Fundamentalista&#8230;&#8230;&#8230;&#8230;&#8230;&#8230;&#8230;&#8230;&#8230;&#8230;&#8230;&#8230;&#8230;&#8230;&#8230;&#8230;&#8230;&#8230;&#8230;&#8230;&#8230;.19<\/p>\n<p>Testimonio de la conversi\u00f3n al Catolicismo Por Luis Miguel Boull\u00f3n &#8230;27<br \/>\nTema 1<br \/>\n\u00bfSe pueden tener im\u00e1genes?&#8230;&#8230;&#8230;&#8230;&#8230;&#8230;&#8230;&#8230;&#8230;&#8230;&#8230;&#8230;&#8230;&#8230;&#8230;&#8230;&#8230;&#8230;&#8230;&#8230;.45<br \/>\nTema 2<br \/>\nLas obras y la salvaci\u00f3n&#8230;&#8230;&#8230;&#8230;&#8230;&#8230;&#8230;&#8230;&#8230;&#8230;&#8230;&#8230;&#8230;&#8230;&#8230;&#8230;&#8230;&#8230;&#8230;&#8230;&#8230;..61<br \/>\nTema 3<br \/>\nLa Iglesia y la Biblia \u00bfqui\u00e9n tiene m\u00e1s autoridad?&#8230;&#8230;&#8230;&#8230;&#8230;&#8230;&#8230;&#8230;.75<br \/>\nTema 4<br \/>\nBiblia o Tradici\u00f3n&#8230;&#8230;&#8230;&#8230;&#8230;&#8230;&#8230;&#8230;&#8230;&#8230;&#8230;&#8230;&#8230;&#8230;&#8230;&#8230;&#8230;&#8230;&#8230;&#8230;&#8230;&#8230;&#8230;&#8230;.87<br \/>\nTema 5<br \/>\n\u00bfObjetos que sanan?&#8230;&#8230;&#8230;&#8230;&#8230;&#8230;&#8230;&#8230;&#8230;&#8230;&#8230;&#8230;&#8230;&#8230;&#8230;&#8230;&#8230;&#8230;&#8230;&#8230;&#8230;&#8230;&#8230;&#8230;99<br \/>\nTema 6<br \/>\nLa Cruz de Cristo&#8230;&#8230;&#8230;&#8230;&#8230;&#8230;&#8230;&#8230;&#8230;&#8230;&#8230;&#8230;&#8230;&#8230;&#8230;&#8230;&#8230;&#8230;&#8230;&#8230;&#8230;&#8230;&#8230;&#8230;&#8230;.107<br \/>\nTema 7<br \/>\nLa Virgen Mar\u00eda&#8230;&#8230;&#8230;&#8230;&#8230;&#8230;&#8230;&#8230;&#8230;&#8230;&#8230;&#8230;&#8230;&#8230;&#8230;&#8230;&#8230;&#8230;&#8230;&#8230;&#8230;&#8230;&#8230;&#8230;&#8230;..117<br \/>\nTema 8<br \/>\nLa inquisici\u00f3n&#8230; \u00bfSeguiremos repitiendo leyendas?&#8230;&#8230;&#8230;&#8230;&#8230;&#8230;.149<br \/>\nTema 9<br \/>\nLas riquezas de la Iglesia&#8230;&#8230;&#8230;&#8230;&#8230;&#8230;&#8230;&#8230;&#8230;&#8230;&#8230;&#8230;&#8230;&#8230;&#8230;&#8230;&#8230;&#8230;&#8230;&#8230;..157<br \/>\nTema 10<br \/>\nEl 666 del anticristo&#8230;&#8230;&#8230;&#8230;&#8230;&#8230;&#8230;&#8230;&#8230;&#8230;&#8230;&#8230;&#8230;&#8230;&#8230;&#8230;&#8230;&#8230;&#8230;&#8230;&#8230;167<br \/>\nTema 11<br \/>\nVeracidad de la Iglesia Cat\u00f3lica \u00bfQui\u00e9n dice la verdad?&#8230;&#8230;&#8230;&#8230;..177<br \/>\nTema 12<br \/>\n\u00bfQui\u00e9n fund\u00f3 tu Iglesia?&#8230;&#8230;&#8230;&#8230;&#8230;&#8230;&#8230;&#8230;&#8230;&#8230;&#8230;&#8230;&#8230;&#8230;&#8230;&#8230;&#8230;&#8230;&#8230;&#8230;..183<br \/>\nA manera de conclusi\u00f3n&#8230;&#8230;&#8230;&#8230;&#8230;&#8230;&#8230;&#8230;&#8230;&#8230;&#8230;&#8230;&#8230;&#8230;&#8230;&#8230;&#8230;&#8230;&#8230;&#8230;&#8230;&#8230;189<\/p>\n<p>Pasos para regresar a la Iglesia Cat\u00f3lica tu Dulce Hogar&#8230;&#8230;&#8230;&#8230;&#8230;.191<br \/>\nPara consultas respecto a la doctrina de la Iglesia Cat\u00f3lica&#8230;&#8230;&#8230;.193<br \/>\nCitas B\u00edblicas para responder a protestantes&#8230;&#8230;&#8230;&#8230;&#8230;&#8230;&#8230;&#8230;&#8230;&#8230;&#8230;195<\/p>\n","protected":false},"excerpt":{"rendered":"<p>\u00abIglesia Cat\u00f3lica, dulce Hogar\u00bb, es un libro que quiere obedecer al mandato de nuestro primer Pont\u00edfice, San Pedro: dar raz\u00f3n de nuestra fe, de la fe que durante dos mil a\u00f1os hemos defendido y testimoniado, incluso con la propia vida (como ha sido el caso de muchos de los m\u00e1rtires de nuestra historia eclesial).<\/p>\n","protected":false},"featured_media":690,"comment_status":"open","ping_status":"closed","template":"","meta":[],"product_brand":[],"product_cat":[18],"product_tag":[],"class_list":{"0":"post-689","1":"product","2":"type-product","3":"status-publish","4":"has-post-thumbnail","6":"product_cat-libros-virtuales-pdf","8":"first","9":"instock","10":"downloadable","11":"virtual","12":"purchasable","13":"product-type-simple"},"_links":{"self":[{"href":"https:\/\/cursoslazostv.com\/index.php\/wp-json\/wp\/v2\/product\/689","targetHints":{"allow":["GET"]}}],"collection":[{"href":"https:\/\/cursoslazostv.com\/index.php\/wp-json\/wp\/v2\/product"}],"about":[{"href":"https:\/\/cursoslazostv.com\/index.php\/wp-json\/wp\/v2\/types\/product"}],"replies":[{"embeddable":true,"href":"https:\/\/cursoslazostv.com\/index.php\/wp-json\/wp\/v2\/comments?post=689"}],"wp:featuredmedia":[{"embeddable":true,"href":"https:\/\/cursoslazostv.com\/index.php\/wp-json\/wp\/v2\/media\/690"}],"wp:attachment":[{"href":"https:\/\/cursoslazostv.com\/index.php\/wp-json\/wp\/v2\/media?parent=689"}],"wp:term":[{"taxonomy":"product_brand","embeddable":true,"href":"https:\/\/cursoslazostv.com\/index.php\/wp-json\/wp\/v2\/product_brand?post=689"},{"taxonomy":"product_cat","embeddable":true,"href":"https:\/\/cursoslazostv.com\/index.php\/wp-json\/wp\/v2\/product_cat?post=689"},{"taxonomy":"product_tag","embeddable":true,"href":"https:\/\/cursoslazostv.com\/index.php\/wp-json\/wp\/v2\/product_tag?post=689"}],"curies":[{"name":"wp","href":"https:\/\/api.w.org\/{rel}","templated":true}]}}