{"id":698,"date":"2019-12-22T19:47:07","date_gmt":"2019-12-23T00:47:07","guid":{"rendered":"https:\/\/cursoslazostv.com\/?post_type=product&#038;p=698"},"modified":"2025-08-19T10:42:57","modified_gmt":"2025-08-19T15:42:57","slug":"totus-tuus","status":"publish","type":"product","link":"https:\/\/cursoslazostv.com\/index.php\/product\/totus-tuus\/","title":{"rendered":"Totus Tuus (DIGITAL &#8211; PDF)"},"content":{"rendered":"<div class=\"su-note\"  style=\"border-color:#c6cbcd;border-radius:3px;-moz-border-radius:3px;-webkit-border-radius:3px;\"><div class=\"su-note-inner su-u-clearfix su-u-trim\" style=\"background-color:#e0e5e7;border-color:#ffffff;color:#333333;border-radius:3px;-moz-border-radius:3px;-webkit-border-radius:3px;\"><em>* Los libros que ofrecemos en <strong>LAZOStv.com<\/strong> son en <strong>formato digital-PDF,<\/strong> si deseas comprar este libro en formato f\u00edsico, p\u00eddelo en una de las librer\u00edas de Lazos de Amor Mariano. <strong>(Consulta <a href=\"http:\/\/www.lazosdeamormariano.net\/donde-estamos\" rel=\"noopener noreferrer\" target=\"_blank\">AQU\u00cd<\/a> la m\u00e1s cercana)<\/strong><\/em><\/div><\/div>\n<p>\u00bfQu\u00e9 es la Consagraci\u00f3n seg\u00fan San Luis Mar\u00eda Grignon de Montfort?<\/p>\n<p>\u201cLa consagraci\u00f3n es una perfecta renovaci\u00f3n de las promesas que hicieron por nosotros los padres y padrinos en el Santo Bautismo. Antes del bautismo \u00e9ramos esclavos del demonio, y en esa fecha nuestros padres y padrinos dijeron en nombre nuestro: \u201cS\u00ed, renuncio a Satan\u00e1s, y a sus pompas y a sus obras\u201d. Y declararon que nosotros acept\u00e1bamos a Jesucristo como nuestro Dios y Se\u00f1or, y empezamos a ser sus servidores por amor. Y esto mismo es lo que se hace por la consagraci\u00f3n: se renuncia (seg\u00fan se advierte en la f\u00f3rmula de la consagraci\u00f3n) al mundo, al demonio, al pecado y a s\u00ed mismo, y se consagra uno totalmente a Jesucristo por medio de Mar\u00eda. Y hasta se hace algo m\u00e1s: en el bautismo las promesas se hicieron por boca de otros (padres y padrinos) y en esta devoci\u00f3n lo hacemos todo nosotros mismos personalmente, voluntariamente, conociendo muy bien qu\u00e9 es lo que estamos haciendo y diciendo. En el santo bautismo no nos damos a Jesucristo por medio de Mar\u00eda (al menos de una manera expresa) y no le ofrecemos nuestras buenas acciones, pero por esta devoci\u00f3n nos consagramos expresamente al Se\u00f1or por medio de Mar\u00eda, y le ofrecemos el valor de todas nuestras acciones\u201d.<\/p>\n","protected":false},"excerpt":{"rendered":"<p>El Totus Tuus es el libro gu\u00eda de la Consagraci\u00f3n total a Jes\u00fas por medio de Mar\u00eda. \u201cLa consagraci\u00f3n es una perfecta renovaci\u00f3n de las promesas que hicieron por nosotros los padres y padrinos en el Santo Bautismo\u00bb<\/p>\n","protected":false},"featured_media":700,"comment_status":"open","ping_status":"closed","template":"","meta":[],"product_brand":[],"product_cat":[18],"product_tag":[],"class_list":{"0":"post-698","1":"product","2":"type-product","3":"status-publish","4":"has-post-thumbnail","6":"product_cat-libros-virtuales-pdf","8":"first","9":"instock","10":"downloadable","11":"virtual","12":"purchasable","13":"product-type-simple"},"_links":{"self":[{"href":"https:\/\/cursoslazostv.com\/index.php\/wp-json\/wp\/v2\/product\/698","targetHints":{"allow":["GET"]}}],"collection":[{"href":"https:\/\/cursoslazostv.com\/index.php\/wp-json\/wp\/v2\/product"}],"about":[{"href":"https:\/\/cursoslazostv.com\/index.php\/wp-json\/wp\/v2\/types\/product"}],"replies":[{"embeddable":true,"href":"https:\/\/cursoslazostv.com\/index.php\/wp-json\/wp\/v2\/comments?post=698"}],"wp:featuredmedia":[{"embeddable":true,"href":"https:\/\/cursoslazostv.com\/index.php\/wp-json\/wp\/v2\/media\/700"}],"wp:attachment":[{"href":"https:\/\/cursoslazostv.com\/index.php\/wp-json\/wp\/v2\/media?parent=698"}],"wp:term":[{"taxonomy":"product_brand","embeddable":true,"href":"https:\/\/cursoslazostv.com\/index.php\/wp-json\/wp\/v2\/product_brand?post=698"},{"taxonomy":"product_cat","embeddable":true,"href":"https:\/\/cursoslazostv.com\/index.php\/wp-json\/wp\/v2\/product_cat?post=698"},{"taxonomy":"product_tag","embeddable":true,"href":"https:\/\/cursoslazostv.com\/index.php\/wp-json\/wp\/v2\/product_tag?post=698"}],"curies":[{"name":"wp","href":"https:\/\/api.w.org\/{rel}","templated":true}]}}