{"id":763,"date":"2019-12-28T17:30:37","date_gmt":"2019-12-28T22:30:37","guid":{"rendered":"https:\/\/cursoslazostv.com\/?post_type=product&#038;p=763"},"modified":"2025-07-23T17:17:22","modified_gmt":"2025-07-23T22:17:22","slug":"infidelidades-en-la-iglesia","status":"publish","type":"product","link":"https:\/\/cursoslazostv.com\/index.php\/product\/infidelidades-en-la-iglesia\/","title":{"rendered":"Infidelidades en la Iglesia (DIGITAL &#8211; PDF)"},"content":{"rendered":"<div class=\"su-note\"  style=\"border-color:#c6cbcd;border-radius:3px;-moz-border-radius:3px;-webkit-border-radius:3px;\"><div class=\"su-note-inner su-u-clearfix su-u-trim\" style=\"background-color:#e0e5e7;border-color:#ffffff;color:#333333;border-radius:3px;-moz-border-radius:3px;-webkit-border-radius:3px;\"><em>* Los libros que ofrecemos en <strong>LAZOStv.com<\/strong> son en <strong>formato digital-PDF,<\/strong> si deseas comprar este libro en formato f\u00edsico, p\u00eddelo en una de las librer\u00edas de Lazos de Amor Mariano. <strong>(Consulta <a href=\"http:\/\/www.lazosdeamormariano.net\/donde-estamos\" rel=\"noopener noreferrer\" target=\"_blank\">AQU\u00cd<\/a> la m\u00e1s cercana)<\/strong><\/em><\/div><\/div>\n<p>La Providencia divina me ha dado, en m\u00e1s de treinta a\u00f1os de vida pastoral como profesor de teolog\u00eda, escritor y predicador, conversar en distintos pa\u00edses sobre la situaci\u00f3n de la Iglesia con muchas personas fieles y experimentadas, Obispos y sacerdotes, religiosos y laicos, monjes y religiosas contemplativas. Personas con las que muchas veces, es cierto, tengo especial afinidad.<\/p>\n<p>Por eso puedo asegurar con fundamento in re que los pensamientos que expongo en esta obra \u2013al menos en sus l\u00edneas fundamentales\u2013, aunque hoy raras veces son escritos y publicados, no son solamente m\u00edos, sino que expresan el sentir de muchos cat\u00f3licos, que est\u00e1n entre<br \/>\nlos hijos m\u00e1s fieles de la Iglesia. En adelante, pues, al escribir este libro lo har\u00e9 en plural. Es uno quien escribe esta obra \u2013alguien tiene que hacerlo\u2013, pero son muchos los que en estas p\u00e1ginas expresan sus pensamientos y sus esperanzas.<\/p>\n<p>En este escrito afrontamos problemas que son especialmente graves en la Iglesia Cat\u00f3lica de los pa\u00edses descristianizados, es decir, de aquellos pueblos de filiaci\u00f3n cristiana m\u00e1s antigua y hoy de mayor riqueza econ\u00f3mica. Pero son cuestiones que interesan y afectan, obviamente, a toda la Iglesia.<\/p>\n","protected":false},"excerpt":{"rendered":"<p>En este escrito afrontamos problemas que son especialmente graves en la Iglesia Cat\u00f3lica de los pa\u00edses descristianizados, es decir, de aquellos pueblos de filiaci\u00f3n cristiana m\u00e1s antigua y hoy de mayor riqueza econ\u00f3mica. Pero son cuestiones que interesan y afectan, obviamente, a toda la Iglesia.<\/p>\n","protected":false},"featured_media":764,"comment_status":"open","ping_status":"closed","template":"","meta":[],"product_brand":[],"product_cat":[18],"product_tag":[],"class_list":{"0":"post-763","1":"product","2":"type-product","3":"status-publish","4":"has-post-thumbnail","6":"product_cat-libros-virtuales-pdf","8":"first","9":"instock","10":"downloadable","11":"virtual","12":"purchasable","13":"product-type-simple"},"_links":{"self":[{"href":"https:\/\/cursoslazostv.com\/index.php\/wp-json\/wp\/v2\/product\/763","targetHints":{"allow":["GET"]}}],"collection":[{"href":"https:\/\/cursoslazostv.com\/index.php\/wp-json\/wp\/v2\/product"}],"about":[{"href":"https:\/\/cursoslazostv.com\/index.php\/wp-json\/wp\/v2\/types\/product"}],"replies":[{"embeddable":true,"href":"https:\/\/cursoslazostv.com\/index.php\/wp-json\/wp\/v2\/comments?post=763"}],"wp:featuredmedia":[{"embeddable":true,"href":"https:\/\/cursoslazostv.com\/index.php\/wp-json\/wp\/v2\/media\/764"}],"wp:attachment":[{"href":"https:\/\/cursoslazostv.com\/index.php\/wp-json\/wp\/v2\/media?parent=763"}],"wp:term":[{"taxonomy":"product_brand","embeddable":true,"href":"https:\/\/cursoslazostv.com\/index.php\/wp-json\/wp\/v2\/product_brand?post=763"},{"taxonomy":"product_cat","embeddable":true,"href":"https:\/\/cursoslazostv.com\/index.php\/wp-json\/wp\/v2\/product_cat?post=763"},{"taxonomy":"product_tag","embeddable":true,"href":"https:\/\/cursoslazostv.com\/index.php\/wp-json\/wp\/v2\/product_tag?post=763"}],"curies":[{"name":"wp","href":"https:\/\/api.w.org\/{rel}","templated":true}]}}