{"id":765,"date":"2019-12-28T17:33:07","date_gmt":"2019-12-28T22:33:07","guid":{"rendered":"https:\/\/cursoslazostv.com\/?post_type=product&#038;p=765"},"modified":"2026-03-10T13:46:29","modified_gmt":"2026-03-10T18:46:29","slug":"las-horas-de-la-pasion","status":"publish","type":"product","link":"https:\/\/cursoslazostv.com\/index.php\/product\/las-horas-de-la-pasion\/","title":{"rendered":"Las horas de la Pasi\u00f3n (DIGITAL &#8211; PDF)"},"content":{"rendered":"<div class=\"su-note\"  style=\"border-color:#c6cbcd;border-radius:3px;-moz-border-radius:3px;-webkit-border-radius:3px;\"><div class=\"su-note-inner su-u-clearfix su-u-trim\" style=\"background-color:#e0e5e7;border-color:#ffffff;color:#333333;border-radius:3px;-moz-border-radius:3px;-webkit-border-radius:3px;\"><em>* Los libros que ofrecemos en <strong>LAZOStv.com<\/strong> son en <strong>formato digital-PDF,<\/strong> si deseas comprar este libro en formato f\u00edsico, p\u00eddelo en una de las librer\u00edas de Lazos de Amor Mariano. <strong>(Consulta <a href=\"http:\/\/www.lazosdeamormariano.net\/donde-estamos\" rel=\"noopener noreferrer\" target=\"_blank\">AQU\u00cd<\/a> la m\u00e1s cercana)<\/strong><\/em><\/div><\/div>\n<p>La Meditaci\u00f3n de la Pasi\u00f3n de Nuestro Se\u00f1or es uno de los ejercicios de piedad m\u00e1s excelsos y hoy quiz\u00e1s m\u00e1s olvidados; mediante este libro la m\u00edstica italiana Luisa Picarreta nos facilita retomarlo. Su f\u00edn es la Reparaci\u00f3n mediante la Meditaci\u00f3n de cada hora de la Pasi\u00f3n de Jes\u00fas.<\/p>\n<p>Estas son algunas formas de realizarla:<br \/>\n1. MEDITAR TODAS LAS HORAS, EN UNO O DOS D\u00cdAS, POR UNA MISMA PERSONA: Consiste en dedicar todo un d\u00eda o dos a realizar cada una de las Horas, tal como si se hiciese un Retiro de Reparaci\u00f3n.<\/p>\n<p>2. UNA HORA DIFERENTE, POR 24 DIAS, INDIVIDUALMENTE O EN GRUPO: Meditar una hora diferente, por varios d\u00edas seguidos, individualmente o<br \/>\nle\u00edda en familia, en grupo de oraci\u00f3n o de reuni\u00f3n. (En 24 d\u00edas finalizar\u00edan y volver\u00edan a retomar).<\/p>\n<p>3. TODAS LAS HORAS EN UN D\u00cdA, REPARTIENDOSE LAS HORAS EN 24 PERSONAS DE UN GRUPO: Formar grupos de 24 personas y cada persona meditar\u00e1<br \/>\nuna de las Horas -a una misma hora o en horas diferentesrecorriendo as\u00ed el reloj de todas las Horas de la Pasi\u00f3n.<\/p>\n<p>Ofrece cada hora en Reparaci\u00f3n por una intenci\u00f3n diferente: Por las ofensas contra la Eucar\u00edstia, la santidad de los consagrados, por las faltas contra alguna virtud, etc. Apropia cada palabra como tuya, es decir, como dicha de tu parte a Jes\u00fas, de modo que no ser\u00eda ya Luisa la que habla, sino que eres T\u00fa quien Le habla y Le escucha. <\/p>\n","protected":false},"excerpt":{"rendered":"<p>La Meditaci\u00f3n de la Pasi\u00f3n de Nuestro Se\u00f1or es uno de los ejercicios de piedad m\u00e1s excelsos y hoy quiz\u00e1s m\u00e1s olvidados; mediante este libro la m\u00edstica italiana Luisa Picarreta nos facilita retomarlo. Su f\u00edn es la Reparaci\u00f3n mediante la Meditaci\u00f3n de cada hora de la Pasi\u00f3n de Jes\u00fas.<\/p>\n","protected":false},"featured_media":766,"comment_status":"open","ping_status":"closed","template":"","meta":[],"product_brand":[],"product_cat":[18],"product_tag":[],"class_list":{"0":"post-765","1":"product","2":"type-product","3":"status-publish","4":"has-post-thumbnail","6":"product_cat-libros-virtuales-pdf","8":"first","9":"instock","10":"downloadable","11":"virtual","12":"purchasable","13":"product-type-simple"},"_links":{"self":[{"href":"https:\/\/cursoslazostv.com\/index.php\/wp-json\/wp\/v2\/product\/765","targetHints":{"allow":["GET"]}}],"collection":[{"href":"https:\/\/cursoslazostv.com\/index.php\/wp-json\/wp\/v2\/product"}],"about":[{"href":"https:\/\/cursoslazostv.com\/index.php\/wp-json\/wp\/v2\/types\/product"}],"replies":[{"embeddable":true,"href":"https:\/\/cursoslazostv.com\/index.php\/wp-json\/wp\/v2\/comments?post=765"}],"wp:featuredmedia":[{"embeddable":true,"href":"https:\/\/cursoslazostv.com\/index.php\/wp-json\/wp\/v2\/media\/766"}],"wp:attachment":[{"href":"https:\/\/cursoslazostv.com\/index.php\/wp-json\/wp\/v2\/media?parent=765"}],"wp:term":[{"taxonomy":"product_brand","embeddable":true,"href":"https:\/\/cursoslazostv.com\/index.php\/wp-json\/wp\/v2\/product_brand?post=765"},{"taxonomy":"product_cat","embeddable":true,"href":"https:\/\/cursoslazostv.com\/index.php\/wp-json\/wp\/v2\/product_cat?post=765"},{"taxonomy":"product_tag","embeddable":true,"href":"https:\/\/cursoslazostv.com\/index.php\/wp-json\/wp\/v2\/product_tag?post=765"}],"curies":[{"name":"wp","href":"https:\/\/api.w.org\/{rel}","templated":true}]}}