{"id":770,"date":"2019-12-28T17:49:52","date_gmt":"2019-12-28T22:49:52","guid":{"rendered":"https:\/\/cursoslazostv.com\/?post_type=product&#038;p=770"},"modified":"2026-03-10T13:43:55","modified_gmt":"2026-03-10T18:43:55","slug":"reglas-para-el-discernimiento-de-los-espiritus","status":"publish","type":"product","link":"https:\/\/cursoslazostv.com\/index.php\/product\/reglas-para-el-discernimiento-de-los-espiritus\/","title":{"rendered":"Reglas para el discernimiento de los esp\u00edritus (DIGITAL &#8211; PDF)"},"content":{"rendered":"<div class=\"su-note\"  style=\"border-color:#c6cbcd;border-radius:3px;-moz-border-radius:3px;-webkit-border-radius:3px;\"><div class=\"su-note-inner su-u-clearfix su-u-trim\" style=\"background-color:#e0e5e7;border-color:#ffffff;color:#333333;border-radius:3px;-moz-border-radius:3px;-webkit-border-radius:3px;\"><em>* Los libros que ofrecemos en <strong>LAZOStv.com<\/strong> son en <strong>formato digital-PDF,<\/strong> si deseas comprar este libro en formato f\u00edsico, p\u00eddelo en una de las librer\u00edas de Lazos de Amor Mariano. <strong>(Consulta <a href=\"http:\/\/www.lazosdeamormariano.net\/donde-estamos\" rel=\"noopener noreferrer\" target=\"_blank\">AQU\u00cd<\/a> la m\u00e1s cercana)<\/strong><\/em><\/div><\/div>\n<p>\u201c\u00bfEs esto pecado?\u201d\u2026 Para una persona de una conciencia medianamente formada no es dif\u00edcil dar respuesta a esto ante una situaci\u00f3n determinada. Discernir entre lo bueno y lo malo, entre la gracia y el pecado, entre la luz y la oscuridad, a\u00fan en nuestra relativista \u00e9poca, es \u201crelativamente\u201d f\u00e1cil. Los mandamientos est\u00e1n claramente dados y la ley moral natural inscrita en nuestro coraz\u00f3n (cfr. Rm 2,15) nos dan una suerte de convicci\u00f3n al respecto.<\/p>\n<p>Pero preguntas como: \u201c\u00bfEsto es lo que Dios quiere de m\u00ed?\u201d, \u201cAnte estas dos cosas buenas que se me presentan \u00bfcu\u00e1l deber\u00eda escoger?\u201d, \u201c\u00bfEste sentimiento proviene de Dios o del Demonio\u2026 o tal vez de m\u00ed?\u201d, \u201c\u00bfdebo abandonar este estado que hasta ahora he cre\u00eddo un llamado de Dios?\u201d\u2026 no son tan f\u00e1ciles de responder. Hemos conocido a lo largo de los a\u00f1os personas de s\u00f3lida vida espiritual, que viven habitualmente en estado de gracia, que manifiestan una bien estructurada formaci\u00f3n y que, sin embargo, han tenido que sufrir por decisiones tomadas a la ligera, por actos poco meditados y sopesados. Todo esto por una sola raz\u00f3n: \u00a1falta de discernimiento! Y es que discernir no siempre es f\u00e1cil; se requiere oraci\u00f3n, mortificaci\u00f3n, meditaci\u00f3n y una adecuada direcci\u00f3n. Y aun as\u00ed se podr\u00eda fallar por no seguir los adecuados criterios. Es cierto que ante una decisi\u00f3n que se cre\u00eda voluntad de Dios -y al final no lo sea- no se puede alegar pecado alguno. No obstante, las consecuencias de no saber entender las mociones del Esp\u00edritu en el mejor de los casos frustran gracias que deber\u00edamos haber recibido y en el peor de los casos, nos trae sufrimientos innecesarios que en ocasiones lastiman tambi\u00e9n a los que amamos. \u00a1Por eso es tan importante aprender a discernir!<\/p>\n","protected":false},"excerpt":{"rendered":"<p>Tomadas del libro de los Ejercicios Espirituales entregados por la Madre de Dios a San Ignacio de Loyola por Ludovico Mar\u00eda Barrielle, C.P.C.R.<\/p>\n","protected":false},"featured_media":774,"comment_status":"open","ping_status":"closed","template":"","meta":[],"product_brand":[],"product_cat":[18],"product_tag":[],"class_list":{"0":"post-770","1":"product","2":"type-product","3":"status-publish","4":"has-post-thumbnail","6":"product_cat-libros-virtuales-pdf","8":"first","9":"instock","10":"downloadable","11":"virtual","12":"purchasable","13":"product-type-simple"},"_links":{"self":[{"href":"https:\/\/cursoslazostv.com\/index.php\/wp-json\/wp\/v2\/product\/770","targetHints":{"allow":["GET"]}}],"collection":[{"href":"https:\/\/cursoslazostv.com\/index.php\/wp-json\/wp\/v2\/product"}],"about":[{"href":"https:\/\/cursoslazostv.com\/index.php\/wp-json\/wp\/v2\/types\/product"}],"replies":[{"embeddable":true,"href":"https:\/\/cursoslazostv.com\/index.php\/wp-json\/wp\/v2\/comments?post=770"}],"wp:featuredmedia":[{"embeddable":true,"href":"https:\/\/cursoslazostv.com\/index.php\/wp-json\/wp\/v2\/media\/774"}],"wp:attachment":[{"href":"https:\/\/cursoslazostv.com\/index.php\/wp-json\/wp\/v2\/media?parent=770"}],"wp:term":[{"taxonomy":"product_brand","embeddable":true,"href":"https:\/\/cursoslazostv.com\/index.php\/wp-json\/wp\/v2\/product_brand?post=770"},{"taxonomy":"product_cat","embeddable":true,"href":"https:\/\/cursoslazostv.com\/index.php\/wp-json\/wp\/v2\/product_cat?post=770"},{"taxonomy":"product_tag","embeddable":true,"href":"https:\/\/cursoslazostv.com\/index.php\/wp-json\/wp\/v2\/product_tag?post=770"}],"curies":[{"name":"wp","href":"https:\/\/api.w.org\/{rel}","templated":true}]}}