{"id":771,"date":"2019-12-28T17:48:55","date_gmt":"2019-12-28T22:48:55","guid":{"rendered":"https:\/\/cursoslazostv.com\/?post_type=product&#038;p=771"},"modified":"2025-07-23T17:16:57","modified_gmt":"2025-07-23T22:16:57","slug":"secreto-admirable-del-santo-rosario","status":"publish","type":"product","link":"https:\/\/cursoslazostv.com\/index.php\/product\/secreto-admirable-del-santo-rosario\/","title":{"rendered":"Secreto Admirable del Santo Rosario (DIGITAL &#8211; PDF)"},"content":{"rendered":"<div class=\"su-note\"  style=\"border-color:#c6cbcd;border-radius:3px;-moz-border-radius:3px;-webkit-border-radius:3px;\"><div class=\"su-note-inner su-u-clearfix su-u-trim\" style=\"background-color:#e0e5e7;border-color:#ffffff;color:#333333;border-radius:3px;-moz-border-radius:3px;-webkit-border-radius:3px;\"><em>* Los libros que ofrecemos en <strong>LAZOStv.com<\/strong> son en <strong>formato digital-PDF,<\/strong> si deseas comprar este libro en formato f\u00edsico, p\u00eddelo en una de las librer\u00edas de Lazos de Amor Mariano. <strong>(Consulta <a href=\"http:\/\/www.lazosdeamormariano.net\/donde-estamos\" rel=\"noopener noreferrer\" target=\"_blank\">AQU\u00cd<\/a> la m\u00e1s cercana)<\/strong><\/em><\/div><\/div>\n<p>Uno de los t\u00edtulos m\u00e1s gloriosos conferidos a san Luis Mar\u00eda, \u201cEl sacerdote del gran Rosario\u201d, es el de \u201cAp\u00f3stol de la Cruz y del Rosario\u201d. El Rosario ocupaba un lugar importante en su vida espiritual y en su apostolado. El Secreto del Sant\u00edsimo Rosario, como se le llama a veces, es la obra menos personal de sus escritos, ya que toma muchos apartes de varios autores. De esta pr\u00e1ctica habla tambi\u00e9n \u2013entre otros\u2013 en el Tratado de la Verdadera Devoci\u00f3n.<\/p>\n<p>Como era misionero popular, sobre todo para los pobres y abandonados, se da a la tarea de renovar en ellos el esp\u00edritu del cristianismo. Cre\u00eda poder realizarlo inculc\u00e1ndoles la devoci\u00f3n a Mar\u00eda, la \u00fanica capaz de conducirles a Jesucristo y hacerles santos. Cre\u00eda que el Rosario era un secreto maravilloso para llegar al conocimiento de Mar\u00eda y, por Ella, encontrar a Jesucristo. Estableci\u00f3 la devoci\u00f3n al Rosario por todas partes en donde predicaba. Lo hac\u00eda recitar cada d\u00eda durante las misiones. Su libro, que no fue publicado durante<br \/>\nsu vida, ciertamente estaba destinado a personas de todos los medios, como lo indican claramente las \u201cPeque\u00f1as Rosas\u201d de la introducci\u00f3n. El texto est\u00e1 dividido en decenas, como el Rosario; cada una est\u00e1 compuesta de diez \u201cRosas\u201d. El autor traza ah\u00ed el origen de esta forma de devoci\u00f3n y describe la atm\u00f3sfera milagrosa como se ha desarrollado a trav\u00e9s de los siglos. Muy consciente de las cr\u00edticas que suscitar\u00edan sus relatos, anota simple y llanamente que lo ha tomado de autores de renombre. En las otras secciones, trata del poder y eficacia del Rosario, de las oraciones que lo componen, de la belleza y utilidad de las meditaciones que deber\u00edan acompa\u00f1ar la recitaci\u00f3n. Indica la manera de recitar el Rosario \u201cdignamente\u201d y termina ofreciendo m\u00e9todos para hacerlo.<\/p>\n","protected":false},"excerpt":{"rendered":"<p>Uno de los t\u00edtulos m\u00e1s gloriosos conferidos a san Luis Mar\u00eda, \u201cEl sacerdote del gran Rosario\u201d, es el de \u201cAp\u00f3stol de la Cruz y del Rosario\u201d. El Rosario ocupaba un lugar importante en su vida espiritual y en su apostolado. El Secreto del Sant\u00edsimo Rosario, como se le llama a veces, es la obra menos personal de sus escritos, ya que toma muchos apartes de varios autores.<\/p>\n","protected":false},"featured_media":775,"comment_status":"open","ping_status":"closed","template":"","meta":[],"product_brand":[],"product_cat":[18],"product_tag":[],"class_list":{"0":"post-771","1":"product","2":"type-product","3":"status-publish","4":"has-post-thumbnail","6":"product_cat-libros-virtuales-pdf","8":"first","9":"instock","10":"downloadable","11":"virtual","12":"purchasable","13":"product-type-simple"},"_links":{"self":[{"href":"https:\/\/cursoslazostv.com\/index.php\/wp-json\/wp\/v2\/product\/771","targetHints":{"allow":["GET"]}}],"collection":[{"href":"https:\/\/cursoslazostv.com\/index.php\/wp-json\/wp\/v2\/product"}],"about":[{"href":"https:\/\/cursoslazostv.com\/index.php\/wp-json\/wp\/v2\/types\/product"}],"replies":[{"embeddable":true,"href":"https:\/\/cursoslazostv.com\/index.php\/wp-json\/wp\/v2\/comments?post=771"}],"wp:featuredmedia":[{"embeddable":true,"href":"https:\/\/cursoslazostv.com\/index.php\/wp-json\/wp\/v2\/media\/775"}],"wp:attachment":[{"href":"https:\/\/cursoslazostv.com\/index.php\/wp-json\/wp\/v2\/media?parent=771"}],"wp:term":[{"taxonomy":"product_brand","embeddable":true,"href":"https:\/\/cursoslazostv.com\/index.php\/wp-json\/wp\/v2\/product_brand?post=771"},{"taxonomy":"product_cat","embeddable":true,"href":"https:\/\/cursoslazostv.com\/index.php\/wp-json\/wp\/v2\/product_cat?post=771"},{"taxonomy":"product_tag","embeddable":true,"href":"https:\/\/cursoslazostv.com\/index.php\/wp-json\/wp\/v2\/product_tag?post=771"}],"curies":[{"name":"wp","href":"https:\/\/api.w.org\/{rel}","templated":true}]}}