{"id":772,"date":"2019-12-28T17:55:58","date_gmt":"2019-12-28T17:55:58","guid":{"rendered":"https:\/\/cursoslazostv.com\/?post_type=product&#038;p=772"},"modified":"2026-03-10T13:43:29","modified_gmt":"2026-03-10T18:43:29","slug":"carta-circular-a-los-amigos-de-la-cruz","status":"publish","type":"product","link":"https:\/\/cursoslazostv.com\/index.php\/product\/carta-circular-a-los-amigos-de-la-cruz\/","title":{"rendered":"Carta Circular a los Amigos de la Cruz (DIGITAL \u2013 PDF)"},"content":{"rendered":"<div class=\"su-note\"  style=\"border-color:#c6cbcd;border-radius:3px;-moz-border-radius:3px;-webkit-border-radius:3px;\"><div class=\"su-note-inner su-u-clearfix su-u-trim\" style=\"background-color:#e0e5e7;border-color:#ffffff;color:#333333;border-radius:3px;-moz-border-radius:3px;-webkit-border-radius:3px;\"><em>* Los libros que ofrecemos en <strong>LAZOStv.com<\/strong> son en <strong>formato digital-PDF,<\/strong> si deseas comprar este libro en formato f\u00edsico, p\u00eddelo en una de las librer\u00edas de Lazos de Amor Mariano. <strong>(Consulta <a href=\"http:\/\/www.lazosdeamormariano.net\/donde-estamos\" rel=\"noopener noreferrer\" target=\"_blank\">AQU\u00cd<\/a> la m\u00e1s cercana)<\/strong><\/em><\/div><\/div>\n<p>El autor del presente op\u00fasculo, San Luis Mar\u00eda Grignion de Montfort, es conocido principalmente por su perfecta devoci\u00f3n a la Sant\u00edsima Virgen y por su ardiente celo en predicarla. \u00c9l mismo nos dej\u00f3 la sustancia de su ense\u00f1anza mariana en la m\u00e1s difundida de sus obras:<br \/>\n\u201cTratado de la Verdadera Devoci\u00f3n a la Sant\u00edsima Virgen\u201d y el \u201cSecreto de Mar\u00eda\u201d, compendio de la primera.<\/p>\n<p>Mas su predicaci\u00f3n no se limit\u00f3 a ese punto capital de la doctrina cat\u00f3lica. Despu\u00e9s de Mar\u00eda o mejor con Ella y por Ella estuvo Jes\u00fas con sus perfecciones, sus beneficios, su Eucarist\u00eda, su Cruz, y su Sagrado Coraz\u00f3n&#8230; Un siglo y medio despu\u00e9s de su muerte los Padres del Concilio de Poitiers, queriendo definir su obra, dijeron:<\/p>\n<p>\u201cAl venerable Luis Mar\u00eda Grignion de Montfort se debe el haberse conservado en las comarcas del oeste de Francia, una fe viva, el amor a la Cruz y la devoci\u00f3n a la Sant\u00edsima Virgen\u201d.<\/p>\n<p>\u201cDefensor de la fe cat\u00f3lica\u201d, \u201cpredicador elocuente de la Cruz\u201d, \u201cdevoto esclavo de Jes\u00fas en Mar\u00eda\u201d y \u201cpropagador infatigable de esta esclavitud de amor\u201d: he aqu\u00ed resumidas la vida de Montfort, su obra y su ense\u00f1anza.<\/p>\n","protected":false},"excerpt":{"rendered":"<p>Esta carta, que a decir de Monse\u00f1or Freppel es \u201cuna obra maestra de elocuencia que en vano se intentar\u00eda superar\u201d, conserva despu\u00e9s de m\u00e1s de dos siglos todo su valor y toda su oportunidad. Pues las calamidades, los abusos y los des\u00f3rdenes contra los cuales se propon\u00edan luchar los \u201cAmigos de la Cruz\u201d, tambi\u00e9n existen hoy, tales: el horror al sacrificio, a todo sacrificio, hasta el punto de traicionar los m\u00e1s sagrados deberes, desenfreno en el uso de los bienes terrenos, la b\u00fasqueda ciega de placeres sensuales. <\/p>\n","protected":false},"featured_media":773,"comment_status":"open","ping_status":"closed","template":"","meta":[],"product_brand":[],"product_cat":[18],"product_tag":[],"class_list":{"0":"post-772","1":"product","2":"type-product","3":"status-publish","4":"has-post-thumbnail","6":"product_cat-libros-virtuales-pdf","8":"first","9":"instock","10":"downloadable","11":"virtual","12":"purchasable","13":"product-type-simple"},"_links":{"self":[{"href":"https:\/\/cursoslazostv.com\/index.php\/wp-json\/wp\/v2\/product\/772","targetHints":{"allow":["GET"]}}],"collection":[{"href":"https:\/\/cursoslazostv.com\/index.php\/wp-json\/wp\/v2\/product"}],"about":[{"href":"https:\/\/cursoslazostv.com\/index.php\/wp-json\/wp\/v2\/types\/product"}],"replies":[{"embeddable":true,"href":"https:\/\/cursoslazostv.com\/index.php\/wp-json\/wp\/v2\/comments?post=772"}],"wp:featuredmedia":[{"embeddable":true,"href":"https:\/\/cursoslazostv.com\/index.php\/wp-json\/wp\/v2\/media\/773"}],"wp:attachment":[{"href":"https:\/\/cursoslazostv.com\/index.php\/wp-json\/wp\/v2\/media?parent=772"}],"wp:term":[{"taxonomy":"product_brand","embeddable":true,"href":"https:\/\/cursoslazostv.com\/index.php\/wp-json\/wp\/v2\/product_brand?post=772"},{"taxonomy":"product_cat","embeddable":true,"href":"https:\/\/cursoslazostv.com\/index.php\/wp-json\/wp\/v2\/product_cat?post=772"},{"taxonomy":"product_tag","embeddable":true,"href":"https:\/\/cursoslazostv.com\/index.php\/wp-json\/wp\/v2\/product_tag?post=772"}],"curies":[{"name":"wp","href":"https:\/\/api.w.org\/{rel}","templated":true}]}}