{"id":778,"date":"2019-12-28T18:02:29","date_gmt":"2019-12-28T23:02:29","guid":{"rendered":"https:\/\/cursoslazostv.com\/?post_type=product&#038;p=778"},"modified":"2025-11-12T09:19:24","modified_gmt":"2025-11-12T14:19:24","slug":"curso-virtual-cristologia","status":"publish","type":"product","link":"https:\/\/cursoslazostv.com\/index.php\/product\/curso-virtual-cristologia\/","title":{"rendered":"Curso VIRTUAL \u00abCristolog\u00eda\u00bb"},"content":{"rendered":"<p>Lo que sepas de Jes\u00fas determinar\u00e1 tu relaci\u00f3n con \u00c9l. Si tienes una imagen desvirtuada de Nuestro Se\u00f1or, alejada de la realidad hist\u00f3rica, b\u00edblica y eclesial, tu relaci\u00f3n con Jes\u00fas estar\u00e1 determinada por esa visi\u00f3n desvirtuada de \u00c9l.<\/p>\n<p>El curso <strong>\u201cEnamor\u00e1ndome de Cristo\u201d<\/strong> Es un curso dictado por <strong>Wilson Tamayo,<\/strong> laico cat\u00f3lico colombiano. Te\u00f3logo de la Universidad Cat\u00f3lica de Oriente (Rionegro &#8211; Antioquia) e Ingeniero Inform\u00e1tico del Polit\u00e9cnico JIC (Medell\u00edn). Escritor de varios libros. Conferencista y Predicador de Retiros Espirituales. Subdirector general del Movimiento <strong>Lazos de Amor Mariano.<\/strong> <em>Consagrado a Jes\u00fas por Mar\u00eda seg\u00fan el m\u00e9todo de San Luis de Montfort.<\/em><\/p>\n<p>El curso Consta de <strong>20 Clases<\/strong> a las que puedes acceder de manera Virtual en VIDEO.<br \/>\nEl precio de todo el curso es de <strong>U$20<\/strong> (D\u00f3lar estadounidense)<\/p>\n<p><strong>Aqu\u00ed puedes ver un poco de qu\u00e9 se trata el curso:<\/strong><br \/>\n<div class=\"su-youtube su-u-responsive-media-yes\"><iframe loading=\"lazy\" width=\"100%\" height=\"400\" src=\"https:\/\/www.youtube.com\/embed\/jvRg17p8IAA?\" frameborder=\"0\" allowfullscreen allow=\"autoplay; encrypted-media; picture-in-picture\" title=\"\"><\/iframe><\/div>\n<p><strong>Estas son las charlas que contiene el Curso:<\/strong><\/p>\n<div class=\"su-row\"><div class=\"su-column su-column-size-1-2\"><div class=\"su-column-inner su-u-clearfix su-u-trim\">\n<div class=\"su-column su-column-size-1-2\"><div class=\"su-column-inner su-u-clearfix su-u-trim\"><\/div><\/div>\n<a href=\"https:\/\/youtu.be\/YUg6Y-FThnQ\" rel=\"noopener noreferrer\" target=\"_blank\"><b>1.<\/b> Introducci\u00f3n.<\/a><br \/>\n<b>2.<\/b> Necesidad de la fe.<br \/>\n<b>3.<\/b> Jes\u00fas hist\u00f3rico es el Cristo de la fe.<br \/>\n<b>4.<\/b> Para qu\u00e9 se encarn\u00f3 Cristo (I).<br \/>\n<b>5.<\/b> Para qu\u00e9 se encarn\u00f3 Cristo (II).<br \/>\n<b>6.<\/b> Anuncios de la venida del Salvador (I).<br \/>\n<b>7.<\/b> Anuncios de la venida del Salvador (II).<br \/>\n<b>8.<\/b> Jesucristo perfecto hombre.<br \/>\n<b>9.<\/b> Jesucristo perfecto Dios.<br \/>\n<b>10.<\/b> La Natividad.<br \/>\n<b>11.<\/b> Misterios de la infancia (I).<br \/>\n<b>12.<\/b> Misterios de la infancia (II).<br \/>\n<b>13.<\/b> Misterios de la vida p\u00fablica (I).<br \/>\n<b>14.<\/b> Misterios de la vida p\u00fablica (II).<br \/>\n<b>15.<\/b> Los milagros de Cristo (I).<br \/>\n<b>16.<\/b> Los milagros de Cristo (II).<br \/>\n<b>17.<\/b> Conocimiento humano de Cristo (I).<br \/>\n<b>18.<\/b> Conocimiento humano de Cristo (II).<br \/>\n<b>19.<\/b> La Pasi\u00f3n de Cristo.<br \/>\n<b>20.<\/b> Herej\u00edas Cristol\u00f3gicas.<br \/>\n<\/div><\/div>\n<div class=\"su-column su-column-size-1-2\"><div class=\"su-column-inner su-u-clearfix su-u-trim\">\n<div class=\"su-spoiler su-spoiler-style-default su-spoiler-icon-plus su-spoiler-closed\" data-scroll-offset=\"0\" data-anchor-in-url=\"no\"><div class=\"su-spoiler-title\" tabindex=\"0\" role=\"button\"><span class=\"su-spoiler-icon\"><\/span>\u00bfComo funcionan los cursos?<\/div><div class=\"su-spoiler-content su-u-clearfix su-u-trim\">\nLos cursos se basan en charlas en <strong>VIDEO<\/strong> que ya fueron grabados as\u00ed que puedes acceder a ellos en <strong>cualquier horario<\/strong> y desde <strong>cualquier lugar o dispositivo<\/strong> que tenga acceso a Internet.<br \/>\n<\/div><\/div>\n<div class=\"su-spoiler su-spoiler-style-default su-spoiler-icon-plus su-spoiler-closed\" data-scroll-offset=\"0\" data-anchor-in-url=\"no\"><div class=\"su-spoiler-title\" tabindex=\"0\" role=\"button\"><span class=\"su-spoiler-icon\"><\/span>\u00bfTiene fecha de caducidad?<\/div><div class=\"su-spoiler-content su-u-clearfix su-u-trim\">\nNo, una vez adquieras el curso ya es tuyo y el acceso es permanente.<br \/>\n<\/div><\/div>\n<div class=\"su-spoiler su-spoiler-style-default su-spoiler-icon-plus su-spoiler-closed\" data-scroll-offset=\"0\" data-anchor-in-url=\"no\"><div class=\"su-spoiler-title\" tabindex=\"0\" role=\"button\"><span class=\"su-spoiler-icon\"><\/span>\u00bfLos cursos de LAZOStv son Certificados?<\/div><div class=\"su-spoiler-content su-u-clearfix su-u-trim\">\n\u26a0\ufe0f Nuestros cursos son s\u00f3lo cursos de crecimiento espiritual y de formaci\u00f3n para el apostolado, no son cursos certificados.<br \/>\n<\/div><\/div>\n<div class=\"su-spoiler su-spoiler-style-default su-spoiler-icon-plus su-spoiler-closed\" data-scroll-offset=\"0\" data-anchor-in-url=\"no\"><div class=\"su-spoiler-title\" tabindex=\"0\" role=\"button\"><span class=\"su-spoiler-icon\"><\/span>\u00bfC\u00f3mo puedo hacer la compra?<\/div><div class=\"su-spoiler-content su-u-clearfix su-u-trim\">\nEn la p\u00e1gina creas tu usuario y contrase\u00f1a y los vas agregando al \ud83d\uded2 <strong>carrito<\/strong> Cuando ya tengas todos los que deseas vas al \ud83d\uded2 <strong>carrito<\/strong> y das clic en finalizar compra. Una vez se haya realizado la transacci\u00f3n, quedar\u00e1n disponibles en el bot\u00f3n <strong>Descargas<\/strong> de tu cuenta y <strong>All\u00ed podr\u00e1s acceder a los cursos que compraste.<\/strong><br \/>\n<\/div><\/div>\n<div class=\"su-spoiler su-spoiler-style-default su-spoiler-icon-plus su-spoiler-closed\" data-scroll-offset=\"0\" data-anchor-in-url=\"no\"><div class=\"su-spoiler-title\" tabindex=\"0\" role=\"button\"><span class=\"su-spoiler-icon\"><\/span>\u00bfPorqu\u00e9 cobramos estos cursos?<\/div><div class=\"su-spoiler-content su-u-clearfix su-u-trim\">\nLa producci\u00f3n de todo el material audiovisual con el que cuenta <strong>LAZOStv<\/strong> tiene un costo <em>(Mantenimiento de equipos, log\u00edstica de grabaci\u00f3n y edici\u00f3n, plataformas de almacenamiento y distribuci\u00f3n en la nube, etc.)<\/em><\/p>\n<p>El dinero que recogemos con la venta de estos cursos virtuales ayudan al sostenimiento de la Productora Audiovisual de <strong>Lazos de Amor Mariano<\/strong> y La donaci\u00f3n que las personas hacen al comprar estos cursos ayudan al trabajo de evangelizaci\u00f3n que realizamos en diferentes apostolados.<\/p>\n<p><strong><em>Tambi\u00e9n tenemos una secci\u00f3n con varios cursos y mucho material gratuito al que puedes acceder, Aprov\u00e9chalo al m\u00e1ximo.<\/em><\/strong> \ud83d\ude09<br \/>\nhttps:\/\/cursoslazostv.com\/index.php\/product-category\/contenido-gratuito-free\/<br \/>\n<\/div><\/div>\n<\/div><\/div><\/div>\n<div class=\"su-note\"  style=\"border-color:#9bacb3;border-radius:3px;-moz-border-radius:3px;-webkit-border-radius:3px;\"><div class=\"su-note-inner su-u-clearfix su-u-trim\" style=\"background-color:#b5c6cd;border-color:#ffffff;color:#ffffff;border-radius:3px;-moz-border-radius:3px;-webkit-border-radius:3px;\">\nAhora puedes acceder a todos tus cursos desde el bot\u00f3n \ud83d\udc64 <strong>MI CUENTA.<\/strong> <em>Simplemente ingresas tu correo y contrase\u00f1a y vas a la pesta\u00f1a <strong>Descargas.<\/strong> (Si no la recuerdas, das clic <strong>\u00bfOlvidaste la contrase\u00f1a?<\/strong> y te llegar\u00e1 un link a tu correo electr\u00f3nico para restablecerla.)<\/em><\/div><\/div>\n<p><center><em><\/p>\n<h5>Con la compra de este curso apoyas todo el trabajo de Evangelizaci\u00f3n que realizamos a trav\u00e9s de los medios de comunicaci\u00f3n.<\/strong><\/em><\/center><br \/>\n<strong>M\u00e1s informaci\u00f3n:<\/strong><br \/>\nWhatsApp <a href=\"http:\/\/wa.me\/+573004011900\" rel=\"noopener noreferrer\" target=\"_blank\">+573004011900<\/a><br \/>\n.<\/p>\n","protected":false},"excerpt":{"rendered":"<p>El curso Enamor\u00e1ndome de Cristo es un curso de Cristolog\u00eda b\u00e1sica donde lograr\u00e1s aprender, desde las Sagradas Escrituras, \u00bfQui\u00e9n es Nuestro Se\u00f1or Jesucristo? \u00bfPorqu\u00e9 creemos los Cat\u00f3licos que Jes\u00fas es Verdadero Dios y Verdadero hombre? \u00bfCu\u00e1les son los antecedentes b\u00edbicos que prefiguraron a Jes\u00fas?, etc.<\/p>\n","protected":false},"featured_media":12178,"comment_status":"open","ping_status":"closed","template":"","meta":[],"product_brand":[],"product_cat":[19],"product_tag":[],"class_list":{"0":"post-778","1":"product","2":"type-product","3":"status-publish","4":"has-post-thumbnail","6":"product_cat-cursos-virtuales-video","8":"first","9":"instock","10":"downloadable","11":"virtual","12":"purchasable","13":"product-type-simple"},"_links":{"self":[{"href":"https:\/\/cursoslazostv.com\/index.php\/wp-json\/wp\/v2\/product\/778","targetHints":{"allow":["GET"]}}],"collection":[{"href":"https:\/\/cursoslazostv.com\/index.php\/wp-json\/wp\/v2\/product"}],"about":[{"href":"https:\/\/cursoslazostv.com\/index.php\/wp-json\/wp\/v2\/types\/product"}],"replies":[{"embeddable":true,"href":"https:\/\/cursoslazostv.com\/index.php\/wp-json\/wp\/v2\/comments?post=778"}],"wp:featuredmedia":[{"embeddable":true,"href":"https:\/\/cursoslazostv.com\/index.php\/wp-json\/wp\/v2\/media\/12178"}],"wp:attachment":[{"href":"https:\/\/cursoslazostv.com\/index.php\/wp-json\/wp\/v2\/media?parent=778"}],"wp:term":[{"taxonomy":"product_brand","embeddable":true,"href":"https:\/\/cursoslazostv.com\/index.php\/wp-json\/wp\/v2\/product_brand?post=778"},{"taxonomy":"product_cat","embeddable":true,"href":"https:\/\/cursoslazostv.com\/index.php\/wp-json\/wp\/v2\/product_cat?post=778"},{"taxonomy":"product_tag","embeddable":true,"href":"https:\/\/cursoslazostv.com\/index.php\/wp-json\/wp\/v2\/product_tag?post=778"}],"curies":[{"name":"wp","href":"https:\/\/api.w.org\/{rel}","templated":true}]}}