{"id":8282,"date":"2024-03-16T11:49:25","date_gmt":"2024-03-16T16:49:25","guid":{"rendered":"https:\/\/cursoslazostv.com\/?post_type=product&#038;p=8282"},"modified":"2026-01-04T16:28:13","modified_gmt":"2026-01-04T21:28:13","slug":"curso-virtual-mas-alla-de-la-tristeza","status":"publish","type":"product","link":"https:\/\/cursoslazostv.com\/index.php\/product\/curso-virtual-mas-alla-de-la-tristeza\/","title":{"rendered":"Curso VIRTUAL \u00abM\u00e1s all\u00e1 de la Tristeza\u00bb \ud83d\ude4d\ud83c\udffb\u200d\u2640\ufe0fEntendiendo y superando la depresi\u00f3n\ud83d\ude4d\ud83c\udffb\u200d\u2642\ufe0f"},"content":{"rendered":"<p>En estos seis encuentros, exploraremos herramientas pr\u00e1cticas en los aspectos biol\u00f3gico, psicol\u00f3gico y espiritual que influyen en la depresi\u00f3n.<\/p>\n<p>El curso es dictado por <strong>Jessica Restrepo<\/strong> (Psic\u00f3loga cl\u00ednica), <strong>Alexandra Aristiz\u00e1bal<\/strong> (Psic\u00f3loga cl\u00ednica) y <strong>Cristina Giraldo<\/strong> (Neuropsic\u00f3loga), quienes adem\u00e1s de ser profesionales hace m\u00e1s de 10 a\u00f1os en el campo de la salud mental, cuentan con una larga trayectoria como misioneras y desde hace 3 a\u00f1os a trav\u00e9s de <strong>ESSENCIAL<\/strong> <em>(Centro psicol\u00f3gico)<\/em>, se han dedicado a ofrecer una propuesta innovadora que busca promover el crecimiento personal en los \u00e1mbitos biol\u00f3gico, psicol\u00f3gico y espiritual, fomentando as\u00ed el fortalecimiento de la salud mental.<\/p>\n<p><center> <div class=\"su-column su-column-size-3-4 su-column-centered\"><div class=\"su-column-inner su-u-clearfix su-u-trim\">\n<img loading=\"lazy\" decoding=\"async\" width=\"300\" height=\"283\" src=\"https:\/\/cursoslazostv.com\/wp-content\/uploads\/2024\/03\/WhatsApp-Image-2024-03-05-at-12.09.57-PM-1-300x283.jpeg\" alt=\"\" class=\"alignnone size-medium wp-image-8287\" srcset=\"https:\/\/cursoslazostv.com\/wp-content\/uploads\/2024\/03\/WhatsApp-Image-2024-03-05-at-12.09.57-PM-1-300x283.jpeg 300w, https:\/\/cursoslazostv.com\/wp-content\/uploads\/2024\/03\/WhatsApp-Image-2024-03-05-at-12.09.57-PM-1-1024x966.jpeg 1024w, https:\/\/cursoslazostv.com\/wp-content\/uploads\/2024\/03\/WhatsApp-Image-2024-03-05-at-12.09.57-PM-1-768x725.jpeg 768w, https:\/\/cursoslazostv.com\/wp-content\/uploads\/2024\/03\/WhatsApp-Image-2024-03-05-at-12.09.57-PM-1-600x566.jpeg 600w, https:\/\/cursoslazostv.com\/wp-content\/uploads\/2024\/03\/WhatsApp-Image-2024-03-05-at-12.09.57-PM-1.jpeg 1280w\" sizes=\"auto, (max-width: 300px) 100vw, 300px\" \/> <img loading=\"lazy\" decoding=\"async\" width=\"300\" height=\"283\" src=\"https:\/\/cursoslazostv.com\/wp-content\/uploads\/2024\/03\/WhatsApp-Image-2024-03-05-at-12.09.57-PM-300x283.jpeg\" alt=\"\" class=\"alignnone size-medium wp-image-8288\" srcset=\"https:\/\/cursoslazostv.com\/wp-content\/uploads\/2024\/03\/WhatsApp-Image-2024-03-05-at-12.09.57-PM-300x283.jpeg 300w, https:\/\/cursoslazostv.com\/wp-content\/uploads\/2024\/03\/WhatsApp-Image-2024-03-05-at-12.09.57-PM-1024x966.jpeg 1024w, https:\/\/cursoslazostv.com\/wp-content\/uploads\/2024\/03\/WhatsApp-Image-2024-03-05-at-12.09.57-PM-768x725.jpeg 768w, https:\/\/cursoslazostv.com\/wp-content\/uploads\/2024\/03\/WhatsApp-Image-2024-03-05-at-12.09.57-PM-600x566.jpeg 600w, https:\/\/cursoslazostv.com\/wp-content\/uploads\/2024\/03\/WhatsApp-Image-2024-03-05-at-12.09.57-PM.jpeg 1280w\" sizes=\"auto, (max-width: 300px) 100vw, 300px\" \/> <img loading=\"lazy\" decoding=\"async\" width=\"300\" height=\"283\" src=\"https:\/\/cursoslazostv.com\/wp-content\/uploads\/2024\/03\/WhatsApp-Image-2024-03-05-at-12.09.58-PM-300x283.jpeg\" alt=\"\" class=\"alignnone size-medium wp-image-8289\" srcset=\"https:\/\/cursoslazostv.com\/wp-content\/uploads\/2024\/03\/WhatsApp-Image-2024-03-05-at-12.09.58-PM-300x283.jpeg 300w, https:\/\/cursoslazostv.com\/wp-content\/uploads\/2024\/03\/WhatsApp-Image-2024-03-05-at-12.09.58-PM-1024x966.jpeg 1024w, https:\/\/cursoslazostv.com\/wp-content\/uploads\/2024\/03\/WhatsApp-Image-2024-03-05-at-12.09.58-PM-768x725.jpeg 768w, https:\/\/cursoslazostv.com\/wp-content\/uploads\/2024\/03\/WhatsApp-Image-2024-03-05-at-12.09.58-PM-600x566.jpeg 600w, https:\/\/cursoslazostv.com\/wp-content\/uploads\/2024\/03\/WhatsApp-Image-2024-03-05-at-12.09.58-PM.jpeg 1280w\" sizes=\"auto, (max-width: 300px) 100vw, 300px\" \/><br \/>\n<\/div><\/div> <\/center><\/p>\n<p>El curso Consta de <strong>6 Encuentros<\/strong> a las que puedes acceder de manera <strong>Virtual en VIDEO<\/strong> a trav\u00e9s de la plataforma de <strong>LAZOStv.com<\/strong><br \/>\nEl precio de todo el curso es de <strong>U$20<\/strong> (D\u00f3lar estadounidense)<\/p>\n<p><strong>Aqu\u00ed puedes ver un poco de qu\u00e9 se trata el curso:<\/strong><br \/>\n<div class=\"su-youtube su-u-responsive-media-yes\"><iframe loading=\"lazy\" width=\"100%\" height=\"400\" src=\"https:\/\/www.youtube.com\/embed\/qRiZx-_L2Ko?\" frameborder=\"0\" allowfullscreen allow=\"autoplay; encrypted-media; picture-in-picture\" title=\"\"><\/iframe><\/div>\n<p><strong>Estas son las charlas que contiene el Curso:<\/strong><br \/>\n<div class=\"su-row\"><div class=\"su-column su-column-size-1-2\"><div class=\"su-column-inner su-u-clearfix su-u-trim\">\n<div class=\"su-column su-column-size-1-2\"><div class=\"su-column-inner su-u-clearfix su-u-trim\"><\/div><\/div>\n<p><strong>Encuentro 1.<\/strong> <a href=\"https:\/\/youtu.be\/v1xCC4Ddu3U\">\u00bfEs mi tristeza una depresi\u00f3n?<\/a><br \/>\n<strong>Encuentro 2.<\/strong> \u00bfC\u00f3mo afecta a nivel biol\u00f3gico la depresi\u00f3n?<br \/>\n<strong>Encuentro 3.<\/strong> \u00bfC\u00f3mo afecta a nivel psicol\u00f3gico la depresi\u00f3n?<br \/>\n<strong>Encuentro 4.<\/strong> \u00bfC\u00f3mo afecta a nivel espiritual la depresi\u00f3n?<br \/>\n<strong>Encuentro 5.<\/strong> Ejemplos pr\u00e1cticos de casos cl\u00ednicos ante la depresi\u00f3n y estrategias pr\u00e1cticas para abordarlo.<br \/>\n<strong>Encuentro 6.<\/strong> Estrategias para familiares con pacientes que sufren depresi\u00f3n.<br \/>\n<\/div><\/div>\n<div class=\"su-column su-column-size-1-2\"><div class=\"su-column-inner su-u-clearfix su-u-trim\">\n<div class=\"su-spoiler su-spoiler-style-default su-spoiler-icon-plus su-spoiler-closed\" data-scroll-offset=\"0\" data-anchor-in-url=\"no\"><div class=\"su-spoiler-title\" tabindex=\"0\" role=\"button\"><span class=\"su-spoiler-icon\"><\/span>\u00bfComo funcionan los cursos?<\/div><div class=\"su-spoiler-content su-u-clearfix su-u-trim\">\nLos cursos se basan en charlas en <strong>VIDEO<\/strong> que ya fueron grabados as\u00ed que puedes acceder a ellos en <strong>cualquier horario<\/strong> y desde <strong>cualquier lugar o dispositivo<\/strong> que tenga acceso a Internet.<br \/>\n<\/div><\/div>\n<div class=\"su-spoiler su-spoiler-style-default su-spoiler-icon-plus su-spoiler-closed\" data-scroll-offset=\"0\" data-anchor-in-url=\"no\"><div class=\"su-spoiler-title\" tabindex=\"0\" role=\"button\"><span class=\"su-spoiler-icon\"><\/span>\u00bfTiene fecha de caducidad?<\/div><div class=\"su-spoiler-content su-u-clearfix su-u-trim\">\nNo, una vez adquieras el curso ya es tuyo y el acceso es permanente.<br \/>\n<\/div><\/div>\n<div class=\"su-spoiler su-spoiler-style-default su-spoiler-icon-plus su-spoiler-closed\" data-scroll-offset=\"0\" data-anchor-in-url=\"no\"><div class=\"su-spoiler-title\" tabindex=\"0\" role=\"button\"><span class=\"su-spoiler-icon\"><\/span>\u00bfLos cursos de LAZOStv son Certificados?<\/div><div class=\"su-spoiler-content su-u-clearfix su-u-trim\">\n\u26a0\ufe0f Nuestros cursos son s\u00f3lo cursos de crecimiento espiritual y de formaci\u00f3n para el apostolado, no son cursos certificados.<br \/>\n<\/div><\/div>\n<div class=\"su-spoiler su-spoiler-style-default su-spoiler-icon-plus su-spoiler-closed\" data-scroll-offset=\"0\" data-anchor-in-url=\"no\"><div class=\"su-spoiler-title\" tabindex=\"0\" role=\"button\"><span class=\"su-spoiler-icon\"><\/span>\u00bfC\u00f3mo puedo hacer la compra?<\/div><div class=\"su-spoiler-content su-u-clearfix su-u-trim\">\nEn la p\u00e1gina creas tu usuario y contrase\u00f1a y los vas agregando al \ud83d\uded2 <strong>carrito<\/strong> Cuando ya tengas todos los que deseas vas al \ud83d\uded2 <strong>carrito<\/strong> y das clic en finalizar compra. Una vez se haya realizado la transacci\u00f3n, quedar\u00e1n disponibles en el bot\u00f3n <strong>Descargas<\/strong> de tu cuenta y <strong>All\u00ed podr\u00e1s acceder a los cursos que compraste.<\/strong><br \/>\n<\/div><\/div>\n<div class=\"su-spoiler su-spoiler-style-default su-spoiler-icon-plus su-spoiler-closed\" data-scroll-offset=\"0\" data-anchor-in-url=\"no\"><div class=\"su-spoiler-title\" tabindex=\"0\" role=\"button\"><span class=\"su-spoiler-icon\"><\/span>\u00bfPorqu\u00e9 cobramos estos cursos?<\/div><div class=\"su-spoiler-content su-u-clearfix su-u-trim\">\nLa producci\u00f3n de todo el material audiovisual con el que cuenta <strong>LAZOStv<\/strong> tiene un costo <em>(Mantenimiento de equipos, log\u00edstica de grabaci\u00f3n y edici\u00f3n, plataformas de almacenamiento y distribuci\u00f3n en la nube, etc.)<\/em><\/p>\n<p>El dinero que recogemos con la venta de estos cursos virtuales ayudan al sostenimiento de la Productora Audiovisual de <strong>Lazos de Amor Mariano<\/strong> y La donaci\u00f3n que las personas hacen al comprar estos cursos ayudan al trabajo de evangelizaci\u00f3n que realizamos en diferentes apostolados.<\/p>\n<p><strong><em>Tambi\u00e9n tenemos una secci\u00f3n con varios cursos y mucho material gratuito al que puedes acceder, Aprov\u00e9chalo al m\u00e1ximo.<\/em><\/strong> \ud83d\ude09<br \/>\nhttps:\/\/cursoslazostv.com\/index.php\/product-category\/contenido-gratuito-free\/<br \/>\n<\/div><\/div>\n<\/div><\/div><\/div>\n<div class=\"su-note\"  style=\"border-color:#9bacb3;border-radius:3px;-moz-border-radius:3px;-webkit-border-radius:3px;\"><div class=\"su-note-inner su-u-clearfix su-u-trim\" style=\"background-color:#b5c6cd;border-color:#ffffff;color:#ffffff;border-radius:3px;-moz-border-radius:3px;-webkit-border-radius:3px;\">\nAhora puedes acceder a todos tus cursos desde el bot\u00f3n \ud83d\udc64 <strong>MI CUENTA.<\/strong> <em>Simplemente ingresas tu correo y contrase\u00f1a y vas a la pesta\u00f1a <strong>Descargas.<\/strong> (Si no la recuerdas, das clic <strong>\u00bfOlvidaste la contrase\u00f1a?<\/strong> y te llegar\u00e1 un link a tu correo electr\u00f3nico para restablecerla.)<\/em><\/div><\/div>\n<p><center><em><\/p>\n<h5>Con la compra de este curso apoyas todo el trabajo de Evangelizaci\u00f3n que realizamos a trav\u00e9s de los medios de comunicaci\u00f3n.<\/strong><\/em><\/center><br \/>\n<strong>M\u00e1s informaci\u00f3n:<\/strong><br \/>\nWhatsApp <a href=\"http:\/\/wa.me\/+573004011900\" rel=\"noopener noreferrer\" target=\"_blank\">+573004011900<\/a><br \/>\n.<\/p>\n","protected":false},"excerpt":{"rendered":"<p>En una alianza con ESSENCIAL (Centro psicol\u00f3gico), hemos desarrollado este curso de formaci\u00f3n. Durante seis encuentros, abordaremos el complejo tema de la depresi\u00f3n, que se ha convertido en un problema de salud p\u00fablica que involucra tanto a profesionales como a la poblaci\u00f3n en general.<\/p>\n","protected":false},"featured_media":8290,"comment_status":"open","ping_status":"closed","template":"","meta":[],"product_brand":[],"product_cat":[19],"product_tag":[],"class_list":{"0":"post-8282","1":"product","2":"type-product","3":"status-publish","4":"has-post-thumbnail","6":"product_cat-cursos-virtuales-video","8":"first","9":"instock","10":"downloadable","11":"virtual","12":"purchasable","13":"product-type-simple"},"_links":{"self":[{"href":"https:\/\/cursoslazostv.com\/index.php\/wp-json\/wp\/v2\/product\/8282","targetHints":{"allow":["GET"]}}],"collection":[{"href":"https:\/\/cursoslazostv.com\/index.php\/wp-json\/wp\/v2\/product"}],"about":[{"href":"https:\/\/cursoslazostv.com\/index.php\/wp-json\/wp\/v2\/types\/product"}],"replies":[{"embeddable":true,"href":"https:\/\/cursoslazostv.com\/index.php\/wp-json\/wp\/v2\/comments?post=8282"}],"wp:featuredmedia":[{"embeddable":true,"href":"https:\/\/cursoslazostv.com\/index.php\/wp-json\/wp\/v2\/media\/8290"}],"wp:attachment":[{"href":"https:\/\/cursoslazostv.com\/index.php\/wp-json\/wp\/v2\/media?parent=8282"}],"wp:term":[{"taxonomy":"product_brand","embeddable":true,"href":"https:\/\/cursoslazostv.com\/index.php\/wp-json\/wp\/v2\/product_brand?post=8282"},{"taxonomy":"product_cat","embeddable":true,"href":"https:\/\/cursoslazostv.com\/index.php\/wp-json\/wp\/v2\/product_cat?post=8282"},{"taxonomy":"product_tag","embeddable":true,"href":"https:\/\/cursoslazostv.com\/index.php\/wp-json\/wp\/v2\/product_tag?post=8282"}],"curies":[{"name":"wp","href":"https:\/\/api.w.org\/{rel}","templated":true}]}}