{"id":91,"date":"2019-06-10T22:34:00","date_gmt":"2019-06-11T03:34:00","guid":{"rendered":"https:\/\/cursoslazostv.com\/?post_type=product&#038;p=91"},"modified":"2026-03-10T13:48:53","modified_gmt":"2026-03-10T18:48:53","slug":"sin-oracion-no-hay-salvacion","status":"publish","type":"product","link":"https:\/\/cursoslazostv.com\/index.php\/product\/sin-oracion-no-hay-salvacion\/","title":{"rendered":"Sin Oraci\u00f3n no hay Salvaci\u00f3n (DIGITAL &#8211; PDF)"},"content":{"rendered":"<div class=\"su-note\"  style=\"border-color:#c6cbcd;border-radius:3px;-moz-border-radius:3px;-webkit-border-radius:3px;\"><div class=\"su-note-inner su-u-clearfix su-u-trim\" style=\"background-color:#e0e5e7;border-color:#ffffff;color:#333333;border-radius:3px;-moz-border-radius:3px;-webkit-border-radius:3px;\"><em>* Los libros que ofrecemos en <strong>LAZOStv.com<\/strong> son en <strong>formato digital-PDF,<\/strong> si deseas comprar este libro en formato f\u00edsico, p\u00eddelo en una de las librer\u00edas de Lazos de Amor Mariano. <strong>(Consulta <a href=\"http:\/\/www.lazosdeamormariano.net\/donde-estamos\" rel=\"noopener noreferrer\" target=\"_blank\">AQU\u00cd<\/a> la m\u00e1s cercana)<\/strong><\/em><\/div><\/div>\n<p>La Oraci\u00f3n es al Alma, como el aire es al cuerpo. \u201cLa oraci\u00f3n es hablar con quien sabemos nos ama&#8230; En la oraci\u00f3n es el Amor el que habla\u201d dice Santa Teresa. Y es que es imposible una vida cristiana sin oraci\u00f3n. San Alfonso Mar\u00eda Ligorio repet\u00eda constantemente: \u201cQuien ora se salva ciertamente, quien no ora se condena ciertamente\u201d (CIC 2744).<\/p>\n<p>En todos los acontecimientos de su vida, Jes\u00fas nos mostr\u00f3 la importancia de la oraci\u00f3n para la salvaci\u00f3n:<\/p>\n<p>\u2022 \u201c&#8230; Se fue a un cerro a orar y pas\u00f3 toda la noche en oraci\u00f3n con Dios.\u201d (Lc. 6,12) Elige a los doce.<br \/>\n\u2022 \u201c&#8230; Subi\u00f3 solo a un cerro a orar hasta entrada la noche\u201d (Mt. 14,23) Camina sobre las aguas.<br \/>\n\u2022 \u201c&#8230; Jes\u00fas tom\u00f3 consigo a Pedro, Santiago y Juan, y los llev\u00f3 a un cerro alto, lejos de todo. En presencia de ellos Jes\u00fas cambi\u00f3 de aspecto: su cara brillaba como el sol y su ropa se puso resplandeciente como la luz\u201d (Mt. 17, 1-2)Transfiguraci\u00f3n.<br \/>\n\u2022 \u201cLlegaron a una propiedad llamada Getseman\u00ed,y Jes\u00fas dijo a sus disc\u00edpulos: Si\u00e9ntense aqu\u00ed mientras voy a orar\u201d (Mc. 14, 32) Sud\u00f3 sangre.<\/p>\n<p>Hace todo esto Jes\u00fas para mostrarnos que \u201cNada vale como la oraci\u00f3n: hace posible lo que es imposible, f\u00e1cil lo que es dif\u00edcil. Es imposible que el hombre que ora pueda pecar\u201d (San Juan Cris\u00f3stomo).<\/p>\n<p>Es por esto querido lector, que el Movimiento cat\u00f3lico LAZOS DE AMOR MARIANO ha querido recopilar en este libro las oraciones que no<br \/>\npueden faltar en la vida de un verdadero cristiano.<\/p>\n<p>Penetra pues amado lector, en lo m\u00e1s profundo de estas oraciones y comprender\u00e1s que verdaderamente \u00a1Sin Oraci\u00f3n, no hay Salvaci\u00f3n!<\/p>\n<p><strong>CONTENIDO<\/strong><\/p>\n<p>INTRODUCCI\u00d3N&#8230;&#8230;&#8230;&#8230;&#8230;&#8230;&#8230;&#8230;&#8230;&#8230;&#8230;&#8230;&#8230;&#8230;&#8230; 9<\/p>\n<p>SANTOS \u00c1NGELES&#8230;&#8230;&#8230;&#8230;&#8230;&#8230;&#8230;&#8230;&#8230;&#8230;&#8230;&#8230;&#8230;..13<br \/>\n1. Oraci\u00f3n al \u00c1ngel de la Guarda&#8230;&#8230;&#8230;&#8230;&#8230;&#8230;&#8230;..13<br \/>\n2. Oraci\u00f3n a San Miguel Arc\u00e1ngel&#8230;&#8230;&#8230;&#8230;&#8230;&#8230;&#8230;14<br \/>\n3. Oraci\u00f3n a San Gabriel Arc\u00e1ngel&#8230;&#8230;&#8230;&#8230;&#8230;&#8230;&#8230;14<br \/>\n4. Oraci\u00f3n a San Rafael Arc\u00e1ngel&#8230;&#8230;&#8230;&#8230;&#8230;&#8230;&#8230;.15<br \/>\n5. \u00c1ngel de mi Guarda&#8230;&#8230;&#8230;&#8230;&#8230;&#8230;&#8230;&#8230;&#8230;&#8230;&#8230;&#8230;&#8230;.15<\/p>\n<p>ORACIONES DEL CONSAGRADO&#8230;&#8230;&#8230;&#8230;..19<br \/>\n6. Para Pedir el Amor de Jesucristo&#8230;&#8230;&#8230;&#8230;&#8230;&#8230;..19<br \/>\n7. Consagraci\u00f3n de s\u00ed mismo a Jesucristo la Sabidur\u00eda Encarnada por medio de Mar\u00eda&#8230;&#8230;..21<br \/>\n8. Oraci\u00f3n de Confianza&#8230;&#8230;&#8230;&#8230;&#8230;&#8230;&#8230;&#8230;&#8230;&#8230;&#8230;&#8230;.23<br \/>\n9. Oraci\u00f3n a Jesucristo&#8230;&#8230;&#8230;&#8230;&#8230;&#8230;&#8230;&#8230;&#8230;&#8230;&#8230;&#8230;&#8230;.24<br \/>\n10. Al Esp\u00edritu Santo&#8230;&#8230;&#8230;&#8230;&#8230;&#8230;&#8230;&#8230;&#8230;&#8230;&#8230;&#8230;&#8230;&#8230;..26<br \/>\n11. A Mar\u00eda&#8230;&#8230;&#8230;&#8230;&#8230;&#8230;&#8230;&#8230;&#8230;&#8230;&#8230;&#8230;&#8230;&#8230;&#8230;&#8230;&#8230;&#8230;&#8230;.26<br \/>\n12. Ven, Esp\u00edritu Creador&#8230;&#8230;&#8230;&#8230;&#8230;&#8230;&#8230;&#8230;&#8230;&#8230;&#8230;&#8230;28<br \/>\n13. Oh Santa Mar\u00eda&#8230;&#8230;&#8230;&#8230;&#8230;&#8230;&#8230;&#8230;&#8230;&#8230;&#8230;&#8230;&#8230;&#8230;&#8230;..30<br \/>\n14. Magn\u00edficat&#8230;&#8230;&#8230;&#8230;&#8230;&#8230;&#8230;&#8230;&#8230;&#8230;&#8230;&#8230;&#8230;&#8230;&#8230;&#8230;&#8230;&#8230;.31<br \/>\n15. Coronilla de Alabanzas a Mar\u00eda&#8230;&#8230;&#8230;&#8230;&#8230;&#8230;&#8230;.32<br \/>\n16. Examen de Conciencia del Esclavo de Amor de Jes\u00fas por Mar\u00eda&#8230;&#8230;&#8230;&#8230;.38<br \/>\n17. M\u00e9todo Pr\u00e1ctico para el Examen Mariano&#8230;..54<\/p>\n<p>ORACIONES DE SANACI\u00d3N Y LIBERACI\u00d3N&#8230;&#8230;&#8230;&#8230;&#8230;&#8230;&#8230;&#8230;&#8230;&#8230;&#8230;&#8230;&#8230;&#8230;&#8230;&#8230;&#8230; 61<br \/>\n18. Oraci\u00f3n de la Sangre de Cristo&#8230;&#8230;&#8230;&#8230;&#8230;&#8230;. 61<br \/>\n19. Oraci\u00f3n a San Miguel Arc\u00e1ngel&#8230;&#8230;&#8230;&#8230;&#8230;&#8230;&#8230; 63<br \/>\n20. Salmo 91&#8230;&#8230;&#8230;&#8230;&#8230;&#8230;&#8230;&#8230;&#8230;&#8230;&#8230;&#8230;&#8230;&#8230;&#8230;&#8230;&#8230;&#8230;. 63<br \/>\n21. Oraci\u00f3n de Perd\u00f3n&#8230;&#8230;&#8230;&#8230;&#8230;&#8230;&#8230;&#8230;&#8230;&#8230;&#8230;&#8230;&#8230;.. 65<br \/>\n22. Oraci\u00f3n de Sanaci\u00f3n Interior&#8230;&#8230;&#8230;&#8230;&#8230;&#8230;&#8230;&#8230; 70<br \/>\n23. Oraci\u00f3n de Sanaci\u00f3n Intergeneracional&#8230;&#8230;. 73<br \/>\n24. Oraci\u00f3n de Sanaci\u00f3n F\u00edsica&#8230;&#8230;&#8230;&#8230;&#8230;&#8230;&#8230;&#8230;&#8230; 75<br \/>\n25. Higiene Espiritual&#8230;&#8230;&#8230;&#8230;&#8230;&#8230;&#8230;&#8230;&#8230;&#8230;&#8230;&#8230;&#8230;.. 78<br \/>\n26. Oraci\u00f3n en el Sufrimiento&#8230;&#8230;&#8230;&#8230;&#8230;&#8230;&#8230;&#8230;&#8230;.. 79<br \/>\n27. Oraci\u00f3n de Protecci\u00f3n&#8230;&#8230;&#8230;&#8230;&#8230;&#8230;&#8230;&#8230;&#8230;&#8230;&#8230;.. 80<br \/>\n28. Oraci\u00f3n contra todo mal&#8230;&#8230;&#8230;&#8230;&#8230;&#8230;&#8230;&#8230;&#8230;&#8230;.. 81<\/p>\n<p>VIRGEN MAR\u00cdA&#8230;&#8230;&#8230;&#8230;&#8230;&#8230;&#8230;&#8230;&#8230;&#8230;&#8230;&#8230;&#8230;&#8230;.. 85<br \/>\n29. Santo Rosario&#8230;&#8230;&#8230;&#8230;&#8230;&#8230;&#8230;&#8230;&#8230;&#8230;&#8230;&#8230;&#8230;&#8230;&#8230;&#8230; 85<br \/>\n30. Bendita Sea tu Pureza&#8230;&#8230;&#8230;&#8230;&#8230;&#8230;&#8230;&#8230;&#8230;&#8230;&#8230;&#8230; 99<br \/>\n31. Angelus y Regina Caeli&#8230;&#8230;&#8230;&#8230;&#8230;&#8230;&#8230;&#8230;&#8230;&#8230;..100<br \/>\n32. Ejercicio de los Siete Dolores de la Madre de Dios&#8230;&#8230;&#8230;&#8230;&#8230;&#8230;&#8230;&#8230;&#8230;&#8230;&#8230;&#8230;.102<br \/>\n33. Vida de la Sant\u00edsima Virgen Mar\u00eda&#8230;&#8230;&#8230;&#8230;&#8230;103<br \/>\n34. \u00a1Oh Se\u00f1ora M\u00eda, Oh Madre M\u00eda!&#8230;&#8230;&#8230;&#8230;&#8230;&#8230;.107<br \/>\n35. Dame Madre&#8230;&#8230;&#8230;&#8230;&#8230;&#8230;&#8230;&#8230;&#8230;&#8230;&#8230;&#8230;&#8230;&#8230;&#8230;&#8230;.107<br \/>\n36. Acordaos&#8230;&#8230;&#8230;&#8230;&#8230;&#8230;&#8230;&#8230;&#8230;&#8230;&#8230;&#8230;&#8230;&#8230;&#8230;&#8230;&#8230;&#8230;.108<br \/>\n37. Oraci\u00f3n de San Bernardo a la Virgen Mar\u00eda&#8230;&#8230;&#8230;&#8230;&#8230;&#8230;&#8230;&#8230;&#8230;&#8230;&#8230;&#8230;&#8230;&#8230;109<br \/>\n38. Ant\u00edfona del Oficio de La Pasi\u00f3n&#8230;&#8230;&#8230;&#8230;&#8230;..110<br \/>\n39. Bendici\u00f3n de Mar\u00eda Auxiliadora&#8230;&#8230;&#8230;&#8230;&#8230;&#8230;..111<\/p>\n<p>SAN JOS\u00c9&#8230;&#8230;&#8230;&#8230;&#8230;&#8230;&#8230;&#8230;&#8230;&#8230;&#8230;&#8230;&#8230;&#8230;&#8230;&#8230;&#8230;&#8230;..115<br \/>\n40. Oraci\u00f3n a San Jos\u00e9&#8230;&#8230;&#8230;&#8230;&#8230;&#8230;&#8230;&#8230;&#8230;&#8230;&#8230;&#8230;..115<br \/>\n41. Invocaci\u00f3n a San Jos\u00e9 del Papa Juan XXIII&#8230;115<br \/>\n42. Oraci\u00f3n a San Jos\u00e9 del Papa Le\u00f3n XIII&#8230;&#8230;&#8230;..116<br \/>\n43. Bendito seas San Jos\u00e9&#8230;&#8230;&#8230;&#8230;&#8230;&#8230;&#8230;&#8230;&#8230;&#8230;&#8230;..118<br \/>\n44. Oraci\u00f3n a San Jos\u00e9 para Imitarle&#8230;&#8230;&#8230;&#8230;&#8230;&#8230;.118<br \/>\n45. Acu\u00e9rdate, Oh Cast\u00edsimo Jos\u00e9&#8230;&#8230;&#8230;&#8230;&#8230;&#8230;&#8230;.119<br \/>\n46. Oraci\u00f3n a San Jos\u00e9 para pedir fidelidad&#8230;&#8230;&#8230;120<\/p>\n<p>POEMAS ENCENDIDOS DE AMOR&#8230;&#8230;&#8230;..121<br \/>\n47. Nada te turbe&#8230;&#8230;&#8230;&#8230;&#8230;&#8230;&#8230;&#8230;&#8230;&#8230;&#8230;&#8230;&#8230;&#8230;&#8230;&#8230;.121<br \/>\n48. Mi Amado es para M\u00ed y yo soy para mi Amado&#8230;&#8230;&#8230;&#8230;&#8230;&#8230;&#8230;&#8230;.121<br \/>\n49. Muero porque no muero&#8230;&#8230;&#8230;&#8230;&#8230;&#8230;&#8230;&#8230;&#8230;&#8230;.122<br \/>\n50. No me mueve mi Dios para quererte&#8230;&#8230;&#8230;&#8230;&#8230;125<br \/>\n51. Postrado ante La Cruz&#8230;&#8230;&#8230;&#8230;&#8230;&#8230;&#8230;&#8230;&#8230;&#8230;&#8230;&#8230;.126<br \/>\n52. \u00bfQu\u00e9 es pecado?&#8230;&#8230;&#8230;&#8230;&#8230;&#8230;&#8230;&#8230;&#8230;&#8230;&#8230;&#8230;&#8230;&#8230;..127<br \/>\n53. Sentido del hombre&#8230;&#8230;&#8230;&#8230;&#8230;&#8230;&#8230;&#8230;&#8230;&#8230;&#8230;&#8230;&#8230;128<br \/>\n54. Amoroso Lance&#8230;&#8230;&#8230;&#8230;&#8230;&#8230;&#8230;&#8230;&#8230;&#8230;&#8230;&#8230;&#8230;&#8230;&#8230;128<\/p>\n<p>ESP\u00cdRITU SANTO&#8230;&#8230;&#8230;&#8230;&#8230;&#8230;&#8230;&#8230;&#8230;&#8230;&#8230;&#8230;&#8230;&#8230;133<br \/>\n55. Oraci\u00f3n inicial para cada d\u00eda&#8230;&#8230;&#8230;&#8230;&#8230;&#8230;&#8230;&#8230;.133<br \/>\n56. Oraci\u00f3n al Esp\u00edritu Santo&#8230;&#8230;&#8230;&#8230;&#8230;&#8230;&#8230;&#8230;&#8230;&#8230;133<br \/>\n57. Veni Creator&#8230;&#8230;&#8230;&#8230;&#8230;&#8230;&#8230;&#8230;&#8230;&#8230;&#8230;&#8230;&#8230;&#8230;&#8230;&#8230;..134<br \/>\n58. Secuencia de Pentecost\u00e9s&#8230;&#8230;&#8230;&#8230;&#8230;&#8230;&#8230;&#8230;&#8230;&#8230;135<br \/>\n59. Dame a conocer Esp\u00edritu Santo&#8230;&#8230;&#8230;&#8230;&#8230;&#8230;&#8230;137<br \/>\n60. S\u00edmbolo Atanasiano&#8230;&#8230;&#8230;&#8230;&#8230;&#8230;&#8230;&#8230;&#8230;&#8230;&#8230;&#8230;..138<\/p>\n<p>ORACIONES A JES\u00daS SACRAMENTADO&#8230;&#8230;&#8230;&#8230;&#8230;&#8230;&#8230;&#8230;&#8230;&#8230;&#8230;&#8230;&#8230;..147<br \/>\n61. Comuni\u00f3n Espiritual&#8230;&#8230;&#8230;&#8230;&#8230;&#8230;&#8230;&#8230;&#8230;&#8230;&#8230;&#8230;147<br \/>\n62. Alabanzas al Sant\u00edsimo Sacramento&#8230;&#8230;&#8230;&#8230;148<br \/>\n63. Cerca de Ti, Se\u00f1or Eucarist\u00eda&#8230;&#8230;&#8230;&#8230;&#8230;&#8230;&#8230;..149<br \/>\n64. Himno a Jes\u00fas Sacramentado&#8230;&#8230;&#8230;&#8230;&#8230;&#8230;&#8230;..150<br \/>\n65. Mi Dios y mi Todo&#8230;&#8230;&#8230;&#8230;&#8230;&#8230;&#8230;&#8230;&#8230;&#8230;&#8230;&#8230;&#8230;152<br \/>\n66. \u00a1Qu\u00e9 Bien se est\u00e1 Contigo, Se\u00f1or!&#8230;&#8230;&#8230;&#8230;&#8230;..153<br \/>\n67. Oraci\u00f3n al Sant\u00edsimo Sacramento&#8230;&#8230;&#8230;&#8230;&#8230;.156<br \/>\n68. Plegaria Eucar\u00edstica&#8230;&#8230;&#8230;&#8230;&#8230;&#8230;&#8230;&#8230;&#8230;&#8230;&#8230;&#8230;..158<br \/>\n69. Oraci\u00f3n Eucar\u00edstica&#8230;&#8230;&#8230;&#8230;&#8230;&#8230;&#8230;&#8230;&#8230;&#8230;&#8230;&#8230;..160<br \/>\n70. Presencia Real&#8230;&#8230;&#8230;&#8230;&#8230;&#8230;&#8230;&#8230;&#8230;&#8230;&#8230;&#8230;&#8230;&#8230;&#8230;.164<br \/>\n71. Oraci\u00f3n del \u00c1ngel en F\u00e1tima&#8230;&#8230;&#8230;&#8230;&#8230;&#8230;&#8230;&#8230;165<\/p>\n<p>ORACIONES DIARIAS&#8230;&#8230;&#8230;&#8230;&#8230;&#8230;&#8230;&#8230;&#8230;&#8230;&#8230;166<br \/>\n72. Oraci\u00f3n de la Ma\u00f1ana&#8230;&#8230;&#8230;&#8230;&#8230;&#8230;&#8230;&#8230;&#8230;&#8230;&#8230;..166<br \/>\n73. Ofrecimiento del D\u00eda&#8230;&#8230;&#8230;&#8230;&#8230;&#8230;&#8230;&#8230;&#8230;&#8230;&#8230;&#8230;167<br \/>\n74. Ofrecimiento de Obras&#8230;&#8230;&#8230;&#8230;&#8230;&#8230;&#8230;&#8230;&#8230;&#8230;&#8230;167<br \/>\n75. Oraci\u00f3n a Nuestra Se\u00f1ora&#8230;&#8230;&#8230;&#8230;&#8230;&#8230;&#8230;&#8230;&#8230;..168<br \/>\n76. Oraci\u00f3n de la Tarde&#8230;&#8230;&#8230;&#8230;&#8230;&#8230;&#8230;&#8230;&#8230;&#8230;&#8230;&#8230;..168<br \/>\n77. Oraci\u00f3n de la Noche&#8230;&#8230;&#8230;&#8230;&#8230;&#8230;&#8230;&#8230;&#8230;&#8230;&#8230;&#8230;.168<br \/>\n78. Examen de Conciencia&#8230;&#8230;&#8230;&#8230;&#8230;&#8230;&#8230;&#8230;&#8230;&#8230;&#8230;169<\/p>\n<p>ORACIONES VARIAS&#8230;&#8230;&#8230;&#8230;&#8230;&#8230;&#8230;&#8230;&#8230;&#8230;&#8230;..171<br \/>\n79. Oraci\u00f3n para ofrecer sacrificios&#8230;&#8230;&#8230;&#8230;&#8230;&#8230;..171<br \/>\n80. Oraci\u00f3n del Enfermo&#8230;&#8230;&#8230;&#8230;&#8230;&#8230;&#8230;&#8230;&#8230;&#8230;&#8230;&#8230;171<br \/>\n81. Instrumento de tu Paz&#8230;&#8230;&#8230;&#8230;&#8230;&#8230;&#8230;&#8230;&#8230;&#8230;&#8230;.172<br \/>\n82. Para el estudio&#8230;&#8230;&#8230;&#8230;&#8230;&#8230;&#8230;&#8230;&#8230;&#8230;&#8230;&#8230;&#8230;&#8230;..173<br \/>\n83. Oraci\u00f3n de los novios&#8230;&#8230;&#8230;&#8230;&#8230;&#8230;&#8230;&#8230;&#8230;&#8230;&#8230;173<br \/>\n84. Oraci\u00f3n de los Esposos&#8230;&#8230;&#8230;&#8230;&#8230;&#8230;&#8230;&#8230;&#8230;&#8230;174<br \/>\n85. Oraci\u00f3n de los Esposos que esperan un hijo&#8230;&#8230;&#8230;&#8230;&#8230;&#8230;&#8230;&#8230;&#8230;&#8230;&#8230;&#8230;175<br \/>\n86. Alma de Cristo&#8230;&#8230;&#8230;&#8230;&#8230;&#8230;&#8230;&#8230;&#8230;&#8230;&#8230;&#8230;&#8230;&#8230;.176<br \/>\n87. Acci\u00f3n de Gracias despu\u00e9s de la Eucarist\u00eda&#8230;&#8230;&#8230;&#8230;&#8230;&#8230;&#8230;&#8230;&#8230;&#8230;&#8230;&#8230;&#8230;&#8230;.176<br \/>\n88. Letan\u00edas de la Humildad&#8230;&#8230;&#8230;&#8230;&#8230;&#8230;&#8230;&#8230;&#8230;.178<br \/>\n89. V\u00eda Crucis&#8230;&#8230;&#8230;&#8230;&#8230;&#8230;&#8230;&#8230;&#8230;&#8230;&#8230;&#8230;&#8230;&#8230;&#8230;&#8230;..179<br \/>\n90. Padre me pongo en Tus Manos&#8230;&#8230;&#8230;&#8230;&#8230;&#8230;182<br \/>\n91. El Rosario de la Divina Misericordia&#8230;&#8230;&#8230;183<br \/>\n92. Letan\u00edas a los Santos&#8230;&#8230;&#8230;&#8230;&#8230;&#8230;&#8230;&#8230;&#8230;&#8230;&#8230;.187<\/p>\n<p>ORACIONES EN LAT\u00cdN&#8230;&#8230;&#8230;&#8230;&#8230;&#8230;&#8230;&#8230;&#8230;&#8230;.197<br \/>\n93. Benditione&#8230;&#8230;&#8230;&#8230;&#8230;&#8230;&#8230;&#8230;&#8230;&#8230;&#8230;&#8230;&#8230;&#8230;&#8230;&#8230;..197<br \/>\n94. Per Signum Crucis&#8230;&#8230;&#8230;&#8230;&#8230;&#8230;&#8230;&#8230;&#8230;&#8230;&#8230;&#8230;.197<br \/>\n95. Pater Noster&#8230;&#8230;&#8230;&#8230;&#8230;&#8230;&#8230;&#8230;&#8230;&#8230;&#8230;&#8230;&#8230;&#8230;&#8230;..197<br \/>\n96. Ave Mar\u00eda&#8230;&#8230;&#8230;&#8230;&#8230;&#8230;&#8230;&#8230;&#8230;&#8230;&#8230;&#8230;&#8230;&#8230;&#8230;&#8230;&#8230;197<br \/>\n97. Gloria&#8230;&#8230;&#8230;&#8230;&#8230;&#8230;&#8230;&#8230;&#8230;&#8230;&#8230;&#8230;&#8230;&#8230;&#8230;&#8230;&#8230;&#8230;&#8230;198<br \/>\n98. \u00c1ngelus&#8230;&#8230;&#8230;&#8230;&#8230;&#8230;&#8230;&#8230;&#8230;&#8230;&#8230;&#8230;&#8230;&#8230;&#8230;&#8230;&#8230;&#8230;.198<br \/>\n99. Regina Coeli&#8230;&#8230;&#8230;&#8230;&#8230;&#8230;&#8230;&#8230;&#8230;&#8230;&#8230;&#8230;&#8230;&#8230;&#8230;..199<br \/>\n100. Credo&#8230;&#8230;&#8230;&#8230;&#8230;&#8230;&#8230;&#8230;&#8230;&#8230;&#8230;&#8230;&#8230;&#8230;&#8230;&#8230;&#8230;&#8230;&#8230;.200<br \/>\n101. Ecce Crucem Domini&#8230;&#8230;&#8230;&#8230;&#8230;&#8230;&#8230;&#8230;&#8230;&#8230;&#8230;201<br \/>\n102. Magn\u00edficat&#8230;&#8230;&#8230;&#8230;&#8230;&#8230;&#8230;&#8230;&#8230;&#8230;&#8230;&#8230;&#8230;&#8230;&#8230;&#8230;..201<br \/>\n103. Salve Regina&#8230;&#8230;&#8230;&#8230;&#8230;&#8230;&#8230;&#8230;&#8230;&#8230;&#8230;&#8230;&#8230;&#8230;&#8230;..202<br \/>\n104. Tantum Ergo&#8230;&#8230;&#8230;&#8230;&#8230;&#8230;&#8230;&#8230;&#8230;&#8230;&#8230;&#8230;&#8230;&#8230;&#8230;..203<\/p>\n<p>105. C\u00d3MO CONFESARSE BIEN&#8230;&#8230;&#8230;&#8230;&#8230;.205<\/p>\n","protected":false},"excerpt":{"rendered":"<p>La Oraci\u00f3n es al Alma, como el aire es al cuerpo. \u201cLa oraci\u00f3n es hablar con quien sabemos nos ama&#8230; En la oraci\u00f3n es el Amor el que habla\u201d dice Santa Teresa. Y es que es imposible una vida cristiana sin oraci\u00f3n. San Alfonso Mar\u00eda Ligorio repet\u00eda constantemente: \u201cQuien ora se salva ciertamente, quien no ora se condena ciertamente\u201d (CIC 2744).<\/p>\n","protected":false},"featured_media":675,"comment_status":"open","ping_status":"closed","template":"","meta":[],"product_brand":[],"product_cat":[18],"product_tag":[],"class_list":{"0":"post-91","1":"product","2":"type-product","3":"status-publish","4":"has-post-thumbnail","6":"product_cat-libros-virtuales-pdf","8":"first","9":"instock","10":"downloadable","11":"virtual","12":"purchasable","13":"product-type-simple"},"_links":{"self":[{"href":"https:\/\/cursoslazostv.com\/index.php\/wp-json\/wp\/v2\/product\/91","targetHints":{"allow":["GET"]}}],"collection":[{"href":"https:\/\/cursoslazostv.com\/index.php\/wp-json\/wp\/v2\/product"}],"about":[{"href":"https:\/\/cursoslazostv.com\/index.php\/wp-json\/wp\/v2\/types\/product"}],"replies":[{"embeddable":true,"href":"https:\/\/cursoslazostv.com\/index.php\/wp-json\/wp\/v2\/comments?post=91"}],"wp:featuredmedia":[{"embeddable":true,"href":"https:\/\/cursoslazostv.com\/index.php\/wp-json\/wp\/v2\/media\/675"}],"wp:attachment":[{"href":"https:\/\/cursoslazostv.com\/index.php\/wp-json\/wp\/v2\/media?parent=91"}],"wp:term":[{"taxonomy":"product_brand","embeddable":true,"href":"https:\/\/cursoslazostv.com\/index.php\/wp-json\/wp\/v2\/product_brand?post=91"},{"taxonomy":"product_cat","embeddable":true,"href":"https:\/\/cursoslazostv.com\/index.php\/wp-json\/wp\/v2\/product_cat?post=91"},{"taxonomy":"product_tag","embeddable":true,"href":"https:\/\/cursoslazostv.com\/index.php\/wp-json\/wp\/v2\/product_tag?post=91"}],"curies":[{"name":"wp","href":"https:\/\/api.w.org\/{rel}","templated":true}]}}